{"id":72155,"date":"2021-01-05T11:00:28","date_gmt":"2021-01-05T11:00:28","guid":{"rendered":"https:\/\/www.laserboost.com\/rechtlicher-hinweis\/"},"modified":"2025-06-20T10:13:12","modified_gmt":"2025-06-20T10:13:12","slug":"rechtlicher-hinweis","status":"publish","type":"page","link":"https:\/\/www.laserboost.com\/de\/rechtlicher-hinweis\/","title":{"rendered":"Rechtlicher Hinweis"},"content":{"rendered":"\t\t<div data-elementor-type=\"wp-page\" data-elementor-id=\"72155\" class=\"elementor elementor-72155 elementor-1286\" data-elementor-post-type=\"page\">\n\t\t\t\t\t\t<main class=\"elementor-section elementor-top-section elementor-element elementor-element-b323231 elementor-section-boxed elementor-section-height-default elementor-section-height-default\" data-id=\"b323231\" data-element_type=\"section\" data-e-type=\"section\" data-settings=\"{&quot;background_background&quot;:&quot;classic&quot;}\">\n\t\t\t\t\t\t<div class=\"elementor-container elementor-column-gap-default\">\n\t\t\t\t\t<div class=\"elementor-column elementor-col-100 elementor-top-column elementor-element elementor-element-c3534fd\" data-id=\"c3534fd\" data-element_type=\"column\" data-e-type=\"column\">\n\t\t\t<div class=\"elementor-widget-wrap elementor-element-populated\">\n\t\t\t\t\t\t<section class=\"elementor-section elementor-inner-section elementor-element elementor-element-f6ac370 elementor-section-boxed elementor-section-height-default elementor-section-height-default\" data-id=\"f6ac370\" data-element_type=\"section\" data-e-type=\"section\">\n\t\t\t\t\t\t<div class=\"elementor-container elementor-column-gap-default\">\n\t\t\t\t\t<div class=\"elementor-column elementor-col-100 elementor-inner-column elementor-element elementor-element-c6b473b\" data-id=\"c6b473b\" data-element_type=\"column\" data-e-type=\"column\">\n\t\t\t<div class=\"elementor-widget-wrap elementor-element-populated\">\n\t\t\t\t\t\t<div class=\"elementor-element elementor-element-317c388 elementor-widget elementor-widget-heading\" data-id=\"317c388\" data-element_type=\"widget\" data-e-type=\"widget\" data-widget_type=\"heading.default\">\n\t\t\t\t<div class=\"elementor-widget-container\">\n\t\t\t\t\t<h1 class=\"elementor-heading-title elementor-size-default\">Rechtlicher Hinweis<\/h1>\t\t\t\t<\/div>\n\t\t\t\t<\/div>\n\t\t\t\t<div class=\"elementor-element elementor-element-3a83063 elementor-widget elementor-widget-text-editor\" data-id=\"3a83063\" data-element_type=\"widget\" data-e-type=\"widget\" data-widget_type=\"text-editor.default\">\n\t\t\t\t<div class=\"elementor-widget-container\">\n\t\t\t\t\t\t\t\t\t<p>Vollst\u00e4ndige Transparenz. Absolute Ehrlichkeit. Die Karten auf den Tisch legen.<\/p>\n\t\t\t\t\t\t\t\t<\/div>\n\t\t\t\t<\/div>\n\t\t\t\t\t<\/div>\n\t\t<\/div>\n\t\t\t\t\t<\/div>\n\t\t<\/section>\n\t\t\t\t\t<\/div>\n\t\t<\/div>\n\t\t\t\t\t<\/div>\n\t\t<\/main>\n\t\t\t\t<section class=\"elementor-section elementor-top-section elementor-element elementor-element-2c8ae12 elementor-reverse-tablet elementor-reverse-mobile elementor-section-boxed elementor-section-height-default elementor-section-height-default\" data-id=\"2c8ae12\" data-element_type=\"section\" data-e-type=\"section\">\n\t\t\t\t\t\t<div class=\"elementor-container elementor-column-gap-default\">\n\t\t\t\t\t<div class=\"elementor-column elementor-col-100 elementor-top-column elementor-element elementor-element-d2b756c\" data-id=\"d2b756c\" data-element_type=\"column\" data-e-type=\"column\">\n\t\t\t<div class=\"elementor-widget-wrap elementor-element-populated\">\n\t\t\t\t\t\t<section class=\"elementor-section elementor-inner-section elementor-element elementor-element-eefc222 elementor-section-boxed elementor-section-height-default elementor-section-height-default\" data-id=\"eefc222\" data-element_type=\"section\" data-e-type=\"section\">\n\t\t\t\t\t\t<div class=\"elementor-container elementor-column-gap-default\">\n\t\t\t\t\t<div class=\"elementor-column elementor-col-100 elementor-inner-column elementor-element elementor-element-70ecba9\" data-id=\"70ecba9\" data-element_type=\"column\" data-e-type=\"column\">\n\t\t\t<div class=\"elementor-widget-wrap elementor-element-populated\">\n\t\t\t\t\t\t<div class=\"elementor-element elementor-element-33afd15 elementor-widget elementor-widget-heading\" data-id=\"33afd15\" data-element_type=\"widget\" data-e-type=\"widget\" data-widget_type=\"heading.default\">\n\t\t\t\t<div class=\"elementor-widget-container\">\n\t\t\t\t\t<h2 class=\"elementor-heading-title elementor-size-default\">1. ALLGEMEINE DATEN<\/h2>\t\t\t\t<\/div>\n\t\t\t\t<\/div>\n\t\t\t\t<div class=\"elementor-element elementor-element-c64bbd0 elementor-widget elementor-widget-text-editor\" data-id=\"c64bbd0\" data-element_type=\"widget\" data-e-type=\"widget\" data-widget_type=\"text-editor.default\">\n\t\t\t\t<div class=\"elementor-widget-container\">\n\t\t\t\t\t\t\t\t\t<p>Gem\u00e4\u00df Artikel 10 des Gesetzes 34\/2002 vom 11. Juli \u00fcber Dienste der Informationsgesellschaft und elektronischen Handel stellen wir Ihnen die folgenden Daten zur Verf\u00fcgung:<\/p>\n\t\t\t\t\t\t\t\t<\/div>\n\t\t\t\t<\/div>\n\t\t\t\t<div class=\"elementor-element elementor-element-5b995c8 elementor-widget elementor-widget-image\" data-id=\"5b995c8\" data-element_type=\"widget\" data-e-type=\"widget\" data-widget_type=\"image.default\">\n\t\t\t\t<div class=\"elementor-widget-container\">\n\t\t\t\t\t\t\t\t\t\t\t\t\t\t\t<img fetchpriority=\"high\" decoding=\"async\" width=\"1370\" height=\"260\" src=\"https:\/\/www.laserboost.com\/wp-content\/uploads\/2021\/04\/unnamed-file.png\" class=\"attachment-full size-full wp-image-7273\" alt=\"Empresa de corte l\u00e1ser de metal\" srcset=\"https:\/\/www.laserboost.com\/wp-content\/uploads\/2021\/04\/unnamed-file.png 1370w, https:\/\/www.laserboost.com\/wp-content\/uploads\/2021\/04\/unnamed-file-300x57.png 300w, https:\/\/www.laserboost.com\/wp-content\/uploads\/2021\/04\/unnamed-file-1024x194.png 1024w, https:\/\/www.laserboost.com\/wp-content\/uploads\/2021\/04\/unnamed-file-768x146.png 768w\" sizes=\"(max-width: 1370px) 100vw, 1370px\" title=\"\">\t\t\t\t\t\t\t\t\t\t\t\t\t\t\t<\/div>\n\t\t\t\t<\/div>\n\t\t\t\t<div class=\"elementor-element elementor-element-2b0cea8 elementor-widget elementor-widget-text-editor\" data-id=\"2b0cea8\" data-element_type=\"widget\" data-e-type=\"widget\" data-widget_type=\"text-editor.default\">\n\t\t\t\t<div class=\"elementor-widget-container\">\n\t\t\t\t\t\t\t\t\t<p>Das Hauptziel von www.LaserBoost.com, einem Unternehmen f\u00fcr Metall-Laserschneiden, ist es, Kunden und der \u00d6ffentlichkeit Informationen \u00fcber das Unternehmen und die angebotenen Dienstleistungen zur Verf\u00fcgung zu stellen.<\/p>\n\t\t\t\t\t\t\t\t<\/div>\n\t\t\t\t<\/div>\n\t\t\t\t\t<\/div>\n\t\t<\/div>\n\t\t\t\t\t<\/div>\n\t\t<\/section>\n\t\t\t\t<section class=\"elementor-section elementor-inner-section elementor-element elementor-element-fbb0b41 elementor-section-boxed elementor-section-height-default elementor-section-height-default\" data-id=\"fbb0b41\" data-element_type=\"section\" data-e-type=\"section\">\n\t\t\t\t\t\t<div class=\"elementor-container elementor-column-gap-default\">\n\t\t\t\t\t<div class=\"elementor-column elementor-col-100 elementor-inner-column elementor-element elementor-element-d8ab61c\" data-id=\"d8ab61c\" data-element_type=\"column\" data-e-type=\"column\">\n\t\t\t<div class=\"elementor-widget-wrap elementor-element-populated\">\n\t\t\t\t\t\t<div class=\"elementor-element elementor-element-f9e9e7b elementor-widget elementor-widget-heading\" data-id=\"f9e9e7b\" data-element_type=\"widget\" data-e-type=\"widget\" data-widget_type=\"heading.default\">\n\t\t\t\t<div class=\"elementor-widget-container\">\n\t\t\t\t\t<h2 class=\"elementor-heading-title elementor-size-default\">2. DATENSCHUTZRICHTLINIE<\/h2>\t\t\t\t<\/div>\n\t\t\t\t<\/div>\n\t\t\t\t<div class=\"elementor-element elementor-element-c73f07c elementor-widget elementor-widget-text-editor\" data-id=\"c73f07c\" data-element_type=\"widget\" data-e-type=\"widget\" data-widget_type=\"text-editor.default\">\n\t\t\t\t<div class=\"elementor-widget-container\">\n\t\t\t\t\t\t\t\t\t<p>In \u00dcbereinstimmung mit dem Organischen Gesetz 15\/1999 vom 13. Dezember zum Schutz personenbezogener Daten (LOPD) wird der Benutzer dar\u00fcber informiert, dass alle bereitgestellten Daten in eine Datei aufgenommen werden, die von LaserBoost\u2122 erstellt und verwaltet wird.<\/p>\n<p>Ihre pers\u00f6nlichen Daten werden stets vertraulich behandelt und nur zum Zweck der Verwaltung der angebotenen Dienstleistungen, der Bearbeitung Ihrer Anfragen, der Durchf\u00fchrung administrativer Aufgaben sowie zum Versenden von technischen, kommerziellen oder Werbeinformationen auf herk\u00f6mmlichem oder elektronischem Weg verwendet.<\/p>\n<p>Um Ihre Rechte auf Widerspruch, Berichtigung oder L\u00f6schung auszu\u00fcben, m\u00fcssen Sie sich an den Firmensitz in der Calle Vilatorrada 3-5, Manresa 08272, Barcelona wenden oder eine E-Mail an folgende Adresse schreiben: info@laserboost.com.<\/p>\n\t\t\t\t\t\t\t\t<\/div>\n\t\t\t\t<\/div>\n\t\t\t\t\t<\/div>\n\t\t<\/div>\n\t\t\t\t\t<\/div>\n\t\t<\/section>\n\t\t\t\t<section class=\"elementor-section elementor-inner-section elementor-element elementor-element-dc7da5c elementor-section-boxed elementor-section-height-default elementor-section-height-default\" data-id=\"dc7da5c\" data-element_type=\"section\" data-e-type=\"section\">\n\t\t\t\t\t\t<div class=\"elementor-container elementor-column-gap-default\">\n\t\t\t\t\t<div class=\"elementor-column elementor-col-100 elementor-inner-column elementor-element elementor-element-9178f71\" data-id=\"9178f71\" data-element_type=\"column\" data-e-type=\"column\">\n\t\t\t<div class=\"elementor-widget-wrap elementor-element-populated\">\n\t\t\t\t\t\t<div class=\"elementor-element elementor-element-c9d5750 elementor-widget elementor-widget-heading\" data-id=\"c9d5750\" data-element_type=\"widget\" data-e-type=\"widget\" data-widget_type=\"heading.default\">\n\t\t\t\t<div class=\"elementor-widget-container\">\n\t\t\t\t\t<h2 class=\"elementor-heading-title elementor-size-default\">3. NUTZUNGSBEDINGUNGEN<\/h2>\t\t\t\t<\/div>\n\t\t\t\t<\/div>\n\t\t\t\t<div class=\"elementor-element elementor-element-e0ad477 elementor-widget elementor-widget-text-editor\" data-id=\"e0ad477\" data-element_type=\"widget\" data-e-type=\"widget\" data-widget_type=\"text-editor.default\">\n\t\t\t\t<div class=\"elementor-widget-container\">\n\t\t\t\t\t\t\t\t\t<p>Die Zugangs- und Nutzungsbedingungen dieser Website unterliegen der geltenden Gesetzgebung und dem Grundsatz von Treu und Glauben, wobei sich der Benutzer verpflichtet, die Website ordnungsgem\u00e4\u00df zu nutzen. Verhaltensweisen, die gegen das Gesetz, die Rechte oder die Interessen Dritter versto\u00dfen, sind nicht gestattet.<\/p>\n<p>Als Benutzer der Website www.LaserBoost.com erkennen Sie an, dass Sie diese Bedingungen gelesen und akzeptiert haben und dass die geltenden gesetzlichen Bestimmungen in dieser Angelegenheit erweitert werden. Wenn Sie aus irgendeinem Grund nicht mit diesen Bedingungen einverstanden sind, setzen Sie die Nutzung dieser Website nicht fort.<\/p>\n<p>Jede Art von Benachrichtigung und\/oder Reklamation ist nur g\u00fcltig, wenn sie schriftlich und\/oder per Einschreiben erfolgt.<\/p>\n\t\t\t\t\t\t\t\t<\/div>\n\t\t\t\t<\/div>\n\t\t\t\t\t<\/div>\n\t\t<\/div>\n\t\t\t\t\t<\/div>\n\t\t<\/section>\n\t\t\t\t<section class=\"elementor-section elementor-inner-section elementor-element elementor-element-a803990 elementor-section-boxed elementor-section-height-default elementor-section-height-default\" data-id=\"a803990\" data-element_type=\"section\" data-e-type=\"section\">\n\t\t\t\t\t\t<div class=\"elementor-container elementor-column-gap-default\">\n\t\t\t\t\t<div class=\"elementor-column elementor-col-100 elementor-inner-column elementor-element elementor-element-55215c3\" data-id=\"55215c3\" data-element_type=\"column\" data-e-type=\"column\">\n\t\t\t<div class=\"elementor-widget-wrap elementor-element-populated\">\n\t\t\t\t\t\t<div class=\"elementor-element elementor-element-ba27a68 elementor-widget elementor-widget-heading\" data-id=\"ba27a68\" data-element_type=\"widget\" data-e-type=\"widget\" data-widget_type=\"heading.default\">\n\t\t\t\t<div class=\"elementor-widget-container\">\n\t\t\t\t\t<h2 class=\"elementor-heading-title elementor-size-default\">4. VERANTWORTLICHKEITEN<\/h2>\t\t\t\t<\/div>\n\t\t\t\t<\/div>\n\t\t\t\t<div class=\"elementor-element elementor-element-937884f elementor-widget elementor-widget-text-editor\" data-id=\"937884f\" data-element_type=\"widget\" data-e-type=\"widget\" data-widget_type=\"text-editor.default\">\n\t\t\t\t<div class=\"elementor-widget-container\">\n\t\t\t\t\t\t\t\t\t<p>LaserBoost\u2122 \u00fcbernimmt keine Verantwortung f\u00fcr Informationen und Inhalte, die in Foren, sozialen Netzwerken oder anderen Medien gespeichert sind, die es Dritten erm\u00f6glichen, Inhalte unabh\u00e4ngig auf der Website des Anbieters zu ver\u00f6ffentlichen.<\/p>\n<p>Jedoch, unter Ber\u00fccksichtigung der Artikel 11 und 16 des LSSI-CE verpflichtet sich LaserBoost\u2122 zur Entfernung oder gegebenenfalls zur Sperrung von Inhalten, die nationale oder internationale Gesetze verletzen k\u00f6nnten, die Rechte Dritter oder die Moral und die \u00f6ffentliche Ordnung.<\/p>\n<p>Das Unternehmen \u00fcbernimmt auch keine Verantwortung f\u00fcr Sch\u00e4den, die durch Softwarefehler oder falsche Konfigurationen auf dem Computer des Internetnutzers entstehen. Alle Verantwortung f\u00fcr technische St\u00f6rungen oder Ausf\u00e4lle, die auftreten, wenn der Benutzer eine Internetverbindung herstellt, wird ausgeschlossen. Ebenso wird keine Garantie f\u00fcr die Nichtvorhandensein von Unterbrechungen oder Fehlern beim Zugriff auf die Website \u00fcbernommen.<\/p>\n<p>Ebenso beh\u00e4lt sich LaserBoost\u2122 das Recht vor, die Informationen auf seiner Website sowie deren Konfiguration oder Darstellung jederzeit zu aktualisieren, zu \u00e4ndern oder zu l\u00f6schen, ohne daf\u00fcr eine Verantwortung zu \u00fcbernehmen.<\/p>\n\t\t\t\t\t\t\t\t<\/div>\n\t\t\t\t<\/div>\n\t\t\t\t\t<\/div>\n\t\t<\/div>\n\t\t\t\t\t<\/div>\n\t\t<\/section>\n\t\t\t\t<section class=\"elementor-section elementor-inner-section elementor-element elementor-element-c78f4dd elementor-section-boxed elementor-section-height-default elementor-section-height-default\" data-id=\"c78f4dd\" data-element_type=\"section\" data-e-type=\"section\">\n\t\t\t\t\t\t<div class=\"elementor-container elementor-column-gap-default\">\n\t\t\t\t\t<div class=\"elementor-column elementor-col-100 elementor-inner-column elementor-element elementor-element-b74063c\" data-id=\"b74063c\" data-element_type=\"column\" data-e-type=\"column\">\n\t\t\t<div class=\"elementor-widget-wrap elementor-element-populated\">\n\t\t\t\t\t\t<div class=\"elementor-element elementor-element-b272758 elementor-widget elementor-widget-heading\" data-id=\"b272758\" data-element_type=\"widget\" data-e-type=\"widget\" data-widget_type=\"heading.default\">\n\t\t\t\t<div class=\"elementor-widget-container\">\n\t\t\t\t\t<h2 class=\"elementor-heading-title elementor-size-default\">5. GEISTIGES UND INDUSTRIELLES EIGENTUM<\/h2>\t\t\t\t<\/div>\n\t\t\t\t<\/div>\n\t\t\t\t<div class=\"elementor-element elementor-element-6827c4d elementor-widget elementor-widget-text-editor\" data-id=\"6827c4d\" data-element_type=\"widget\" data-e-type=\"widget\" data-widget_type=\"text-editor.default\">\n\t\t\t\t<div class=\"elementor-widget-container\">\n\t\t\t\t\t\t\t\t\t<p>Kein auf dieser Website ver\u00f6ffentlichtes Material darf ohne schriftliche Zustimmung von LaserBoost\u2122 reproduziert, kopiert oder ver\u00f6ffentlicht werden.<\/p>\n<p>Alle auf der Website erhaltenen Informationen, wie Kommentare, Vorschl\u00e4ge oder Ideen, gelten als kostenlos an LaserBoost\u2122 \u00fcbertragen. Es sollte keine Information gesendet werden, die nicht auf diese Weise behandelt werden kann.<\/p>\n<p>Alle Produkte und Dienstleistungen auf diesen Seiten, die NICHT im Besitz von LaserBoost\u2122 sind, sind Marken ihrer jeweiligen Eigent\u00fcmer und werden von unserem Unternehmen als solche anerkannt. Sie erscheinen nur auf der Website von LaserBoost\u2122 zu Werbezwecken und zur Informationssammlung. Diese Eigent\u00fcmer k\u00f6nnen die \u00c4nderung oder L\u00f6schung der sie betreffenden Informationen beantragen.<\/p>\n<p>F\u00fcr detailliertere Informationen \u00fcber Ihre Rechte, Pflichten, Verantwortlichkeiten, Einschr\u00e4nkungen und Ausschl\u00fcsse als Benutzer und Kunde, besuchen Sie bitte unseren Abschnitt \u00fcber die Nutzungsbedingungen und Kaufbedingungen, indem Sie hier klicken.<\/p>\n\t\t\t\t\t\t\t\t<\/div>\n\t\t\t\t<\/div>\n\t\t\t\t\t<\/div>\n\t\t<\/div>\n\t\t\t\t\t<\/div>\n\t\t<\/section>\n\t\t\t\t<section class=\"elementor-section elementor-inner-section elementor-element elementor-element-aadb4ce elementor-section-boxed elementor-section-height-default elementor-section-height-default\" data-id=\"aadb4ce\" data-element_type=\"section\" data-e-type=\"section\">\n\t\t\t\t\t\t<div class=\"elementor-container elementor-column-gap-default\">\n\t\t\t\t\t<div class=\"elementor-column elementor-col-100 elementor-inner-column elementor-element elementor-element-140a5ba\" data-id=\"140a5ba\" data-element_type=\"column\" data-e-type=\"column\">\n\t\t\t<div class=\"elementor-widget-wrap elementor-element-populated\">\n\t\t\t\t\t\t<div class=\"elementor-element elementor-element-1825a94 elementor-widget elementor-widget-heading\" data-id=\"1825a94\" data-element_type=\"widget\" data-e-type=\"widget\" data-widget_type=\"heading.default\">\n\t\t\t\t<div class=\"elementor-widget-container\">\n\t\t\t\t\t<h2 class=\"elementor-heading-title elementor-size-default\">6. ANWENDBARES RECHT UND GERICHTSSTAND<\/h2>\t\t\t\t<\/div>\n\t\t\t\t<\/div>\n\t\t\t\t<div class=\"elementor-element elementor-element-09af6e0 elementor-widget elementor-widget-text-editor\" data-id=\"09af6e0\" data-element_type=\"widget\" data-e-type=\"widget\" data-widget_type=\"text-editor.default\">\n\t\t\t\t<div class=\"elementor-widget-container\">\n\t\t\t\t\t\t\t\t\t<p>Diese allgemeinen Gesch\u00e4ftsbedingungen unterliegen dem spanischen Recht. F\u00fcr alle Streitigkeiten, die im Zusammenhang mit der Website oder den darauf durchgef\u00fchrten Aktivit\u00e4ten entstehen k\u00f6nnten, sind die Gerichte von Barcelona oder Manresa zust\u00e4ndig. Der Benutzer verzichtet ausdr\u00fccklich auf jede andere Gerichtsbarkeit, die ihm zustehen k\u00f6nnte.<\/p>\n\t\t\t\t\t\t\t\t<\/div>\n\t\t\t\t<\/div>\n\t\t\t\t\t<\/div>\n\t\t<\/div>\n\t\t\t\t\t<\/div>\n\t\t<\/section>\n\t\t\t\t<section class=\"elementor-section elementor-inner-section elementor-element elementor-element-c671f9a elementor-section-boxed elementor-section-height-default elementor-section-height-default\" data-id=\"c671f9a\" data-element_type=\"section\" data-e-type=\"section\">\n\t\t\t\t\t\t<div class=\"elementor-container elementor-column-gap-default\">\n\t\t\t\t\t<div class=\"elementor-column elementor-col-100 elementor-inner-column elementor-element elementor-element-40397d1\" data-id=\"40397d1\" data-element_type=\"column\" data-e-type=\"column\">\n\t\t\t<div class=\"elementor-widget-wrap elementor-element-populated\">\n\t\t\t\t\t\t<div class=\"elementor-element elementor-element-bae4727 elementor-widget elementor-widget-heading\" data-id=\"bae4727\" data-element_type=\"widget\" data-e-type=\"widget\" data-widget_type=\"heading.default\">\n\t\t\t\t<div class=\"elementor-widget-container\">\n\t\t\t\t\t<h2 class=\"elementor-heading-title elementor-size-default\">7. COOKIE-RICHTLINIE<\/h2>\t\t\t\t<\/div>\n\t\t\t\t<\/div>\n\t\t\t\t<div class=\"elementor-element elementor-element-50a4cd5 elementor-widget elementor-widget-text-editor\" data-id=\"50a4cd5\" data-element_type=\"widget\" data-e-type=\"widget\" data-widget_type=\"text-editor.default\">\n\t\t\t\t<div class=\"elementor-widget-container\">\n\t\t\t\t\t\t\t\t\t<p>LaserBoost\u2122 kann auf eigene Verantwortung Cookies verwenden, wenn der Benutzer die Website durchsucht. F\u00fcr weitere Informationen zu unserer Cookie-Richtlinie besuchen Sie bitte unseren spezifischen Abschnitt zur Behandlung von Cookies auf unserer Website, indem Sie hier klicken.<\/p>\n\t\t\t\t\t\t\t\t<\/div>\n\t\t\t\t<\/div>\n\t\t\t\t\t<\/div>\n\t\t<\/div>\n\t\t\t\t\t<\/div>\n\t\t<\/section>\n\t\t\t\t<section class=\"elementor-section elementor-inner-section elementor-element elementor-element-58504a3 elementor-section-boxed elementor-section-height-default elementor-section-height-default\" data-id=\"58504a3\" data-element_type=\"section\" data-e-type=\"section\">\n\t\t\t\t\t\t<div class=\"elementor-container elementor-column-gap-default\">\n\t\t\t\t\t<div class=\"elementor-column elementor-col-100 elementor-inner-column elementor-element elementor-element-360b86c\" data-id=\"360b86c\" data-element_type=\"column\" data-e-type=\"column\">\n\t\t\t<div class=\"elementor-widget-wrap elementor-element-populated\">\n\t\t\t\t\t\t<div class=\"elementor-element elementor-element-bb9ceda elementor-widget elementor-widget-heading\" data-id=\"bb9ceda\" data-element_type=\"widget\" data-e-type=\"widget\" data-widget_type=\"heading.default\">\n\t\t\t\t<div class=\"elementor-widget-container\">\n\t\t\t\t\t<h2 class=\"elementor-heading-title elementor-size-default\">8. SPRACHE UND G\u00dcLTIGKEIT DER NUTZUNGSBEDINGUNGEN UND KAUFBEDINGUNGEN<\/h2>\t\t\t\t<\/div>\n\t\t\t\t<\/div>\n\t\t\t\t<div class=\"elementor-element elementor-element-95cb283 elementor-widget elementor-widget-text-editor\" data-id=\"95cb283\" data-element_type=\"widget\" data-e-type=\"widget\" data-widget_type=\"text-editor.default\">\n\t\t\t\t<div class=\"elementor-widget-container\">\n\t\t\t\t\t\t\t\t\t<p>Die spanische Version der Cookie-Richtlinie ist die rechtlich bindende Version im Falle von Inkonsistenzen zwischen der spanischen Version und einer \u00dcbersetzung in eine andere Sprache.<\/p>\n\t\t\t\t\t\t\t\t<\/div>\n\t\t\t\t<\/div>\n\t\t\t\t\t<\/div>\n\t\t<\/div>\n\t\t\t\t\t<\/div>\n\t\t<\/section>\n\t\t\t\t<section class=\"elementor-section elementor-inner-section elementor-element elementor-element-5854bcf elementor-section-boxed elementor-section-height-default elementor-section-height-default\" data-id=\"5854bcf\" data-element_type=\"section\" data-e-type=\"section\">\n\t\t\t\t\t\t<div class=\"elementor-container elementor-column-gap-default\">\n\t\t\t\t\t<div class=\"elementor-column elementor-col-100 elementor-inner-column elementor-element elementor-element-36fd11d\" data-id=\"36fd11d\" data-element_type=\"column\" data-e-type=\"column\">\n\t\t\t<div class=\"elementor-widget-wrap elementor-element-populated\">\n\t\t\t\t\t\t<div class=\"elementor-element elementor-element-baae030 elementor-widget elementor-widget-heading\" data-id=\"baae030\" data-element_type=\"widget\" data-e-type=\"widget\" data-widget_type=\"heading.default\">\n\t\t\t\t<div class=\"elementor-widget-container\">\n\t\t\t\t\t<h2 class=\"elementor-heading-title elementor-size-default\">9. G\u00dcLTIGKEITSBEGINN<\/h2>\t\t\t\t<\/div>\n\t\t\t\t<\/div>\n\t\t\t\t<div class=\"elementor-element elementor-element-cb397c8 elementor-widget elementor-widget-text-editor\" data-id=\"cb397c8\" data-element_type=\"widget\" data-e-type=\"widget\" data-widget_type=\"text-editor.default\">\n\t\t\t\t<div class=\"elementor-widget-container\">\n\t\t\t\t\t\t\t\t\t<p>El documento vinculante, Pol\u00edtica de cookies, ha sido revisado en la fecha indicada a continuaci\u00f3n, lo que deja obsoleta e inaplicable cualquier versi\u00f3n con fecha anterior.<\/p>\n\t\t\t\t\t\t\t\t<\/div>\n\t\t\t\t<\/div>\n\t\t\t\t\t<\/div>\n\t\t<\/div>\n\t\t\t\t\t<\/div>\n\t\t<\/section>\n\t\t\t\t<div class=\"elementor-element elementor-element-488ddf4 elementor-widget elementor-widget-text-editor\" data-id=\"488ddf4\" data-element_type=\"widget\" data-e-type=\"widget\" data-widget_type=\"text-editor.default\">\n\t\t\t\t<div class=\"elementor-widget-container\">\n\t\t\t\t\t\t\t\t\t<p><em>LaserBoost\u2122, rev. 10\/01\/2017.<\/em><\/p>\n<p><em>\u200bLaserBoost.com\u2122. Alle Rechte vorbehalten.<\/em><\/p>\n\t\t\t\t\t\t\t\t<\/div>\n\t\t\t\t<\/div>\n\t\t\t\t\t<\/div>\n\t\t<\/div>\n\t\t\t\t\t<\/div>\n\t\t<\/section>\n\t\t\t\t<\/div>\n\t\t","protected":false},"excerpt":{"rendered":"<p>Vollst\u00e4ndige Transparenz. Absolute Ehrlichkeit. Die Karten auf den Tisch legen. 1. ALLGEMEINE DATEN Gem\u00e4\u00df Artikel 10 des Gesetzes 34\/2002 vom 11. Juli \u00fcber Dienste der Informationsgesellschaft und elektronischen Handel stellen wir Ihnen die folgenden Daten zur Verf\u00fcgung: Das Hauptziel von www.LaserBoost.com, einem Unternehmen f\u00fcr Metall-Laserschneiden, ist es, Kunden und der \u00d6ffentlichkeit Informationen \u00fcber das Unternehmen [&hellip;]<\/p>\n","protected":false},"author":6,"featured_media":0,"parent":0,"menu_order":0,"comment_status":"closed","ping_status":"closed","template":"","meta":{"_acf_changed":false,"footnotes":""},"class_list":["post-72155","page","type-page","status-publish","hentry"],"acf":[],"_links":{"self":[{"href":"https:\/\/www.laserboost.com\/de\/wp-json\/wp\/v2\/pages\/72155","targetHints":{"allow":["GET"]}}],"collection":[{"href":"https:\/\/www.laserboost.com\/de\/wp-json\/wp\/v2\/pages"}],"about":[{"href":"https:\/\/www.laserboost.com\/de\/wp-json\/wp\/v2\/types\/page"}],"author":[{"embeddable":true,"href":"https:\/\/www.laserboost.com\/de\/wp-json\/wp\/v2\/users\/6"}],"replies":[{"embeddable":true,"href":"https:\/\/www.laserboost.com\/de\/wp-json\/wp\/v2\/comments?post=72155"}],"version-history":[{"count":0,"href":"https:\/\/www.laserboost.com\/de\/wp-json\/wp\/v2\/pages\/72155\/revisions"}],"wp:attachment":[{"href":"https:\/\/www.laserboost.com\/de\/wp-json\/wp\/v2\/media?parent=72155"}],"curies":[{"name":"wp","href":"https:\/\/api.w.org\/{rel}","templated":true}]}}