{"id":74435,"date":"2021-01-08T13:32:59","date_gmt":"2021-01-08T13:32:59","guid":{"rendered":"https:\/\/www.laserboost.com\/aequivalenzen\/"},"modified":"2025-06-20T09:52:19","modified_gmt":"2025-06-20T09:52:19","slug":"aequivalenzen","status":"publish","type":"page","link":"https:\/\/www.laserboost.com\/de\/aequivalenzen\/","title":{"rendered":"\u00c4quivalenzen"},"content":{"rendered":"\t\t<div data-elementor-type=\"wp-page\" data-elementor-id=\"74435\" class=\"elementor elementor-74435 elementor-1710\" data-elementor-post-type=\"page\">\n\t\t\t\t\t\t<main class=\"elementor-section elementor-top-section elementor-element elementor-element-2321bfab elementor-section-boxed elementor-section-height-default elementor-section-height-default\" data-id=\"2321bfab\" data-element_type=\"section\" data-e-type=\"section\" data-settings=\"{&quot;background_background&quot;:&quot;classic&quot;}\">\n\t\t\t\t\t\t<div class=\"elementor-container elementor-column-gap-default\">\n\t\t\t\t\t<div class=\"elementor-column elementor-col-100 elementor-top-column elementor-element elementor-element-50e1a3d4\" data-id=\"50e1a3d4\" data-element_type=\"column\" data-e-type=\"column\">\n\t\t\t<div class=\"elementor-widget-wrap elementor-element-populated\">\n\t\t\t\t\t\t<div class=\"elementor-element elementor-element-4d6b5780 elementor-widget elementor-widget-heading\" data-id=\"4d6b5780\" data-element_type=\"widget\" data-e-type=\"widget\" data-widget_type=\"heading.default\">\n\t\t\t\t<div class=\"elementor-widget-container\">\n\t\t\t\t\t<h1 class=\"elementor-heading-title elementor-size-default\">Material\u00e4quivalenz<\/h1>\t\t\t\t<\/div>\n\t\t\t\t<\/div>\n\t\t\t\t<div class=\"elementor-element elementor-element-7bb861df elementor-widget elementor-widget-heading\" data-id=\"7bb861df\" data-element_type=\"widget\" data-e-type=\"widget\" data-widget_type=\"heading.default\">\n\t\t\t\t<div class=\"elementor-widget-container\">\n\t\t\t\t\t<h2 class=\"elementor-heading-title elementor-size-default\">Tabelle der Material\u00e4quivalenzen zwischen territorialen Normen<\/h2>\t\t\t\t<\/div>\n\t\t\t\t<\/div>\n\t\t\t\t<div class=\"elementor-element elementor-element-6d48ead7 elementor-widget elementor-widget-text-editor\" data-id=\"6d48ead7\" data-element_type=\"widget\" data-e-type=\"widget\" data-widget_type=\"text-editor.default\">\n\t\t\t\t<div class=\"elementor-widget-container\">\n\t\t\t\t\t\t\t\t\t<p>\u00c4u\u00dferst wichtige und entscheidende Informationen, um das Material zu identifizieren, aus dem wir deine Teile herstellen werden.<\/p>\n\t\t\t\t\t\t\t\t<\/div>\n\t\t\t\t<\/div>\n\t\t\t\t\t<\/div>\n\t\t<\/div>\n\t\t\t\t\t<\/div>\n\t\t<\/main>\n\t\t\t\t<section class=\"elementor-section elementor-top-section elementor-element elementor-element-667f5380 elementor-section-boxed elementor-section-height-default elementor-section-height-default\" data-id=\"667f5380\" data-element_type=\"section\" data-e-type=\"section\">\n\t\t\t\t\t\t<div class=\"elementor-container elementor-column-gap-default\">\n\t\t\t\t\t<div class=\"elementor-column elementor-col-100 elementor-top-column elementor-element elementor-element-69ad8f4d\" data-id=\"69ad8f4d\" data-element_type=\"column\" data-e-type=\"column\">\n\t\t\t<div class=\"elementor-widget-wrap elementor-element-populated\">\n\t\t\t\t\t\t<div class=\"elementor-element elementor-element-27d687c5 elementor-widget elementor-widget-text-editor\" data-id=\"27d687c5\" data-element_type=\"widget\" data-e-type=\"widget\" data-widget_type=\"text-editor.default\">\n\t\t\t\t<div class=\"elementor-widget-container\">\n\t\t\t\t\t\t\t\t\t<p>F\u00fcr fortgeschrittene Benutzer oder f\u00fcr Projekte, die eine h\u00f6here technische Genauigkeit erfordern, ist es notwendig, mehr \u00fcber das Material zu wissen, aus dem Ihre Teile gefertigt werden.<\/p><p>Die Tabelle der Material\u00e4quivalenzen zwischen territorialen Normen enth\u00e4lt die Korrelation zwischen technischen Normen der Legierungsfamilien verschiedener L\u00e4nder. F\u00fcr alle L\u00e4nder, die nicht in der Tabelle aufgef\u00fchrt sind, wird \u00fcblicherweise die europ\u00e4ische oder amerikanische Norm verwendet.<\/p><p>Die Normen enthalten Informationen \u00fcber die chemische Zusammensetzung, die mechanischen, thermischen und magnetischen Eigenschaften sowie die Grenzen ihrer Verwendung. Sie werden auch Hinweise auf andere Vorschriften finden, wie zum Beispiel die Lieferungstoleranzen.<\/p>\t\t\t\t\t\t\t\t<\/div>\n\t\t\t\t<\/div>\n\t\t\t\t<div class=\"elementor-element elementor-element-31876e7f elementor-widget elementor-widget-heading\" data-id=\"31876e7f\" data-element_type=\"widget\" data-e-type=\"widget\" data-widget_type=\"heading.default\">\n\t\t\t\t<div class=\"elementor-widget-container\">\n\t\t\t\t\t<h3 class=\"elementor-heading-title elementor-size-default\">Wer schafft diese Regeln?<\/h3>\t\t\t\t<\/div>\n\t\t\t\t<\/div>\n\t\t\t\t<div class=\"elementor-element elementor-element-79314b9 elementor-widget elementor-widget-text-editor\" data-id=\"79314b9\" data-element_type=\"widget\" data-e-type=\"widget\" data-widget_type=\"text-editor.default\">\n\t\t\t\t<div class=\"elementor-widget-container\">\n\t\t\t\t\t\t\t\t\t<p>Die Normen werden von den jeweiligen Normungs- und Zertifizierungsstellen jedes Landes erstellt, genehmigt und zertifiziert.<\/p>\n\t\t\t\t\t\t\t\t<\/div>\n\t\t\t\t<\/div>\n\t\t\t\t<div class=\"elementor-element elementor-element-71e8f490 elementor-widget elementor-widget-heading\" data-id=\"71e8f490\" data-element_type=\"widget\" data-e-type=\"widget\" data-widget_type=\"heading.default\">\n\t\t\t\t<div class=\"elementor-widget-container\">\n\t\t\t\t\t<h3 class=\"elementor-heading-title elementor-size-default\">Warum sind sie so wichtig?\n<\/h3>\t\t\t\t<\/div>\n\t\t\t\t<\/div>\n\t\t\t\t<div class=\"elementor-element elementor-element-2e250983 elementor-widget elementor-widget-text-editor\" data-id=\"2e250983\" data-element_type=\"widget\" data-e-type=\"widget\" data-widget_type=\"text-editor.default\">\n\t\t\t\t<div class=\"elementor-widget-container\">\n\t\t\t\t\t\t\t\t\t<p>Das Vorhandensein einer Norm im Herstellungsmaterial mit \u00c4quivalenzen zwischen den Territorien ist eine Garantie f\u00fcr Qualit\u00e4t. Auf diese Weise k\u00f6nnen alle Hersteller und Benutzer in Bezug auf die Identit\u00e4t und das Finish jedes Materials auf einer einheitlichen Basis stehen.<\/p>\n\t\t\t\t\t\t\t\t<\/div>\n\t\t\t\t<\/div>\n\t\t\t\t<div class=\"elementor-element elementor-element-7ea795db elementor-widget elementor-widget-heading\" data-id=\"7ea795db\" data-element_type=\"widget\" data-e-type=\"widget\" data-widget_type=\"heading.default\">\n\t\t\t\t<div class=\"elementor-widget-container\">\n\t\t\t\t\t<h3 class=\"elementor-heading-title elementor-size-default\">Kann ich die Eigenschaften des Materials kennen, ohne die Normen zu konsultieren?<\/h3>\t\t\t\t<\/div>\n\t\t\t\t<\/div>\n\t\t\t\t<div class=\"elementor-element elementor-element-2b800e7c elementor-widget elementor-widget-text-editor\" data-id=\"2b800e7c\" data-element_type=\"widget\" data-e-type=\"widget\" data-widget_type=\"text-editor.default\">\n\t\t\t\t<div class=\"elementor-widget-container\">\n\t\t\t\t\t\t\t\t\t<p>Ja. Auf unserer Materialseite k\u00f6nnen Sie das gew\u00fcnschte Material ausw\u00e4hlen, um auf die spezifischen Informationen zu diesem Material zuzugreifen. Sobald Sie dort sind, k\u00f6nnen Sie die hervorstechendsten Merkmale des Materials, seine Pflegehinweise sowie seine h\u00e4ufigsten Anwendungen finden.<\/p>\t\t\t\t\t\t\t\t<\/div>\n\t\t\t\t<\/div>\n\t\t\t\t<div class=\"elementor-element elementor-element-2a64f377 elementor-widget elementor-widget-heading\" data-id=\"2a64f377\" data-element_type=\"widget\" data-e-type=\"widget\" data-widget_type=\"heading.default\">\n\t\t\t\t<div class=\"elementor-widget-container\">\n\t\t\t\t\t<h2 class=\"elementor-heading-title elementor-size-default\">Tabelle der Material\u00e4quivalenzen zwischen territorialen Normen.<\/h2>\t\t\t\t<\/div>\n\t\t\t\t<\/div>\n\t\t\t\t<div class=\"elementor-element elementor-element-2a4e8c24 elementor-widget elementor-widget-image\" data-id=\"2a4e8c24\" data-element_type=\"widget\" data-e-type=\"widget\" data-widget_type=\"image.default\">\n\t\t\t\t<div class=\"elementor-widget-container\">\n\t\t\t\t\t\t\t\t\t\t\t\t\t\t\t\t<a href=\"https:\/\/www.laserboost.com\/wp-content\/uploads\/2024\/09\/tabla-equivalencia-materiales.jpg\" data-elementor-open-lightbox=\"yes\" data-elementor-lightbox-title=\"tabla-equivalencia-materiales\" data-e-action-hash=\"#elementor-action%3Aaction%3Dlightbox%26settings%3DeyJpZCI6NzYwODcsInVybCI6Imh0dHBzOlwvXC93d3cubGFzZXJib29zdC5jb21cL3dwLWNvbnRlbnRcL3VwbG9hZHNcLzIwMjRcLzA5XC90YWJsYS1lcXVpdmFsZW5jaWEtbWF0ZXJpYWxlcy5qcGcifQ%3D%3D\">\n\t\t\t\t\t\t\t<img fetchpriority=\"high\" decoding=\"async\" width=\"1167\" height=\"693\" src=\"https:\/\/www.laserboost.com\/wp-content\/uploads\/2024\/09\/tabla-equivalencia-materiales.jpg\" class=\"attachment-full size-full wp-image-76087\" alt=\"equivalencia\" srcset=\"https:\/\/www.laserboost.com\/wp-content\/uploads\/2024\/09\/tabla-equivalencia-materiales.jpg 1167w, https:\/\/www.laserboost.com\/wp-content\/uploads\/2024\/09\/tabla-equivalencia-materiales-300x178.jpg 300w, https:\/\/www.laserboost.com\/wp-content\/uploads\/2024\/09\/tabla-equivalencia-materiales-1024x608.jpg 1024w, https:\/\/www.laserboost.com\/wp-content\/uploads\/2024\/09\/tabla-equivalencia-materiales-768x456.jpg 768w\" sizes=\"(max-width: 1167px) 100vw, 1167px\" title=\"\">\t\t\t\t\t\t\t\t<\/a>\n\t\t\t\t\t\t\t\t\t\t\t\t\t\t\t<\/div>\n\t\t\t\t<\/div>\n\t\t\t\t<div class=\"elementor-element elementor-element-7fe7c479 elementor-widget elementor-widget-text-editor\" data-id=\"7fe7c479\" data-element_type=\"widget\" data-e-type=\"widget\" data-widget_type=\"text-editor.default\">\n\t\t\t\t<div class=\"elementor-widget-container\">\n\t\t\t\t\t\t\t\t\t<p>Die in der Tabelle gezeigten \u00c4quivalenzen sind Richtwerte, und ihre G\u00fcltigkeit unterliegen unseren <a href=\"https:\/\/www.laserboost.com\/de\/allgemeine-geschaeftsbedingungen\/\">Kaufbedingungen und -konditionen<\/a>.<\/p>\t\t\t\t\t\t\t\t<\/div>\n\t\t\t\t<\/div>\n\t\t\t\t<div class=\"elementor-element elementor-element-1728c021 elementor-icon-list--layout-traditional elementor-list-item-link-full_width elementor-widget elementor-widget-icon-list\" data-id=\"1728c021\" data-element_type=\"widget\" data-e-type=\"widget\" data-widget_type=\"icon-list.default\">\n\t\t\t\t<div class=\"elementor-widget-container\">\n\t\t\t\t\t\t\t<ul class=\"elementor-icon-list-items\">\n\t\t\t\t\t\t\t<li class=\"elementor-icon-list-item\">\n\t\t\t\t\t\t\t\t\t\t\t<span class=\"elementor-icon-list-icon\">\n\t\t\t\t\t\t\t<svg aria-hidden=\"true\" class=\"e-font-icon-svg e-fas-square\" viewBox=\"0 0 448 512\" xmlns=\"http:\/\/www.w3.org\/2000\/svg\"><path d=\"M400 32H48C21.5 32 0 53.5 0 80v352c0 26.5 21.5 48 48 48h352c26.5 0 48-21.5 48-48V80c0-26.5-21.5-48-48-48z\"><\/path><\/svg>\t\t\t\t\t\t<\/span>\n\t\t\t\t\t\t\t\t\t\t<span class=\"elementor-icon-list-text\">Territoriale Vorschriften, die den LaserBoost-Produktionsstandort betreffen<\/span>\n\t\t\t\t\t\t\t\t\t<\/li>\n\t\t\t\t\t\t<\/ul>\n\t\t\t\t\t\t<\/div>\n\t\t\t\t<\/div>\n\t\t\t\t<div class=\"elementor-element elementor-element-8ee1aa4 elementor-icon-list--layout-traditional elementor-list-item-link-full_width elementor-widget elementor-widget-icon-list\" data-id=\"8ee1aa4\" data-element_type=\"widget\" data-e-type=\"widget\" data-widget_type=\"icon-list.default\">\n\t\t\t\t<div class=\"elementor-widget-container\">\n\t\t\t\t\t\t\t<ul class=\"elementor-icon-list-items\">\n\t\t\t\t\t\t\t<li class=\"elementor-icon-list-item\">\n\t\t\t\t\t\t\t\t\t\t\t<span class=\"elementor-icon-list-icon\">\n\t\t\t\t\t\t\t<svg aria-hidden=\"true\" class=\"e-font-icon-svg e-fas-star-of-life\" viewBox=\"0 0 480 512\" xmlns=\"http:\/\/www.w3.org\/2000\/svg\"><path d=\"M471.99 334.43L336.06 256l135.93-78.43c7.66-4.42 10.28-14.2 5.86-21.86l-32.02-55.43c-4.42-7.65-14.21-10.28-21.87-5.86l-135.93 78.43V16c0-8.84-7.17-16-16.01-16h-64.04c-8.84 0-16.01 7.16-16.01 16v156.86L56.04 94.43c-7.66-4.42-17.45-1.79-21.87 5.86L2.15 155.71c-4.42 7.65-1.8 17.44 5.86 21.86L143.94 256 8.01 334.43c-7.66 4.42-10.28 14.21-5.86 21.86l32.02 55.43c4.42 7.65 14.21 10.27 21.87 5.86l135.93-78.43V496c0 8.84 7.17 16 16.01 16h64.04c8.84 0 16.01-7.16 16.01-16V339.14l135.93 78.43c7.66 4.42 17.45 1.8 21.87-5.86l32.02-55.43c4.42-7.65 1.8-17.43-5.86-21.85z\"><\/path><\/svg>\t\t\t\t\t\t<\/span>\n\t\t\t\t\t\t\t\t\t\t<span class=\"elementor-icon-list-text\">Es gelten die europ\u00e4ischen Vorschriften<\/span>\n\t\t\t\t\t\t\t\t\t<\/li>\n\t\t\t\t\t\t<\/ul>\n\t\t\t\t\t\t<\/div>\n\t\t\t\t<\/div>\n\t\t\t\t\t<\/div>\n\t\t<\/div>\n\t\t\t\t\t<\/div>\n\t\t<\/section>\n\t\t\t\t<\/div>\n\t\t","protected":false},"excerpt":{"rendered":"<p>Material\u00e4quivalenz Tabelle der Material\u00e4quivalenzen zwischen territorialen Normen \u00c4u\u00dferst wichtige und entscheidende Informationen, um das Material zu identifizieren, aus dem wir deine Teile herstellen werden. F\u00fcr fortgeschrittene Benutzer oder f\u00fcr Projekte, die eine h\u00f6here technische Genauigkeit erfordern, ist es notwendig, mehr \u00fcber das Material zu wissen, aus dem Ihre Teile gefertigt werden. Die Tabelle der Material\u00e4quivalenzen [&hellip;]<\/p>\n","protected":false},"author":6,"featured_media":0,"parent":0,"menu_order":0,"comment_status":"closed","ping_status":"closed","template":"","meta":{"_acf_changed":false,"footnotes":""},"class_list":["post-74435","page","type-page","status-publish","hentry"],"acf":[],"_links":{"self":[{"href":"https:\/\/www.laserboost.com\/de\/wp-json\/wp\/v2\/pages\/74435","targetHints":{"allow":["GET"]}}],"collection":[{"href":"https:\/\/www.laserboost.com\/de\/wp-json\/wp\/v2\/pages"}],"about":[{"href":"https:\/\/www.laserboost.com\/de\/wp-json\/wp\/v2\/types\/page"}],"author":[{"embeddable":true,"href":"https:\/\/www.laserboost.com\/de\/wp-json\/wp\/v2\/users\/6"}],"replies":[{"embeddable":true,"href":"https:\/\/www.laserboost.com\/de\/wp-json\/wp\/v2\/comments?post=74435"}],"version-history":[{"count":0,"href":"https:\/\/www.laserboost.com\/de\/wp-json\/wp\/v2\/pages\/74435\/revisions"}],"wp:attachment":[{"href":"https:\/\/www.laserboost.com\/de\/wp-json\/wp\/v2\/media?parent=74435"}],"curies":[{"name":"wp","href":"https:\/\/api.w.org\/{rel}","templated":true}]}}