{"id":75047,"date":"2024-06-11T11:33:12","date_gmt":"2024-06-11T11:33:12","guid":{"rendered":"https:\/\/www.laserboost.com\/zahlungsmethoden-und-versand\/"},"modified":"2026-01-13T07:46:12","modified_gmt":"2026-01-13T07:46:12","slug":"zahlungsmethoden-und-versand","status":"publish","type":"page","link":"https:\/\/www.laserboost.com\/de\/zahlungsmethoden-und-versand\/","title":{"rendered":"Zahlungsmethoden und Versand"},"content":{"rendered":"\t\t<div data-elementor-type=\"wp-page\" data-elementor-id=\"75047\" class=\"elementor elementor-75047 elementor-75027\" data-elementor-post-type=\"page\">\n\t\t\t\t\t\t<section class=\"elementor-section elementor-top-section elementor-element elementor-element-8ed55f8 elementor-section-height-min-height elementor-section-boxed elementor-section-height-default elementor-section-items-middle\" data-id=\"8ed55f8\" data-element_type=\"section\" data-e-type=\"section\" data-settings=\"{&quot;background_background&quot;:&quot;classic&quot;}\">\n\t\t\t\t\t\t\t<div class=\"elementor-background-overlay\"><\/div>\n\t\t\t\t\t\t\t<div class=\"elementor-container elementor-column-gap-default\">\n\t\t\t\t\t<div class=\"elementor-column elementor-col-100 elementor-top-column elementor-element elementor-element-ef996df\" data-id=\"ef996df\" data-element_type=\"column\" data-e-type=\"column\">\n\t\t\t<div class=\"elementor-widget-wrap elementor-element-populated\">\n\t\t\t\t\t\t<div class=\"elementor-element elementor-element-f8f7207 elementor-widget elementor-widget-heading\" data-id=\"f8f7207\" data-element_type=\"widget\" data-e-type=\"widget\" data-widget_type=\"heading.default\">\n\t\t\t\t<div class=\"elementor-widget-container\">\n\t\t\t\t\t<h1 class=\"elementor-heading-title elementor-size-default\">ZAHLUNGSMETHODEN UND VERSAND<\/h1>\t\t\t\t<\/div>\n\t\t\t\t<\/div>\n\t\t\t\t\t<\/div>\n\t\t<\/div>\n\t\t\t\t\t<\/div>\n\t\t<\/section>\n\t\t\t\t<section class=\"elementor-section elementor-top-section elementor-element elementor-element-52d0c61 elementor-section-boxed elementor-section-height-default elementor-section-height-default\" data-id=\"52d0c61\" data-element_type=\"section\" data-e-type=\"section\">\n\t\t\t\t\t\t<div class=\"elementor-container elementor-column-gap-wider\">\n\t\t\t\t\t<div class=\"elementor-column elementor-col-100 elementor-top-column elementor-element elementor-element-f41c6b8\" data-id=\"f41c6b8\" data-element_type=\"column\" data-e-type=\"column\">\n\t\t\t<div class=\"elementor-widget-wrap elementor-element-populated\">\n\t\t\t\t\t\t<div class=\"elementor-element elementor-element-97583d1 elementor-widget elementor-widget-heading\" data-id=\"97583d1\" data-element_type=\"widget\" data-e-type=\"widget\" data-widget_type=\"heading.default\">\n\t\t\t\t<div class=\"elementor-widget-container\">\n\t\t\t\t\t<h2 class=\"elementor-heading-title elementor-size-default\">ZAHLUNGSMETHODEN<\/h2>\t\t\t\t<\/div>\n\t\t\t\t<\/div>\n\t\t\t\t<div class=\"elementor-element elementor-element-8f44809 elementor-widget elementor-widget-text-editor\" data-id=\"8f44809\" data-element_type=\"widget\" data-e-type=\"widget\" data-widget_type=\"text-editor.default\">\n\t\t\t\t<div class=\"elementor-widget-container\">\n\t\t\t\t\t\t\t\t\t<p data-start=\"28\" data-end=\"386\">Bei LaserBoost stehen Ihre Sicherheit und Ihr Komfort an erster Stelle. Alle unsere Zahlungsmethoden sind verschl\u00fcsselt und gesch\u00fctzt, sodass Ihre Finanzinformationen stets sicher bleiben. Wir arbeiten mit den besten Plattformen auf dem Markt, wie PayPal, Stripe und La Caixa, um Ihnen ein schnelles und sorgenfreies Einkaufserlebnis zu bieten.<\/p><p data-start=\"388\" data-end=\"494\">W\u00e4hlen Sie die Zahlungsmethode, die Ihnen am besten passt, und kaufen Sie mit voller Sicherheit ein.<\/p>\t\t\t\t\t\t\t\t<\/div>\n\t\t\t\t<\/div>\n\t\t\t\t<div class=\"elementor-element elementor-element-fb0f496 elementor-widget elementor-widget-heading\" data-id=\"fb0f496\" data-element_type=\"widget\" data-e-type=\"widget\" data-widget_type=\"heading.default\">\n\t\t\t\t<div class=\"elementor-widget-container\">\n\t\t\t\t\t<h3 class=\"elementor-heading-title elementor-size-default\">Paypal<\/h3>\t\t\t\t<\/div>\n\t\t\t\t<\/div>\n\t\t\t\t<div class=\"elementor-element elementor-element-c0e8c7b elementor-widget elementor-widget-text-editor\" data-id=\"c0e8c7b\" data-element_type=\"widget\" data-e-type=\"widget\" data-widget_type=\"text-editor.default\">\n\t\t\t\t<div class=\"elementor-widget-container\">\n\t\t\t\t\t\t\t\t\t<p data-start=\"513\" data-end=\"684\">PayPal ist eine Online-Zahlungsplattform, die es Nutzern erm\u00f6glicht, sicher mit ihren PayPal-Konten oder Kredit- und Debitkarten (von PayPal akzeptiert) zu bezahlen.<\/p><p data-start=\"686\" data-end=\"998\">Akzeptierte Karten: PayPal (Benutzerkonto nicht erforderlich), Visa\u00ae, Mastercard\u00ae, American Express\u00ae, Discover\u00ae, JCB\u00ae, Diners Club und EnRoute.<\/p><p data-start=\"686\" data-end=\"998\"><strong data-start=\"836\" data-end=\"868\">Bearbeitungszeit der Zahlung<\/strong>: Sofort, in Echtzeit. Ihre Bestellung wird best\u00e4tigt und sofort in Bearbeitung genommen, sobald der Kauf abgeschlossen ist.<\/p>\t\t\t\t\t\t\t\t<\/div>\n\t\t\t\t<\/div>\n\t\t\t\t<div class=\"elementor-element elementor-element-29044f1 elementor-widget elementor-widget-heading\" data-id=\"29044f1\" data-element_type=\"widget\" data-e-type=\"widget\" data-widget_type=\"heading.default\">\n\t\t\t\t<div class=\"elementor-widget-container\">\n\t\t\t\t\t<h3 class=\"elementor-heading-title elementor-size-default\">Kreditkarte<\/h3>\t\t\t\t<\/div>\n\t\t\t\t<\/div>\n\t\t\t\t<div class=\"elementor-element elementor-element-eebf765 elementor-widget elementor-widget-text-editor\" data-id=\"eebf765\" data-element_type=\"widget\" data-e-type=\"widget\" data-widget_type=\"text-editor.default\">\n\t\t\t\t<div class=\"elementor-widget-container\">\n\t\t\t\t\t\t\t\t\t<p data-start=\"1022\" data-end=\"1305\">Mit dieser Zahlungsmethode k\u00f6nnen Kunden direkt mit ihrer Kredit- oder Debitkarte bezahlen. Der Prozess ist schnell und einfach: Die Kartendaten werden in eine sichere Plattform eingegeben, um die Transaktion abzuschlie\u00dfen \u2013 in unserem Fall \u00fcber unseren Partner Stripe.<\/p><p data-start=\"1307\" data-end=\"1598\">Akzeptierte Karten: Visa\u00ae, Mastercard\u00ae, American Express\u00ae, Discover\u00ae, JCB\u00ae, Diners Club, China UnionPay (CUP) und EnRoute.<\/p><p data-start=\"1307\" data-end=\"1598\"><strong data-start=\"1436\" data-end=\"1468\">Bearbeitungszeit der Zahlung<\/strong>: Sofort, in Echtzeit. Ihre Bestellung wird best\u00e4tigt und sofort in Bearbeitung genommen, sobald der Kauf abgeschlossen ist.<\/p>\t\t\t\t\t\t\t\t<\/div>\n\t\t\t\t<\/div>\n\t\t\t\t<div class=\"elementor-element elementor-element-81e8919 elementor-widget elementor-widget-heading\" data-id=\"81e8919\" data-element_type=\"widget\" data-e-type=\"widget\" data-widget_type=\"heading.default\">\n\t\t\t\t<div class=\"elementor-widget-container\">\n\t\t\t\t\t<h3 class=\"elementor-heading-title elementor-size-default\">Sofortige Online-Bank\u00fcberweisung\n\n<\/h3>\t\t\t\t<\/div>\n\t\t\t\t<\/div>\n\t\t\t\t<div class=\"elementor-element elementor-element-accf08f elementor-widget elementor-widget-text-editor\" data-id=\"accf08f\" data-element_type=\"widget\" data-e-type=\"widget\" data-widget_type=\"text-editor.default\">\n\t\t\t\t<div class=\"elementor-widget-container\">\n\t\t\t\t\t\t\t\t\t<p data-start=\"1643\" data-end=\"1990\">Diese Zahlungsmethode beinhaltet eine Bank\u00fcberweisung vom Konto des Kunden auf das Konto von LaserBoost. Sie \u00e4hnelt einer traditionellen Bank\u00fcberweisung, wird jedoch online durchgef\u00fchrt, indem die IBAN-Nummer im Zahlungsportal eingegeben wird. Die Abbuchung von Ihrem Konto kann sofort erfolgen oder bis zu 2 Werktage dauern.<\/p><p data-start=\"1992\" data-end=\"2164\"><strong data-start=\"1992\" data-end=\"2024\">Bearbeitungszeit der Zahlung<\/strong>: <strong data-start=\"2026\" data-end=\"2060\">Sofort oder bis zu 2 Werktage.<\/strong> Ihre Bestellung wird best\u00e4tigt und sofort in Bearbeitung genommen, sobald der Kauf abgeschlossen ist.<\/p>\t\t\t\t\t\t\t\t<\/div>\n\t\t\t\t<\/div>\n\t\t\t\t<div class=\"elementor-element elementor-element-537bbc3 elementor-widget elementor-widget-heading\" data-id=\"537bbc3\" data-element_type=\"widget\" data-e-type=\"widget\" data-widget_type=\"heading.default\">\n\t\t\t\t<div class=\"elementor-widget-container\">\n\t\t\t\t\t<h3 class=\"elementor-heading-title elementor-size-default\">Klarna\n\n<\/h3>\t\t\t\t<\/div>\n\t\t\t\t<\/div>\n\t\t\t\t<div class=\"elementor-element elementor-element-0148b4b elementor-widget elementor-widget-text-editor\" data-id=\"0148b4b\" data-element_type=\"widget\" data-e-type=\"widget\" data-widget_type=\"text-editor.default\">\n\t\t\t\t<div class=\"elementor-widget-container\">\n\t\t\t\t\t\t\t\t\t<p data-start=\"2508\" data-end=\"2646\">Klarna ist eine flexible Zahlungsmethode, mit der Sie <strong data-start=\"2562\" data-end=\"2617\">Ihre Bestellung sofort aufgeben und sp\u00e4ter bezahlen<\/strong> k\u00f6nnen \u2013 einfach und bequem.<\/p><p data-start=\"2648\" data-end=\"2738\">Mit Klarna stehen Ihnen je nach Verf\u00fcgbarkeit verschiedene Zahlungsoptionen zur Verf\u00fcgung:<\/p><ul data-start=\"2739\" data-end=\"2899\"><li data-start=\"2739\" data-end=\"2809\"><p data-start=\"2741\" data-end=\"2809\"><strong data-start=\"2741\" data-end=\"2774\">Zahlung in 3 zinsfreien Raten<\/strong>, um den Betrag bequem aufzuteilen.<\/p><\/li><li data-start=\"2810\" data-end=\"2899\"><p data-start=\"2812\" data-end=\"2899\"><strong data-start=\"2812\" data-end=\"2831\">Sp\u00e4ter bezahlen<\/strong>, indem Sie den Gesamtbetrag zu einem sp\u00e4teren Zeitpunkt begleichen.<\/p><\/li><\/ul><p data-start=\"2901\" data-end=\"2942\">Der Ablauf ist schnell und unkompliziert:<\/p><ol data-start=\"2943\" data-end=\"3135\"><li data-start=\"2943\" data-end=\"2996\"><p data-start=\"2946\" data-end=\"2996\">W\u00e4hlen Sie Klarna als Zahlungsmethode im Checkout.<\/p><\/li><li data-start=\"2997\" data-end=\"3054\"><p data-start=\"3000\" data-end=\"3054\">Sie erhalten sofort eine Best\u00e4tigung Ihrer Bestellung.<\/p><\/li><li data-start=\"3055\" data-end=\"3135\"><p data-start=\"3058\" data-end=\"3135\">Klarna k\u00fcmmert sich um die Abwicklung der Zahlung gem\u00e4\u00df der gew\u00e4hlten Option.<\/p><\/li><\/ol><p data-start=\"3137\" data-end=\"3479\">Sie m\u00fcssen Ihre Kartendaten nicht auf unserer Website eingeben, da der gesamte Zahlungsprozess direkt \u00fcber Klarna abgewickelt wird und somit <strong data-start=\"3278\" data-end=\"3336\">h\u00f6chste Sicherheit und Schutz Ihrer pers\u00f6nlichen Daten<\/strong> gew\u00e4hrleistet sind. Diese Zahlungsart eignet sich besonders f\u00fcr individuelle Anfertigungen, gr\u00f6\u00dfere Projekte oder professionelle Bestellungen.<\/p><p data-start=\"3481\" data-end=\"3610\">Weitere Informationen zu Klarna und den geltenden Bedingungen finden Sie auf der offiziellen Website:<br data-start=\"3589\" data-end=\"3592\" \/><strong data-start=\"3592\" data-end=\"3610\"><a class=\"decorated-link cursor-pointer\" href=\"http:\/\/www.klarna.com\" target=\"_new\" rel=\"noopener\" data-start=\"3594\" data-end=\"3608\">www.klarna.com<\/a><\/strong><\/p>\t\t\t\t\t\t\t\t<\/div>\n\t\t\t\t<\/div>\n\t\t\t\t<div class=\"elementor-element elementor-element-833cab4 elementor-widget elementor-widget-heading\" data-id=\"833cab4\" data-element_type=\"widget\" data-e-type=\"widget\" data-widget_type=\"heading.default\">\n\t\t\t\t<div class=\"elementor-widget-container\">\n\t\t\t\t\t<h3 class=\"elementor-heading-title elementor-size-default\">Rechnung f\u00fcr Unternehmen \u2013 Zahlung per Standard-Bank\u00fcberweisung\n<\/h3>\t\t\t\t<\/div>\n\t\t\t\t<\/div>\n\t\t\t\t<div class=\"elementor-element elementor-element-5e84c77 elementor-widget elementor-widget-text-editor\" data-id=\"5e84c77\" data-element_type=\"widget\" data-e-type=\"widget\" data-widget_type=\"text-editor.default\">\n\t\t\t\t<div class=\"elementor-widget-container\">\n\t\t\t\t\t\t\t\t\t<p data-start=\"2240\" data-end=\"2500\">Diese Methode erm\u00f6glicht es dem Kunden, eine Rechnung mit den Kaufdetails und den Bankdaten von LaserBoost herunterzuladen. Ab diesem Zeitpunkt hat der Kunde 5 Kalendertage Zeit, um die Bank\u00fcberweisung von seinem Finanzinstitut aus durchzuf\u00fchren.<\/p><p data-start=\"2502\" data-end=\"2730\">Die Bearbeitungszeit der Zahlung kann je nach Bank des Kunden variieren, in der Regel zwischen 1 und 3 Werktagen. Sobald LaserBoost den Zahlungseingang best\u00e4tigt hat, wird die Bestellung f\u00fcr die Produktion freigegeben.<\/p><p data-start=\"2732\" data-end=\"2956\">Jede Verz\u00f6gerung bei der \u00dcberweisung wirkt sich direkt auf das Lieferdatum aus. Das neue Lieferdatum wird in der Bestellbest\u00e4tigungs-E-Mail angegeben, die der Kunde erh\u00e4lt, sobald die Zahlung validiert wurde.<\/p><p data-start=\"2958\" data-end=\"3095\">Bearbeitungszeit der Zahlung: 1 bis 3 Werktage. Ihre Bestellung wird best\u00e4tigt und geht nach Zahlungseingang in die Produktion.<\/p><p data-start=\"3097\" data-end=\"3270\"><em>LaserBoost beh\u00e4lt sich das Recht vor, die Rechnungsoption f\u00fcr Unternehmen je nach interner Marketingstrategie und Verf\u00fcgbarkeit zu aktivieren oder zu deaktivieren.<\/em><\/p>\t\t\t\t\t\t\t\t<\/div>\n\t\t\t\t<\/div>\n\t\t\t\t<div class=\"elementor-element elementor-element-e8b0f0b elementor-widget elementor-widget-heading\" data-id=\"e8b0f0b\" data-element_type=\"widget\" data-e-type=\"widget\" data-widget_type=\"heading.default\">\n\t\t\t\t<div class=\"elementor-widget-container\">\n\t\t\t\t\t<h2 class=\"elementor-heading-title elementor-size-default\">Ratenzahlung\n<\/h2>\t\t\t\t<\/div>\n\t\t\t\t<\/div>\n\t\t\t\t<div class=\"elementor-element elementor-element-a1d094b elementor-widget elementor-widget-text-editor\" data-id=\"a1d094b\" data-element_type=\"widget\" data-e-type=\"widget\" data-widget_type=\"text-editor.default\">\n\t\t\t\t<div class=\"elementor-widget-container\">\n\t\t\t\t\t\t\t\t\t<p data-start=\"3295\" data-end=\"3538\">LaserBoost bietet die Option einer Ratenzahlung ausschlie\u00dflich f\u00fcr Unternehmen und f\u00fcr Bestellungen mit einem Fertigungswert von \u00fcber 500 \u20ac an. Die erste Bestellung muss jedoch sofort \u00fcber unsere Plattform bezahlt werden.<\/p><p data-start=\"3540\" data-end=\"3645\">LaserBoost beh\u00e4lt sich das Recht vor, eine Ratenzahlungsanfrage zu akzeptieren oder abzulehnen.<\/p>\t\t\t\t\t\t\t\t<\/div>\n\t\t\t\t<\/div>\n\t\t\t\t<div class=\"elementor-element elementor-element-c9ade18 elementor-widget elementor-widget-heading\" data-id=\"c9ade18\" data-element_type=\"widget\" data-e-type=\"widget\" data-widget_type=\"heading.default\">\n\t\t\t\t<div class=\"elementor-widget-container\">\n\t\t\t\t\t<h3 class=\"elementor-heading-title elementor-size-default\">R\u00fcckerstattungen und Erstattungen\n<\/h3>\t\t\t\t<\/div>\n\t\t\t\t<\/div>\n\t\t\t\t<div class=\"elementor-element elementor-element-2e1a32c elementor-widget elementor-widget-text-editor\" data-id=\"2e1a32c\" data-element_type=\"widget\" data-e-type=\"widget\" data-widget_type=\"text-editor.default\">\n\t\t\t\t<div class=\"elementor-widget-container\">\n\t\t\t\t\t\t\t\t\t<p>LaserBoost erstattet den Betrag mit derselben Zahlungsmethode zur\u00fcck, die vom Kunden bei der Bestellung verwendet wurde. Die Zeit, bis die R\u00fcckerstattung auf Ihrem Konto sichtbar ist, h\u00e4ngt von Ihrer Bank oder Ihrem Zahlungsanbieter ab und kann je nach Zahlungsmethode variieren.<\/p>\t\t\t\t\t\t\t\t<\/div>\n\t\t\t\t<\/div>\n\t\t\t\t<div class=\"elementor-element elementor-element-ceb6512 elementor-widget elementor-widget-heading\" data-id=\"ceb6512\" data-element_type=\"widget\" data-e-type=\"widget\" data-widget_type=\"heading.default\">\n\t\t\t\t<div class=\"elementor-widget-container\">\n\t\t\t\t\t<h2 class=\"elementor-heading-title elementor-size-default\">VERSAND<\/h2>\t\t\t\t<\/div>\n\t\t\t\t<\/div>\n\t\t\t\t<div class=\"elementor-element elementor-element-a3b0104 elementor-widget elementor-widget-heading\" data-id=\"a3b0104\" data-element_type=\"widget\" data-e-type=\"widget\" data-widget_type=\"heading.default\">\n\t\t\t\t<div class=\"elementor-widget-container\">\n\t\t\t\t\t<h3 class=\"elementor-heading-title elementor-size-default\">Logistikunternehmen<\/h3>\t\t\t\t<\/div>\n\t\t\t\t<\/div>\n\t\t\t\t<div class=\"elementor-element elementor-element-abf0f77 elementor-widget elementor-widget-text-editor\" data-id=\"abf0f77\" data-element_type=\"widget\" data-e-type=\"widget\" data-widget_type=\"text-editor.default\">\n\t\t\t\t<div class=\"elementor-widget-container\">\n\t\t\t\t\t\t\t\t\t<p data-start=\"49\" data-end=\"209\">Bei LaserBoost arbeiten wir mit verschiedenen Logistikdienstleistern zusammen. Unser System w\u00e4hlt automatisch die beste Versandoption f\u00fcr Sie aus.<\/p><p data-start=\"211\" data-end=\"372\">Die Auswahl des Logistikpartners basiert auf Standort, Gewicht und Liefertermin. Diese Wahl ist f\u00fcr jede Bestellung einzigartig und nicht \u00e4nderbar.<\/p>\t\t\t\t\t\t\t\t<\/div>\n\t\t\t\t<\/div>\n\t\t\t\t<div class=\"elementor-element elementor-element-19f5a43 elementor-widget elementor-widget-heading\" data-id=\"19f5a43\" data-element_type=\"widget\" data-e-type=\"widget\" data-widget_type=\"heading.default\">\n\t\t\t\t<div class=\"elementor-widget-container\">\n\t\t\t\t\t<h2 class=\"elementor-heading-title elementor-size-default\">Lieferformat\n<\/h2>\t\t\t\t<\/div>\n\t\t\t\t<\/div>\n\t\t\t\t<div class=\"elementor-element elementor-element-00c3e31 elementor-widget elementor-widget-text-editor\" data-id=\"00c3e31\" data-element_type=\"widget\" data-e-type=\"widget\" data-widget_type=\"text-editor.default\">\n\t\t\t\t<div class=\"elementor-widget-container\">\n\t\t\t\t\t\t\t\t\t<p>Unser Logistiksystem priorisiert den Versand in einer oder mehreren leicht zu handhabenden Kartons. Falls das Gewicht oder Volumen dies nicht zul\u00e4sst, wird die Bestellung auf einer oder mehreren nicht zur\u00fcckgebbaren Paletten versendet.<\/p>\t\t\t\t\t\t\t\t<\/div>\n\t\t\t\t<\/div>\n\t\t\t\t<div class=\"elementor-element elementor-element-ffc907b elementor-widget elementor-widget-heading\" data-id=\"ffc907b\" data-element_type=\"widget\" data-e-type=\"widget\" data-widget_type=\"heading.default\">\n\t\t\t\t<div class=\"elementor-widget-container\">\n\t\t\t\t\t<h3 class=\"elementor-heading-title elementor-size-default\">Lieferzeit<\/h3>\t\t\t\t<\/div>\n\t\t\t\t<\/div>\n\t\t\t\t<div class=\"elementor-element elementor-element-3a0d6ce elementor-widget__width-initial elementor-widget elementor-widget-text-editor\" data-id=\"3a0d6ce\" data-element_type=\"widget\" data-e-type=\"widget\" data-widget_type=\"text-editor.default\">\n\t\t\t\t<div class=\"elementor-widget-container\">\n\t\t\t\t\t\t\t\t\t<p data-start=\"669\" data-end=\"888\">Die Einhaltung des gew\u00e4hlten Liefertermins hat f\u00fcr LaserBoost h\u00f6chste Priorit\u00e4t. Die Lieferzeiten werden unter Ber\u00fccksichtigung der Produktion, des Bestimmungsorts und der aktuellen Auftragslage berechnet.<\/p><p data-start=\"890\" data-end=\"1098\">Jedoch k\u00f6nnen externe Faktoren das Lieferdatum beeinflussen, wie z. B. Transportverz\u00f6gerungen, ung\u00fcnstige Wetterbedingungen oder h\u00f6here Gewalt, die au\u00dferhalb der Kontrolle von LaserBoost liegen.<\/p><p data-start=\"1100\" data-end=\"1216\" data-is-last-node=\"\">F\u00fcr weitere Informationen zu unserem Engagement k\u00f6nnen Sie unsere <a href=\"https:\/\/www.laserboost.com\/de\/allgemeine-geschaeftsbedingungen\/\">Allgemeinen Gesch\u00e4ftsbedingungen einsehen.<\/a><\/p>\t\t\t\t\t\t\t\t<\/div>\n\t\t\t\t<\/div>\n\t\t\t\t\t<\/div>\n\t\t<\/div>\n\t\t\t\t\t<\/div>\n\t\t<\/section>\n\t\t\t\t<\/div>\n\t\t","protected":false},"excerpt":{"rendered":"<p>ZAHLUNGSMETHODEN UND VERSAND ZAHLUNGSMETHODEN Bei LaserBoost stehen Ihre Sicherheit und Ihr Komfort an erster Stelle. Alle unsere Zahlungsmethoden sind verschl\u00fcsselt und gesch\u00fctzt, sodass Ihre Finanzinformationen stets sicher bleiben. Wir arbeiten mit den besten Plattformen auf dem Markt, wie PayPal, Stripe und La Caixa, um Ihnen ein schnelles und sorgenfreies Einkaufserlebnis zu bieten. W\u00e4hlen Sie die [&hellip;]<\/p>\n","protected":false},"author":6,"featured_media":0,"parent":0,"menu_order":0,"comment_status":"closed","ping_status":"closed","template":"","meta":{"_acf_changed":false,"footnotes":""},"class_list":["post-75047","page","type-page","status-publish","hentry"],"acf":[],"_links":{"self":[{"href":"https:\/\/www.laserboost.com\/de\/wp-json\/wp\/v2\/pages\/75047","targetHints":{"allow":["GET"]}}],"collection":[{"href":"https:\/\/www.laserboost.com\/de\/wp-json\/wp\/v2\/pages"}],"about":[{"href":"https:\/\/www.laserboost.com\/de\/wp-json\/wp\/v2\/types\/page"}],"author":[{"embeddable":true,"href":"https:\/\/www.laserboost.com\/de\/wp-json\/wp\/v2\/users\/6"}],"replies":[{"embeddable":true,"href":"https:\/\/www.laserboost.com\/de\/wp-json\/wp\/v2\/comments?post=75047"}],"version-history":[{"count":0,"href":"https:\/\/www.laserboost.com\/de\/wp-json\/wp\/v2\/pages\/75047\/revisions"}],"wp:attachment":[{"href":"https:\/\/www.laserboost.com\/de\/wp-json\/wp\/v2\/media?parent=75047"}],"curies":[{"name":"wp","href":"https:\/\/api.w.org\/{rel}","templated":true}]}}