{"id":1255,"date":"2021-01-08T12:39:11","date_gmt":"2021-01-08T12:39:11","guid":{"rendered":"https:\/\/www.laserboost.com\/?page_id=1255"},"modified":"2025-04-02T11:06:27","modified_gmt":"2025-04-02T11:06:27","slug":"contacto","status":"publish","type":"page","link":"https:\/\/www.laserboost.com\/es\/contacto\/","title":{"rendered":"Cont\u00e1ctanos"},"content":{"rendered":"\t\t<div data-elementor-type=\"wp-page\" data-elementor-id=\"1255\" class=\"elementor elementor-1255 elementor-1598\" data-elementor-post-type=\"page\">\n\t\t\t\t\t\t<section class=\"elementor-section elementor-top-section elementor-element elementor-element-4f12077 elementor-section-boxed elementor-section-height-default elementor-section-height-default\" data-id=\"4f12077\" data-element_type=\"section\" data-e-type=\"section\" data-settings=\"{&quot;background_background&quot;:&quot;classic&quot;}\">\n\t\t\t\t\t\t<div class=\"elementor-container elementor-column-gap-default\">\n\t\t\t\t\t<div class=\"elementor-column elementor-col-100 elementor-top-column elementor-element elementor-element-0229ef9\" data-id=\"0229ef9\" data-element_type=\"column\" data-e-type=\"column\">\n\t\t\t<div class=\"elementor-widget-wrap elementor-element-populated\">\n\t\t\t\t\t\t<div class=\"elementor-element elementor-element-e74b1f5 elementor-widget elementor-widget-heading\" data-id=\"e74b1f5\" data-element_type=\"widget\" data-e-type=\"widget\" data-widget_type=\"heading.default\">\n\t\t\t\t<div class=\"elementor-widget-container\">\n\t\t\t\t\t<h1 class=\"elementor-heading-title elementor-size-default\">Cont\u00e1ctanos<\/h1>\t\t\t\t<\/div>\n\t\t\t\t<\/div>\n\t\t\t\t<div class=\"elementor-element elementor-element-4cf5ec2 elementor-widget elementor-widget-text-editor\" data-id=\"4cf5ec2\" data-element_type=\"widget\" data-e-type=\"widget\" data-widget_type=\"text-editor.default\">\n\t\t\t\t<div class=\"elementor-widget-container\">\n\t\t\t\t\t\t\t\t\t<p>Preg\u00fantanos acerca de ese material, modifica tu pedido, consulta el estado de tu pedido, ay\u00fadanos a mejorar, etc.<br \/>Consulta con nosotros cualquier duda rellenando el formulario de contacto.<\/p>\n<p>O a trav\u00e9s de <span style=\"color: #4fd1c0;\"><a style=\"color: #4fd1c0;\" href=\"mailto:info@laserboost.com\">info@laserboost.com<\/a><\/span>.<\/p>\n\t\t\t\t\t\t\t\t<\/div>\n\t\t\t\t<\/div>\n\t\t\t\t\t<\/div>\n\t\t<\/div>\n\t\t\t\t\t<\/div>\n\t\t<\/section>\n\t\t\t\t<section class=\"elementor-section elementor-top-section elementor-element elementor-element-37ed335f elementor-section-boxed elementor-section-height-default elementor-section-height-default\" data-id=\"37ed335f\" data-element_type=\"section\" data-e-type=\"section\" data-settings=\"{&quot;background_background&quot;:&quot;classic&quot;}\">\n\t\t\t\t\t\t<div class=\"elementor-container elementor-column-gap-default\">\n\t\t\t\t\t<div class=\"elementor-column elementor-col-33 elementor-top-column elementor-element elementor-element-15e03757\" data-id=\"15e03757\" data-element_type=\"column\" data-e-type=\"column\">\n\t\t\t<div class=\"elementor-widget-wrap\">\n\t\t\t\t\t\t\t<\/div>\n\t\t<\/div>\n\t\t\t\t<div class=\"elementor-column elementor-col-33 elementor-top-column elementor-element elementor-element-3324cd40\" data-id=\"3324cd40\" data-element_type=\"column\" data-e-type=\"column\" data-settings=\"{&quot;background_background&quot;:&quot;classic&quot;}\">\n\t\t\t<div class=\"elementor-widget-wrap elementor-element-populated\">\n\t\t\t\t\t\t<div class=\"elementor-element elementor-element-6d7c594 elementor-widget elementor-widget-html\" data-id=\"6d7c594\" data-element_type=\"widget\" data-e-type=\"widget\" data-widget_type=\"html.default\">\n\t\t\t\t<div class=\"elementor-widget-container\">\n\t\t\t\t\t\n<div class=\"wpcf7 no-js\" id=\"wpcf7-f21421-o1\" lang=\"en-US\" dir=\"ltr\" data-wpcf7-id=\"21421\">\n<div class=\"screen-reader-response\"><p role=\"status\" aria-live=\"polite\" aria-atomic=\"true\"><\/p> <ul><\/ul><\/div>\n<form action=\"\/es\/wp-json\/wp\/v2\/pages\/1255#wpcf7-f21421-o1\" method=\"post\" class=\"wpcf7-form init\" aria-label=\"Contact form\" novalidate=\"novalidate\" data-status=\"init\">\n<fieldset class=\"hidden-fields-container\"><input type=\"hidden\" name=\"_wpcf7\" value=\"21421\" \/><input type=\"hidden\" name=\"_wpcf7_version\" value=\"6.1.5\" \/><input type=\"hidden\" name=\"_wpcf7_locale\" value=\"en_US\" \/><input type=\"hidden\" name=\"_wpcf7_unit_tag\" value=\"wpcf7-f21421-o1\" \/><input type=\"hidden\" name=\"_wpcf7_container_post\" value=\"0\" \/><input type=\"hidden\" name=\"_wpcf7_posted_data_hash\" value=\"\" \/><input type=\"hidden\" name=\"_wpcf7cf_hidden_group_fields\" value=\"[]\" \/><input type=\"hidden\" name=\"_wpcf7cf_hidden_groups\" value=\"[]\" \/><input type=\"hidden\" name=\"_wpcf7cf_visible_groups\" value=\"[]\" \/><input type=\"hidden\" name=\"_wpcf7cf_repeaters\" value=\"[]\" \/><input type=\"hidden\" name=\"_wpcf7cf_steps\" value=\"{}\" \/><input type=\"hidden\" name=\"_wpcf7cf_options\" value=\"{&quot;form_id&quot;:21421,&quot;conditions&quot;:[{&quot;then_field&quot;:&quot;group-75&quot;,&quot;and_rules&quot;:[{&quot;if_field&quot;:&quot;radio-251&quot;,&quot;operator&quot;:&quot;equals&quot;,&quot;if_value&quot;:&quot;Productos y Servicios&quot;}]},{&quot;then_field&quot;:&quot;group-75&quot;,&quot;and_rules&quot;:[{&quot;if_field&quot;:&quot;radio-251&quot;,&quot;operator&quot;:&quot;equals&quot;,&quot;if_value&quot;:&quot;Informaci\\u00f3n Env\\u00edos y Entregas&quot;}]}],&quot;settings&quot;:{&quot;animation&quot;:&quot;yes&quot;,&quot;animation_intime&quot;:200,&quot;animation_outtime&quot;:200,&quot;conditions_ui&quot;:&quot;normal&quot;,&quot;notice_dismissed&quot;:false,&quot;notice_dismissed_rollback-cf7-5.8.3&quot;:true,&quot;notice_dismissed_rollback-cf7-5.8.5&quot;:true,&quot;notice_dismissed_rollback-cf7-5.9.2&quot;:true,&quot;notice_dismissed_rollback-cf7-5.9.5&quot;:true}}\" \/><input type=\"hidden\" name=\"_wpcf7_recaptcha_response\" value=\"\" \/>\n<\/fieldset>\n<p><label> Nombre<\/label><br \/>\n<span class=\"wpcf7-form-control-wrap\" data-name=\"nombre\"><input size=\"40\" maxlength=\"400\" class=\"wpcf7-form-control wpcf7-text wpcf7-validates-as-required\" autocomplete=\"name\" aria-required=\"true\" aria-invalid=\"false\" value=\"\" type=\"text\" name=\"nombre\" \/><\/span>\n<\/p>\n<p><label> Email<\/label><span class=\"wpcf7-form-control-wrap\" data-name=\"email\"><input size=\"40\" maxlength=\"400\" class=\"wpcf7-form-control wpcf7-email wpcf7-validates-as-required wpcf7-text wpcf7-validates-as-email\" aria-required=\"true\" aria-invalid=\"false\" value=\"\" type=\"email\" name=\"email\" \/><\/span>\n<\/p>\n<p><label> Tel\u00e9fono<\/label><br \/>\n<span class=\"wpcf7-form-control-wrap\" data-name=\"phone\"><input size=\"40\" maxlength=\"400\" class=\"wpcf7-form-control wpcf7-tel wpcf7-text wpcf7-validates-as-tel\" aria-invalid=\"false\" value=\"\" type=\"tel\" name=\"phone\" \/><\/span>\n<\/p>\n<p><label> \u00bfDe qu\u00e9 se trata?<\/label><br \/>\n<span class=\"wpcf7-form-control-wrap\" data-name=\"radio-251\"><span class=\"wpcf7-form-control wpcf7-radio\"><span class=\"wpcf7-list-item first\"><label><input type=\"radio\" name=\"radio-251\" value=\"Mi Pedido (estado, cambios, cancelaciones)\" checked=\"checked\" \/><span class=\"wpcf7-list-item-label\">Mi Pedido (estado, cambios, cancelaciones)<\/span><\/label><\/span><span class=\"wpcf7-list-item\"><label><input type=\"radio\" name=\"radio-251\" value=\"Productos y Servicios\" \/><span class=\"wpcf7-list-item-label\">Productos y Servicios<\/span><\/label><\/span><span class=\"wpcf7-list-item\"><label><input type=\"radio\" name=\"radio-251\" value=\"Informaci\u00f3n Env\u00edos y Entregas\" \/><span class=\"wpcf7-list-item-label\">Informaci\u00f3n Env\u00edos y Entregas<\/span><\/label><\/span><span class=\"wpcf7-list-item\"><label><input type=\"radio\" name=\"radio-251\" value=\"Facturaci\u00f3n y Pagos\" \/><span class=\"wpcf7-list-item-label\">Facturaci\u00f3n y Pagos<\/span><\/label><\/span><span class=\"wpcf7-list-item last\"><label><input type=\"radio\" name=\"radio-251\" value=\"Otros temas o consultas generales\" \/><span class=\"wpcf7-list-item-label\">Otros temas o consultas generales<\/span><\/label><\/span><\/span><\/span>\n<\/p>\n<p><span style='color: orange;'> \u26a0 <\/span> \u00bfNecesitas presentar una reclamacaci\u00f3n? <a href=\"https:\/\/www.laserboost.com\/es\/reclamaciones\/\"> Haz clic aqu\u00ed para acceder \u2197<\/a>\n<\/p>\n<div data-id=\"group-75\" data-orig_data_id=\"group-75\" data-clear_on_hide class=\"\" data-class=\"wpcf7cf_group\">\n\t<p><label>N\u00famero de pedido<\/label><span class=\"wpcf7-form-control-wrap\" data-name=\"text-575\"><input size=\"40\" maxlength=\"400\" class=\"wpcf7-form-control wpcf7-text\" aria-invalid=\"false\" placeholder=\"formato: XXX-XXXXX\" value=\"\" type=\"text\" name=\"text-575\" \/><\/span>\n\t<\/p>\n<\/div>\n<p><label> Mensaje<\/label><br \/>\n<span class=\"wpcf7-form-control-wrap\" data-name=\"textarea-985\"><textarea cols=\"40\" rows=\"10\" maxlength=\"2000\" class=\"wpcf7-form-control wpcf7-textarea\" aria-invalid=\"false\" name=\"textarea-985\"><\/textarea><\/span>\n<\/p>\n<p><label> Subir archivo <\/label><br \/>\n<span class=\"wpcf7-form-control-wrap\" data-name=\"archivo\"><input size=\"40\" class=\"wpcf7-form-control wpcf7-drag-n-drop-file d-none\" aria-invalid=\"false\" type=\"file\" multiple=\"multiple\" data-name=\"archivo\" data-type=\"pdf|jpg|png|doc|docx|dxf|dwg|svg|ai|eps|step|stp\" data-min=\"1\" data-id=\"21421\" data-version=\"free version 1.3.9.7\" accept=\".pdf, .jpg, .png, .doc, .docx, .dxf, .dwg, .svg, .ai, .eps, .step, .stp\" \/><\/span>\n<\/p>\n<p><span class=\"wpcf7-form-control-wrap\" data-name=\"acceptance-128\"><span class=\"wpcf7-form-control wpcf7-acceptance\"><span class=\"wpcf7-list-item\"><input type=\"checkbox\" name=\"acceptance-128\" value=\"1\" aria-invalid=\"false\" \/><\/span><\/span><\/span> He le\u00eddo y estoy de acuerdo con <a href=\"https:\/\/www.laserboost.com\/es\/aviso-legal\/\">las condiciones y t\u00e9rminos legales<\/a>\n<\/p>\n<p><input class=\"wpcf7-form-control wpcf7-submit has-spinner\" type=\"submit\" value=\"Enviar\" \/>\n<\/p>\n<style>\n.wpcf7-form-control.wpcf7-radio {\n display: grid;\n gap: 5px;\n}\n\n.wpcf7-list-item-label {\n padding: 10px;\n}\n\n\/* Corrected selector *\/\n.wpcf7-list-item label input {\n float: left;\n display: flex;\n height: 32px;\n}\n<\/style><p style=\"display: none !important;\" class=\"akismet-fields-container\" data-prefix=\"_wpcf7_ak_\"><label>&#916;<textarea name=\"_wpcf7_ak_hp_textarea\" cols=\"45\" rows=\"8\" maxlength=\"100\"><\/textarea><\/label><input type=\"hidden\" id=\"ak_js_1\" name=\"_wpcf7_ak_js\" value=\"201\"\/><script>document.getElementById( \"ak_js_1\" ).setAttribute( \"value\", ( new Date() ).getTime() );<\/script><\/p><div class=\"wpcf7-response-output\" aria-hidden=\"true\"><\/div>\n<\/form>\n<\/div>\n\t\t\t\t<\/div>\n\t\t\t\t<\/div>\n\t\t\t\t\t<\/div>\n\t\t<\/div>\n\t\t\t\t<div class=\"elementor-column elementor-col-33 elementor-top-column elementor-element elementor-element-6ca9bab1\" data-id=\"6ca9bab1\" data-element_type=\"column\" data-e-type=\"column\">\n\t\t\t<div class=\"elementor-widget-wrap\">\n\t\t\t\t\t\t\t<\/div>\n\t\t<\/div>\n\t\t\t\t\t<\/div>\n\t\t<\/section>\n\t\t\t\t<section class=\"elementor-section elementor-top-section elementor-element elementor-element-e5c3e18 elementor-section-boxed elementor-section-height-default elementor-section-height-default\" data-id=\"e5c3e18\" data-element_type=\"section\" data-e-type=\"section\" data-settings=\"{&quot;background_background&quot;:&quot;classic&quot;}\">\n\t\t\t\t\t\t<div class=\"elementor-container elementor-column-gap-default\">\n\t\t\t\t\t<div class=\"elementor-column elementor-col-100 elementor-top-column elementor-element elementor-element-a7bf0dc\" data-id=\"a7bf0dc\" data-element_type=\"column\" data-e-type=\"column\">\n\t\t\t<div class=\"elementor-widget-wrap elementor-element-populated\">\n\t\t\t\t\t\t<div class=\"elementor-element elementor-element-10e4556 elementor-widget elementor-widget-heading\" data-id=\"10e4556\" data-element_type=\"widget\" data-e-type=\"widget\" data-widget_type=\"heading.default\">\n\t\t\t\t<div class=\"elementor-widget-container\">\n\t\t\t\t\t<h2 class=\"elementor-heading-title elementor-size-default\">Otras formas de contactar con nosotros <\/h2>\t\t\t\t<\/div>\n\t\t\t\t<\/div>\n\t\t\t\t\t<\/div>\n\t\t<\/div>\n\t\t\t\t\t<\/div>\n\t\t<\/section>\n\t\t\t\t<section class=\"elementor-section elementor-top-section elementor-element elementor-element-d884ef6 elementor-section-boxed elementor-section-height-default elementor-section-height-default\" data-id=\"d884ef6\" data-element_type=\"section\" data-e-type=\"section\">\n\t\t\t\t\t\t<div class=\"elementor-container elementor-column-gap-default\">\n\t\t\t\t\t<div class=\"elementor-column elementor-col-33 elementor-top-column elementor-element elementor-element-0ab4f97\" data-id=\"0ab4f97\" data-element_type=\"column\" data-e-type=\"column\">\n\t\t\t<div class=\"elementor-widget-wrap elementor-element-populated\">\n\t\t\t\t\t\t<div class=\"elementor-element elementor-element-0729baa elementor-view-default elementor-widget elementor-widget-icon\" data-id=\"0729baa\" data-element_type=\"widget\" data-e-type=\"widget\" data-widget_type=\"icon.default\">\n\t\t\t\t<div class=\"elementor-widget-container\">\n\t\t\t\t\t\t\t<div class=\"elementor-icon-wrapper\">\n\t\t\t<div class=\"elementor-icon\">\n\t\t\t<svg aria-hidden=\"true\" class=\"e-font-icon-svg e-far-envelope\" viewBox=\"0 0 512 512\" xmlns=\"http:\/\/www.w3.org\/2000\/svg\"><path d=\"M464 64H48C21.49 64 0 85.49 0 112v288c0 26.51 21.49 48 48 48h416c26.51 0 48-21.49 48-48V112c0-26.51-21.49-48-48-48zm0 48v40.805c-22.422 18.259-58.168 46.651-134.587 106.49-16.841 13.247-50.201 45.072-73.413 44.701-23.208.375-56.579-31.459-73.413-44.701C106.18 199.465 70.425 171.067 48 152.805V112h416zM48 400V214.398c22.914 18.251 55.409 43.862 104.938 82.646 21.857 17.205 60.134 55.186 103.062 54.955 42.717.231 80.509-37.199 103.053-54.947 49.528-38.783 82.032-64.401 104.947-82.653V400H48z\"><\/path><\/svg>\t\t\t<\/div>\n\t\t<\/div>\n\t\t\t\t\t\t<\/div>\n\t\t\t\t<\/div>\n\t\t\t\t<div class=\"elementor-element elementor-element-f43a56f elementor-widget elementor-widget-text-editor\" data-id=\"f43a56f\" data-element_type=\"widget\" data-e-type=\"widget\" data-widget_type=\"text-editor.default\">\n\t\t\t\t<div class=\"elementor-widget-container\">\n\t\t\t\t\t\t\t\t\t<p><span style=\"color: #000000;\"><a style=\"color: #000000;\" href=\"mailto:info@laserboost.com\">info@laserboost.com<\/a><\/span><\/p>\n\t\t\t\t\t\t\t\t<\/div>\n\t\t\t\t<\/div>\n\t\t\t\t\t<\/div>\n\t\t<\/div>\n\t\t\t\t<div class=\"elementor-column elementor-col-33 elementor-top-column elementor-element elementor-element-9a1857f\" data-id=\"9a1857f\" data-element_type=\"column\" data-e-type=\"column\">\n\t\t\t<div class=\"elementor-widget-wrap elementor-element-populated\">\n\t\t\t\t\t\t<div class=\"elementor-element elementor-element-b6c4b03 elementor-view-default elementor-widget elementor-widget-icon\" data-id=\"b6c4b03\" data-element_type=\"widget\" data-e-type=\"widget\" data-widget_type=\"icon.default\">\n\t\t\t\t<div class=\"elementor-widget-container\">\n\t\t\t\t\t\t\t<div class=\"elementor-icon-wrapper\">\n\t\t\t<div class=\"elementor-icon\">\n\t\t\t<svg aria-hidden=\"true\" class=\"e-font-icon-svg e-fas-phone-alt\" viewBox=\"0 0 512 512\" xmlns=\"http:\/\/www.w3.org\/2000\/svg\"><path d=\"M497.39 361.8l-112-48a24 24 0 0 0-28 6.9l-49.6 60.6A370.66 370.66 0 0 1 130.6 204.11l60.6-49.6a23.94 23.94 0 0 0 6.9-28l-48-112A24.16 24.16 0 0 0 122.6.61l-104 24A24 24 0 0 0 0 48c0 256.5 207.9 464 464 464a24 24 0 0 0 23.4-18.6l24-104a24.29 24.29 0 0 0-14.01-27.6z\"><\/path><\/svg>\t\t\t<\/div>\n\t\t<\/div>\n\t\t\t\t\t\t<\/div>\n\t\t\t\t<\/div>\n\t\t\t\t<div class=\"elementor-element elementor-element-e1042d3 elementor-widget elementor-widget-text-editor\" data-id=\"e1042d3\" data-element_type=\"widget\" data-e-type=\"widget\" data-widget_type=\"text-editor.default\">\n\t\t\t\t<div class=\"elementor-widget-container\">\n\t\t\t\t\t\t\t\t\t<p>+34 671 13 67 11<\/p>\n\t\t\t\t\t\t\t\t<\/div>\n\t\t\t\t<\/div>\n\t\t\t\t<div class=\"elementor-element elementor-element-5666c09 elementor-widget elementor-widget-text-editor\" data-id=\"5666c09\" data-element_type=\"widget\" data-e-type=\"widget\" data-widget_type=\"text-editor.default\">\n\t\t\t\t<div class=\"elementor-widget-container\">\n\t\t\t\t\t\t\t\t\t<p>Horario de atenci\u00f3n: <br \/>Lunes a Viernes: 6:00 &#8211; 14:00 CET<br \/>Tienda Online Operativa 24h<\/p>\n\t\t\t\t\t\t\t\t<\/div>\n\t\t\t\t<\/div>\n\t\t\t\t\t<\/div>\n\t\t<\/div>\n\t\t\t\t<div class=\"elementor-column elementor-col-33 elementor-top-column elementor-element elementor-element-8203b83\" data-id=\"8203b83\" data-element_type=\"column\" data-e-type=\"column\">\n\t\t\t<div class=\"elementor-widget-wrap elementor-element-populated\">\n\t\t\t\t\t\t<div class=\"elementor-element elementor-element-021de8d elementor-view-default elementor-widget elementor-widget-icon\" data-id=\"021de8d\" data-element_type=\"widget\" data-e-type=\"widget\" data-widget_type=\"icon.default\">\n\t\t\t\t<div class=\"elementor-widget-container\">\n\t\t\t\t\t\t\t<div class=\"elementor-icon-wrapper\">\n\t\t\t<div class=\"elementor-icon\">\n\t\t\t<svg xmlns=\"http:\/\/www.w3.org\/2000\/svg\" id=\"Capa_1\" data-name=\"Capa 1\" viewBox=\"0 0 179.37 170.08\"><title>Fabrica LaserBoost<\/title><path d=\"M316.14,394.89c-4.45,4.37-8.83,8.81-13.24,13.22a7.07,7.07,0,0,1-5.95,2.24,7.23,7.23,0,0,1-6.44-5.78,7.31,7.31,0,0,1,3.74-7.82,7.13,7.13,0,0,1,8.63,1.45c1.14,1.13,2.22,2.31,3.25,3.4l3.14-3.18c-1.28-1.29-2.56-2.67-3.95-3.93a11.6,11.6,0,1,0,.46,16.9c4.52-4.43,8.94-8.95,13.44-13.4a7.1,7.1,0,0,1,8.9-1,7.23,7.23,0,1,1-8.87,11.32c-1.25-1.19-2.4-2.5-3.57-3.72l-3.13,3.07c1.41,1.45,2.7,2.95,4.17,4.25a11.58,11.58,0,1,0-.58-17.06Z\" transform=\"translate(-183.29 -356.75)\" style=\"fill:#acacac\"><\/path><path d=\"M255,478h89a3.23,3.23,0,0,0,3.22-3.22V447a3.25,3.25,0,0,0-1.08-2.41,3.2,3.2,0,0,0-2.51-.79l-89,10.21a3.22,3.22,0,0,0-2.85,3.2v17.58A3.22,3.22,0,0,0,255,478Zm67.35-27.63L343.07,448v25.89H322.36Zm-37.92,4.35,33.81-3.88v23H284.44ZM255.91,458l24.42-2.81v18.69H255.91Z\" transform=\"translate(-183.29 -356.75)\" style=\"fill:#acacac\"><\/path><path d=\"M256.14,388.77H202.86v20.37h53.28Zm-20.39,4.15V405H223.17V392.92Zm-28.74,0h12V405H207ZM252,405H239.9V392.92H252Z\" transform=\"translate(-183.29 -356.75)\" style=\"fill:#acacac\"><\/path><path d=\"M256.14,416.1H202.86v20.37h53.28Zm-20.39,4.15v12.07H223.17V420.25Zm-28.74,0h12v12.07H207Zm45,12.07H239.9V420.25H252Z\" transform=\"translate(-183.29 -356.75)\" style=\"fill:#acacac\"><\/path><path d=\"M362.65,517.47c0-1.91-.76-2.66-2.65-2.68h-4.83V436.6c1.73-.2,3.39-.38,5-.59s2.57-1.24,2.41-2.56-1.3-2.08-2.92-1.88c-2.81.34-5.61.69-8.42,1l-6.35.77-2.39.28-7.58.91-2.8.34V423.28h7.13a5.31,5.31,0,0,0,5.3-5.3V388.16a5.31,5.31,0,0,0-5.3-5.3H282.55a5.31,5.31,0,0,0-5.3,5.3V418a5.31,5.31,0,0,0,5.3,5.3h7.57v16.64l-4.45.53L272.62,442h0l-6.08.73v-64H231.79v-9.56a6.38,6.38,0,1,0-4.21,0v9.56h-34.7v136c-2.82,0-4.92,0-5.86.05-1.1,0-2.67-.08-3.38,1-.52.76-.25,1.68-.25,2.52s0,1.49,0,2.23c0,1.26-.07,2.51-.11,3.76a2.35,2.35,0,0,0,.32,1.43,2.2,2.2,0,0,0,1.22.79,15,15,0,0,0,4.67.27c1.7,0,3.39,0,5.09,0l40.38,0H360.14c1.7,0,2.49-.8,2.5-2.5C362.67,522,362.66,519.73,362.65,517.47Zm-80.1-98.31a1.2,1.2,0,0,1-1.19-1.18V388.16a1.21,1.21,0,0,1,1.19-1.19h56.74a1.2,1.2,0,0,1,1.18,1.19V418a1.2,1.2,0,0,1-1.18,1.18Zm45.74,4.12v12.07L294,439.46V423.28Zm22.33,13.87v77.53H339.77V513q0-10.15,0-20.3c0-2.42-.69-3.12-3.05-3.12-4.56,0-9.13,0-13.69,0-2.12,0-2.83.69-2.83,2.83,0,6.77,0,13.54,0,20.31v2h-10.6V513c0-6.82,0-20.72,0-27.54,0-2.2-.71-2.91-2.9-2.91H259.2c-2.23,0-2.92.66-2.92,2.87,0,6.82,0,20.72,0,27.54v1.77H245.61v-65Zm-15.45,57v20.64H324.76V494.1ZM305.09,487v27.66H260.8V487ZM226.56,363.06a3,3,0,1,1,3,3A3,3,0,0,1,226.56,363.06ZM197.16,383h65.06v60.27L247.51,445l-1.36.17-4.87.58-3.46.41-2.28.29a2.08,2.08,0,0,0-2,2.36,2,2,0,0,0,2.31,2c1.67-.09,3.33-.31,5.14-.49V495.8h0v18.9h-9.7v0h-2.93V493.69a4.11,4.11,0,0,0-4.1-4.1H212.86a4.11,4.11,0,0,0-4.1,4.1v21.06h-11.6ZM224.1,493.8v20.95H213V493.8Zm134.09,28.46H187.87v-3H358.19Z\" transform=\"translate(-183.29 -356.75)\" style=\"fill:#acacac\"><\/path><\/svg>\t\t\t<\/div>\n\t\t<\/div>\n\t\t\t\t\t\t<\/div>\n\t\t\t\t<\/div>\n\t\t\t\t<div class=\"elementor-element elementor-element-45997ec elementor-widget elementor-widget-text-editor\" data-id=\"45997ec\" data-element_type=\"widget\" data-e-type=\"widget\" data-widget_type=\"text-editor.default\">\n\t\t\t\t<div class=\"elementor-widget-container\">\n\t\t\t\t\t\t\t\t\t<p style=\"text-align: left; padding-left: 40px;\">\ud83d\udccdProlongaci\u00f3n de, C. de Embajadores S\/N, Madrid, 28053.\u00a0Espa\u00f1a<\/p><p style=\"text-align: left; padding-left: 40px;\">\ud83d\udccdCalle Esteve Terrades 37B<br \/>Manresa, 08243, Espa\u00f1a<\/p>\t\t\t\t\t\t\t\t<\/div>\n\t\t\t\t<\/div>\n\t\t\t\t\t<\/div>\n\t\t<\/div>\n\t\t\t\t\t<\/div>\n\t\t<\/section>\n\t\t\t\t<\/div>\n\t\t","protected":false},"excerpt":{"rendered":"<p>Cont\u00e1ctanos Preg\u00fantanos acerca de ese material, modifica tu pedido, consulta el estado de tu pedido, ay\u00fadanos a mejorar, etc.Consulta con nosotros cualquier duda rellenando el formulario de contacto. O a trav\u00e9s de info@laserboost.com. Otras formas de contactar con nosotros info@laserboost.com +34 671 13 67 11 Horario de atenci\u00f3n: Lunes a Viernes: 6:00 &#8211; 14:00 CETTienda [&hellip;]<\/p>\n","protected":false},"author":6,"featured_media":0,"parent":0,"menu_order":0,"comment_status":"closed","ping_status":"closed","template":"","meta":{"_acf_changed":false,"footnotes":""},"class_list":["post-1255","page","type-page","status-publish","hentry"],"acf":[],"_links":{"self":[{"href":"https:\/\/www.laserboost.com\/es\/wp-json\/wp\/v2\/pages\/1255","targetHints":{"allow":["GET"]}}],"collection":[{"href":"https:\/\/www.laserboost.com\/es\/wp-json\/wp\/v2\/pages"}],"about":[{"href":"https:\/\/www.laserboost.com\/es\/wp-json\/wp\/v2\/types\/page"}],"author":[{"embeddable":true,"href":"https:\/\/www.laserboost.com\/es\/wp-json\/wp\/v2\/users\/6"}],"replies":[{"embeddable":true,"href":"https:\/\/www.laserboost.com\/es\/wp-json\/wp\/v2\/comments?post=1255"}],"version-history":[{"count":0,"href":"https:\/\/www.laserboost.com\/es\/wp-json\/wp\/v2\/pages\/1255\/revisions"}],"wp:attachment":[{"href":"https:\/\/www.laserboost.com\/es\/wp-json\/wp\/v2\/media?parent=1255"}],"curies":[{"name":"wp","href":"https:\/\/api.w.org\/{rel}","templated":true}]}}