{"id":1286,"date":"2021-01-05T11:00:28","date_gmt":"2021-01-05T11:00:28","guid":{"rendered":"https:\/\/www.laserboost.com\/?page_id=1286"},"modified":"2025-11-13T12:42:53","modified_gmt":"2025-11-13T12:42:53","slug":"aviso-legal","status":"publish","type":"page","link":"https:\/\/www.laserboost.com\/es\/aviso-legal\/","title":{"rendered":"Aviso Legal"},"content":{"rendered":"\t\t<div data-elementor-type=\"wp-page\" data-elementor-id=\"1286\" class=\"elementor elementor-1286 elementor-1715\" data-elementor-post-type=\"page\">\n\t\t\t\t\t\t<main class=\"elementor-section elementor-top-section elementor-element elementor-element-b323231 elementor-section-boxed elementor-section-height-default elementor-section-height-default\" data-id=\"b323231\" data-element_type=\"section\" data-e-type=\"section\" data-settings=\"{&quot;background_background&quot;:&quot;classic&quot;}\">\n\t\t\t\t\t\t<div class=\"elementor-container elementor-column-gap-default\">\n\t\t\t\t\t<div class=\"elementor-column elementor-col-100 elementor-top-column elementor-element elementor-element-c3534fd\" data-id=\"c3534fd\" data-element_type=\"column\" data-e-type=\"column\">\n\t\t\t<div class=\"elementor-widget-wrap elementor-element-populated\">\n\t\t\t\t\t\t<section class=\"elementor-section elementor-inner-section elementor-element elementor-element-f6ac370 elementor-section-boxed elementor-section-height-default elementor-section-height-default\" data-id=\"f6ac370\" data-element_type=\"section\" data-e-type=\"section\">\n\t\t\t\t\t\t<div class=\"elementor-container elementor-column-gap-default\">\n\t\t\t\t\t<div class=\"elementor-column elementor-col-100 elementor-inner-column elementor-element elementor-element-c6b473b\" data-id=\"c6b473b\" data-element_type=\"column\" data-e-type=\"column\">\n\t\t\t<div class=\"elementor-widget-wrap elementor-element-populated\">\n\t\t\t\t\t\t<div class=\"elementor-element elementor-element-317c388 elementor-widget elementor-widget-heading\" data-id=\"317c388\" data-element_type=\"widget\" data-e-type=\"widget\" data-widget_type=\"heading.default\">\n\t\t\t\t<div class=\"elementor-widget-container\">\n\t\t\t\t\t<h1 class=\"elementor-heading-title elementor-size-default\">Aviso Legal<\/h1>\t\t\t\t<\/div>\n\t\t\t\t<\/div>\n\t\t\t\t<div class=\"elementor-element elementor-element-3a83063 elementor-widget elementor-widget-text-editor\" data-id=\"3a83063\" data-element_type=\"widget\" data-e-type=\"widget\" data-widget_type=\"text-editor.default\">\n\t\t\t\t<div class=\"elementor-widget-container\">\n\t\t\t\t\t\t\t\t\t<p>Total transparencia. Sinceridad absoluta. Las cartas sobre la mesa.<\/p>\n\t\t\t\t\t\t\t\t<\/div>\n\t\t\t\t<\/div>\n\t\t\t\t\t<\/div>\n\t\t<\/div>\n\t\t\t\t\t<\/div>\n\t\t<\/section>\n\t\t\t\t\t<\/div>\n\t\t<\/div>\n\t\t\t\t\t<\/div>\n\t\t<\/main>\n\t\t\t\t<section class=\"elementor-section elementor-top-section elementor-element elementor-element-2c8ae12 elementor-reverse-tablet elementor-reverse-mobile elementor-section-boxed elementor-section-height-default elementor-section-height-default\" data-id=\"2c8ae12\" data-element_type=\"section\" data-e-type=\"section\">\n\t\t\t\t\t\t<div class=\"elementor-container elementor-column-gap-default\">\n\t\t\t\t\t<div class=\"elementor-column elementor-col-100 elementor-top-column elementor-element elementor-element-d2b756c\" data-id=\"d2b756c\" data-element_type=\"column\" data-e-type=\"column\">\n\t\t\t<div class=\"elementor-widget-wrap elementor-element-populated\">\n\t\t\t\t\t\t<section class=\"elementor-section elementor-inner-section elementor-element elementor-element-eefc222 elementor-section-boxed elementor-section-height-default elementor-section-height-default\" data-id=\"eefc222\" data-element_type=\"section\" data-e-type=\"section\">\n\t\t\t\t\t\t<div class=\"elementor-container elementor-column-gap-default\">\n\t\t\t\t\t<div class=\"elementor-column elementor-col-100 elementor-inner-column elementor-element elementor-element-70ecba9\" data-id=\"70ecba9\" data-element_type=\"column\" data-e-type=\"column\">\n\t\t\t<div class=\"elementor-widget-wrap elementor-element-populated\">\n\t\t\t\t\t\t<div class=\"elementor-element elementor-element-33afd15 elementor-widget elementor-widget-heading\" data-id=\"33afd15\" data-element_type=\"widget\" data-e-type=\"widget\" data-widget_type=\"heading.default\">\n\t\t\t\t<div class=\"elementor-widget-container\">\n\t\t\t\t\t<h2 class=\"elementor-heading-title elementor-size-default\">1. DATOS GENERALES<\/h2>\t\t\t\t<\/div>\n\t\t\t\t<\/div>\n\t\t\t\t<div class=\"elementor-element elementor-element-c64bbd0 elementor-widget elementor-widget-text-editor\" data-id=\"c64bbd0\" data-element_type=\"widget\" data-e-type=\"widget\" data-widget_type=\"text-editor.default\">\n\t\t\t\t<div class=\"elementor-widget-container\">\n\t\t\t\t\t\t\t\t\t<p>De acuerdo con el art\u00edculo 10 de la Ley 34\/2002, de 11 de julio, de Servicios de la Sociedad de la Informaci\u00f3n y de Comercio Electr\u00f3nico ponemos a su disposici\u00f3n los siguientes datos:<\/p>\n\t\t\t\t\t\t\t\t<\/div>\n\t\t\t\t<\/div>\n\t\t\t\t<div class=\"elementor-element elementor-element-5b995c8 elementor-widget elementor-widget-image\" data-id=\"5b995c8\" data-element_type=\"widget\" data-e-type=\"widget\" data-widget_type=\"image.default\">\n\t\t\t\t<div class=\"elementor-widget-container\">\n\t\t\t\t\t\t\t\t\t\t\t\t\t\t\t<img fetchpriority=\"high\" decoding=\"async\" width=\"1370\" height=\"260\" src=\"https:\/\/www.laserboost.com\/wp-content\/uploads\/2021\/04\/unnamed-file.png\" class=\"attachment-full size-full wp-image-17133\" alt=\"\" srcset=\"https:\/\/www.laserboost.com\/wp-content\/uploads\/2021\/04\/unnamed-file.png 1370w, https:\/\/www.laserboost.com\/wp-content\/uploads\/2021\/04\/unnamed-file-300x57.png 300w, https:\/\/www.laserboost.com\/wp-content\/uploads\/2021\/04\/unnamed-file-1024x194.png 1024w, https:\/\/www.laserboost.com\/wp-content\/uploads\/2021\/04\/unnamed-file-768x146.png 768w\" sizes=\"(max-width: 1370px) 100vw, 1370px\" title=\"\">\t\t\t\t\t\t\t\t\t\t\t\t\t\t\t<\/div>\n\t\t\t\t<\/div>\n\t\t\t\t<div class=\"elementor-element elementor-element-2b0cea8 elementor-widget elementor-widget-text-editor\" data-id=\"2b0cea8\" data-element_type=\"widget\" data-e-type=\"widget\" data-widget_type=\"text-editor.default\">\n\t\t\t\t<div class=\"elementor-widget-container\">\n\t\t\t\t\t\t\t\t\t<p>Empresa de corte l\u00e1ser de metal El principal objetivo de www.LaserBoost.com es facilitar a los clientes y al p\u00fablico en general, la informaci\u00f3n relativa a la empresa y servicios que se ofrecen.<\/p>\n\t\t\t\t\t\t\t\t<\/div>\n\t\t\t\t<\/div>\n\t\t\t\t\t<\/div>\n\t\t<\/div>\n\t\t\t\t\t<\/div>\n\t\t<\/section>\n\t\t\t\t<section class=\"elementor-section elementor-inner-section elementor-element elementor-element-fbb0b41 elementor-section-boxed elementor-section-height-default elementor-section-height-default\" data-id=\"fbb0b41\" data-element_type=\"section\" data-e-type=\"section\">\n\t\t\t\t\t\t<div class=\"elementor-container elementor-column-gap-default\">\n\t\t\t\t\t<div class=\"elementor-column elementor-col-100 elementor-inner-column elementor-element elementor-element-d8ab61c\" data-id=\"d8ab61c\" data-element_type=\"column\" data-e-type=\"column\">\n\t\t\t<div class=\"elementor-widget-wrap elementor-element-populated\">\n\t\t\t\t\t\t<div class=\"elementor-element elementor-element-f9e9e7b elementor-widget elementor-widget-heading\" data-id=\"f9e9e7b\" data-element_type=\"widget\" data-e-type=\"widget\" data-widget_type=\"heading.default\">\n\t\t\t\t<div class=\"elementor-widget-container\">\n\t\t\t\t\t<h2 class=\"elementor-heading-title elementor-size-default\">2. POL\u00cdTICA DE PRIVACIDAD<\/h2>\t\t\t\t<\/div>\n\t\t\t\t<\/div>\n\t\t\t\t<div class=\"elementor-element elementor-element-c73f07c elementor-widget elementor-widget-text-editor\" data-id=\"c73f07c\" data-element_type=\"widget\" data-e-type=\"widget\" data-widget_type=\"text-editor.default\">\n\t\t\t\t<div class=\"elementor-widget-container\">\n\t\t\t\t\t\t\t\t\t<p>En cumplimiento de lo dispuesto en la Ley Org\u00e1nica 15\/1999, de 13 de Diciembre, de Protecci\u00f3n de Datos de Car\u00e1cter Personal (LOPD) se informa al usuario que todos los datos que nos proporcione ser\u00e1n incorporados a un fichero, creado y mantenido bajo la responsabilidad LaserBoost\u2122.<\/p>\n<p>Siempre se va a respetar la confidencialidad de sus datos personales que s\u00f3lo ser\u00e1n utilizados con la finalidad de gestionar los servicios ofrecidos, atender a las solicitudes que nos plantee, realizar tareas administrativas, as\u00ed como remitir informaci\u00f3n t\u00e9cnica, comercial o publicitaria por v\u00eda ordinaria o electr\u00f3nica.<\/p>\n<p>Para ejercer sus derechos de oposici\u00f3n, rectificaci\u00f3n o cancelaci\u00f3n, debe dirigirse a la sede de la empresa ubicada en la Calle Vilatorrada 3-5, Manresa 08272, Barcelona, o escribir al siguiente correo electr\u00f3nico info@laserboost.com.<\/p>\n\t\t\t\t\t\t\t\t<\/div>\n\t\t\t\t<\/div>\n\t\t\t\t\t<\/div>\n\t\t<\/div>\n\t\t\t\t\t<\/div>\n\t\t<\/section>\n\t\t\t\t<section class=\"elementor-section elementor-inner-section elementor-element elementor-element-dc7da5c elementor-section-boxed elementor-section-height-default elementor-section-height-default\" data-id=\"dc7da5c\" data-element_type=\"section\" data-e-type=\"section\">\n\t\t\t\t\t\t<div class=\"elementor-container elementor-column-gap-default\">\n\t\t\t\t\t<div class=\"elementor-column elementor-col-100 elementor-inner-column elementor-element elementor-element-9178f71\" data-id=\"9178f71\" data-element_type=\"column\" data-e-type=\"column\">\n\t\t\t<div class=\"elementor-widget-wrap elementor-element-populated\">\n\t\t\t\t\t\t<div class=\"elementor-element elementor-element-c9d5750 elementor-widget elementor-widget-heading\" data-id=\"c9d5750\" data-element_type=\"widget\" data-e-type=\"widget\" data-widget_type=\"heading.default\">\n\t\t\t\t<div class=\"elementor-widget-container\">\n\t\t\t\t\t<h2 class=\"elementor-heading-title elementor-size-default\">3. CONDICIONES DE USO<\/h2>\t\t\t\t<\/div>\n\t\t\t\t<\/div>\n\t\t\t\t<div class=\"elementor-element elementor-element-e0ad477 elementor-widget elementor-widget-text-editor\" data-id=\"e0ad477\" data-element_type=\"widget\" data-e-type=\"widget\" data-widget_type=\"text-editor.default\">\n\t\t\t\t<div class=\"elementor-widget-container\">\n\t\t\t\t\t\t\t\t\t<p>Las condiciones de acceso y uso del presente sitio web se rigen por la legalidad vigente y por el principio de buena fe comprometi\u00e9ndose el usuario a realizar un buen uso de la web. No se permiten conductas que vayan contra la ley, los derechos o intereses de terceros.<\/p>\n<p>Ser usuario de la web de www.LaserBoost.com implica que reconoce haber le\u00eddo y aceptado las presentes condiciones y lo que las extienda la normativa legal aplicable en esta materia. Si por el motivo que fuere no est\u00e1 de acuerdo con estas condiciones no contin\u00fae usando esta web.<\/p>\n<p>Cualquier tipo de notificaci\u00f3n y\/o reclamaci\u00f3n solamente ser\u00e1 v\u00e1lida por notificaci\u00f3n escrita y\/o correo certificado.<\/p>\n\t\t\t\t\t\t\t\t<\/div>\n\t\t\t\t<\/div>\n\t\t\t\t\t<\/div>\n\t\t<\/div>\n\t\t\t\t\t<\/div>\n\t\t<\/section>\n\t\t\t\t<section class=\"elementor-section elementor-inner-section elementor-element elementor-element-a803990 elementor-section-boxed elementor-section-height-default elementor-section-height-default\" data-id=\"a803990\" data-element_type=\"section\" data-e-type=\"section\">\n\t\t\t\t\t\t<div class=\"elementor-container elementor-column-gap-default\">\n\t\t\t\t\t<div class=\"elementor-column elementor-col-100 elementor-inner-column elementor-element elementor-element-55215c3\" data-id=\"55215c3\" data-element_type=\"column\" data-e-type=\"column\">\n\t\t\t<div class=\"elementor-widget-wrap elementor-element-populated\">\n\t\t\t\t\t\t<div class=\"elementor-element elementor-element-ba27a68 elementor-widget elementor-widget-heading\" data-id=\"ba27a68\" data-element_type=\"widget\" data-e-type=\"widget\" data-widget_type=\"heading.default\">\n\t\t\t\t<div class=\"elementor-widget-container\">\n\t\t\t\t\t<h2 class=\"elementor-heading-title elementor-size-default\">4. RESPONSABILIDADES<\/h2>\t\t\t\t<\/div>\n\t\t\t\t<\/div>\n\t\t\t\t<div class=\"elementor-element elementor-element-937884f elementor-widget elementor-widget-text-editor\" data-id=\"937884f\" data-element_type=\"widget\" data-e-type=\"widget\" data-widget_type=\"text-editor.default\">\n\t\t\t\t<div class=\"elementor-widget-container\">\n\t\t\t\t\t\t\t\t\t<p>LaserBoost\u2122 no se hace responsable de la informaci\u00f3n y contenidos almacenados en foros, redes sociales o cualesquier otro medio que permita a terceros publicar contenidos de forma independiente en la p\u00e1gina web del prestador.<\/p>\n<p>Sin embargo, teniendo en cuenta los art. 11 y 16 de la LSSI-CE, LaserBoost\u2122 se compromete a la retirada o en su caso bloqueo de aquellos contenidos que pudieran afectar o contravenir la legislaci\u00f3n nacional o internacional, derechos de terceros o la moral y el orden p\u00fablico.<\/p>\n<p>Tampoco la empresa se responsabilizar\u00e1 de los da\u00f1os y perjuicios que se produzcan por fallos o malas configuraciones del software instalado en el ordenador del internauta. Se excluye toda responsabilidad por alguna incidencia t\u00e9cnica o fallo que se produzca cuando el usuario se conecte a internet. Igualmente no se garantiza la inexistencia de interrupciones o errores en el acceso al sitio web.<\/p>\n<p>As\u00ed mismo, LaserBoost\u2122 se reserva el derecho a actualizar, modificar o eliminar la informaci\u00f3n contenida en su p\u00e1gina web, as\u00ed como la configuraci\u00f3n o presentaci\u00f3n del mismo, en cualquier momento sin asumir alguna responsabilidad por ello.<\/p>\n\t\t\t\t\t\t\t\t<\/div>\n\t\t\t\t<\/div>\n\t\t\t\t\t<\/div>\n\t\t<\/div>\n\t\t\t\t\t<\/div>\n\t\t<\/section>\n\t\t\t\t<section class=\"elementor-section elementor-inner-section elementor-element elementor-element-c78f4dd elementor-section-boxed elementor-section-height-default elementor-section-height-default\" data-id=\"c78f4dd\" data-element_type=\"section\" data-e-type=\"section\">\n\t\t\t\t\t\t<div class=\"elementor-container elementor-column-gap-default\">\n\t\t\t\t\t<div class=\"elementor-column elementor-col-100 elementor-inner-column elementor-element elementor-element-b74063c\" data-id=\"b74063c\" data-element_type=\"column\" data-e-type=\"column\">\n\t\t\t<div class=\"elementor-widget-wrap elementor-element-populated\">\n\t\t\t\t\t\t<div class=\"elementor-element elementor-element-b272758 elementor-widget elementor-widget-heading\" data-id=\"b272758\" data-element_type=\"widget\" data-e-type=\"widget\" data-widget_type=\"heading.default\">\n\t\t\t\t<div class=\"elementor-widget-container\">\n\t\t\t\t\t<h2 class=\"elementor-heading-title elementor-size-default\">5. PROPIEDAD INTELECTUAL E INDUSTRIAL<\/h2>\t\t\t\t<\/div>\n\t\t\t\t<\/div>\n\t\t\t\t<div class=\"elementor-element elementor-element-6827c4d elementor-widget elementor-widget-text-editor\" data-id=\"6827c4d\" data-element_type=\"widget\" data-e-type=\"widget\" data-widget_type=\"text-editor.default\">\n\t\t\t\t<div class=\"elementor-widget-container\">\n\t\t\t\t\t\t\t\t\t<p>Ning\u00fan material publicado en esta web podr\u00e1 ser reproducido, copiado o publicado sin el consentimiento por escrito de LaserBoost\u2122.<\/p>\n<p>Toda la informaci\u00f3n que se reciba en la web, como comentarios, sugerencias o ideas, se considerar\u00e1 cedida a LaserBoost\u2122 de manera gratuita. No debe enviarse informaci\u00f3n que NO pueda ser tratada de este modo.<\/p>\n<p>Todos los productos y servicios de estas p\u00e1ginas que NO son propiedad de LaserBoost\u2122 son marcas registradas de sus respectivos propietarios y son reconocidas como tales por nuestra empresa. Solamente aparecen en la web de LaserBoost\u2122 a efectos de promoci\u00f3n y de recopilaci\u00f3n de informaci\u00f3n. Estos propietarios pueden solicitar la modificaci\u00f3n o eliminaci\u00f3n de la informaci\u00f3n que les pertenece.<\/p>\n<p>Para informaci\u00f3n mas detallada sobre sus derechos, responsabilidades, obligaciones, limitaciones y exclusiones que le aplicar\u00e1n como usuario y cliente, dir\u00edjase a nuestro apartado sobre los T\u00e9rminos de uso y Condiciones de compra haciendo clic aqu\u00ed.<\/p>\n\t\t\t\t\t\t\t\t<\/div>\n\t\t\t\t<\/div>\n\t\t\t\t\t<\/div>\n\t\t<\/div>\n\t\t\t\t\t<\/div>\n\t\t<\/section>\n\t\t\t\t<section class=\"elementor-section elementor-inner-section elementor-element elementor-element-aadb4ce elementor-section-boxed elementor-section-height-default elementor-section-height-default\" data-id=\"aadb4ce\" data-element_type=\"section\" data-e-type=\"section\">\n\t\t\t\t\t\t<div class=\"elementor-container elementor-column-gap-default\">\n\t\t\t\t\t<div class=\"elementor-column elementor-col-100 elementor-inner-column elementor-element elementor-element-140a5ba\" data-id=\"140a5ba\" data-element_type=\"column\" data-e-type=\"column\">\n\t\t\t<div class=\"elementor-widget-wrap elementor-element-populated\">\n\t\t\t\t\t\t<div class=\"elementor-element elementor-element-1825a94 elementor-widget elementor-widget-heading\" data-id=\"1825a94\" data-element_type=\"widget\" data-e-type=\"widget\" data-widget_type=\"heading.default\">\n\t\t\t\t<div class=\"elementor-widget-container\">\n\t\t\t\t\t<h2 class=\"elementor-heading-title elementor-size-default\">6. LEY APLICABLE Y JURISDICCI\u00d3N<\/h2>\t\t\t\t<\/div>\n\t\t\t\t<\/div>\n\t\t\t\t<div class=\"elementor-element elementor-element-09af6e0 elementor-widget elementor-widget-text-editor\" data-id=\"09af6e0\" data-element_type=\"widget\" data-e-type=\"widget\" data-widget_type=\"text-editor.default\">\n\t\t\t\t<div class=\"elementor-widget-container\">\n\t\t\t\t\t\t\t\t\t<p>Las presentes condiciones generales se rigen por la legislaci\u00f3n espa\u00f1ola. Para cualquier litigio que pudiera surgir relacionado con el sitio web o la actividad que en \u00e9l se desarrolla ser\u00e1n competentes Juzgados de Barcelona o Manresa, renunciando expresamente el usuario a cualquier otro fuero que pudiera corresponderle.<\/p>\n\t\t\t\t\t\t\t\t<\/div>\n\t\t\t\t<\/div>\n\t\t\t\t\t<\/div>\n\t\t<\/div>\n\t\t\t\t\t<\/div>\n\t\t<\/section>\n\t\t\t\t<section class=\"elementor-section elementor-inner-section elementor-element elementor-element-c671f9a elementor-section-boxed elementor-section-height-default elementor-section-height-default\" data-id=\"c671f9a\" data-element_type=\"section\" data-e-type=\"section\">\n\t\t\t\t\t\t<div class=\"elementor-container elementor-column-gap-default\">\n\t\t\t\t\t<div class=\"elementor-column elementor-col-100 elementor-inner-column elementor-element elementor-element-40397d1\" data-id=\"40397d1\" data-element_type=\"column\" data-e-type=\"column\">\n\t\t\t<div class=\"elementor-widget-wrap elementor-element-populated\">\n\t\t\t\t\t\t<div class=\"elementor-element elementor-element-bae4727 elementor-widget elementor-widget-heading\" data-id=\"bae4727\" data-element_type=\"widget\" data-e-type=\"widget\" data-widget_type=\"heading.default\">\n\t\t\t\t<div class=\"elementor-widget-container\">\n\t\t\t\t\t<h2 class=\"elementor-heading-title elementor-size-default\">7. POL\u00cdTICA DE COOKIES<\/h2>\t\t\t\t<\/div>\n\t\t\t\t<\/div>\n\t\t\t\t<div class=\"elementor-element elementor-element-50a4cd5 elementor-widget elementor-widget-text-editor\" data-id=\"50a4cd5\" data-element_type=\"widget\" data-e-type=\"widget\" data-widget_type=\"text-editor.default\">\n\t\t\t\t<div class=\"elementor-widget-container\">\n\t\t\t\t\t\t\t\t\t<p>LaserBoost\u2122 por su propia cuenta puede utilizar cookies cuando el usuario navega por el sitio web. Para m\u00e1s informaci\u00f3n de nuestra pol\u00edtica de cookies, dir\u00edjase a nuestro apartado especifico sobre el tratamiento de cookies de nuestro sitio web haciendo clic aqu\u00ed.<\/p>\n\t\t\t\t\t\t\t\t<\/div>\n\t\t\t\t<\/div>\n\t\t\t\t\t<\/div>\n\t\t<\/div>\n\t\t\t\t\t<\/div>\n\t\t<\/section>\n\t\t\t\t<section class=\"elementor-section elementor-inner-section elementor-element elementor-element-58504a3 elementor-section-boxed elementor-section-height-default elementor-section-height-default\" data-id=\"58504a3\" data-element_type=\"section\" data-e-type=\"section\">\n\t\t\t\t\t\t<div class=\"elementor-container elementor-column-gap-default\">\n\t\t\t\t\t<div class=\"elementor-column elementor-col-100 elementor-inner-column elementor-element elementor-element-360b86c\" data-id=\"360b86c\" data-element_type=\"column\" data-e-type=\"column\">\n\t\t\t<div class=\"elementor-widget-wrap elementor-element-populated\">\n\t\t\t\t\t\t<div class=\"elementor-element elementor-element-bb9ceda elementor-widget elementor-widget-heading\" data-id=\"bb9ceda\" data-element_type=\"widget\" data-e-type=\"widget\" data-widget_type=\"heading.default\">\n\t\t\t\t<div class=\"elementor-widget-container\">\n\t\t\t\t\t<h2 class=\"elementor-heading-title elementor-size-default\">8. IDIOMA Y VALIDEZ DE LOS T\u00c9RMINOS DE USO Y CONDICIONES DE COMPRA<\/h2>\t\t\t\t<\/div>\n\t\t\t\t<\/div>\n\t\t\t\t<div class=\"elementor-element elementor-element-95cb283 elementor-widget elementor-widget-text-editor\" data-id=\"95cb283\" data-element_type=\"widget\" data-e-type=\"widget\" data-widget_type=\"text-editor.default\">\n\t\t\t\t<div class=\"elementor-widget-container\">\n\t\t\t\t\t\t\t\t\t<p>La versi\u00f3n en espa\u00f1ol de la Pol\u00edtica de Cookies es la versi\u00f3n legalmente vinculante en caso de cualquier incoherencia entre la versi\u00f3n en espa\u00f1ol y cualquier traducci\u00f3n a otro idioma.<\/p>\n\t\t\t\t\t\t\t\t<\/div>\n\t\t\t\t<\/div>\n\t\t\t\t\t<\/div>\n\t\t<\/div>\n\t\t\t\t\t<\/div>\n\t\t<\/section>\n\t\t\t\t<section class=\"elementor-section elementor-inner-section elementor-element elementor-element-5854bcf elementor-section-boxed elementor-section-height-default elementor-section-height-default\" data-id=\"5854bcf\" data-element_type=\"section\" data-e-type=\"section\">\n\t\t\t\t\t\t<div class=\"elementor-container elementor-column-gap-default\">\n\t\t\t\t\t<div class=\"elementor-column elementor-col-100 elementor-inner-column elementor-element elementor-element-36fd11d\" data-id=\"36fd11d\" data-element_type=\"column\" data-e-type=\"column\">\n\t\t\t<div class=\"elementor-widget-wrap elementor-element-populated\">\n\t\t\t\t\t\t<div class=\"elementor-element elementor-element-baae030 elementor-widget elementor-widget-heading\" data-id=\"baae030\" data-element_type=\"widget\" data-e-type=\"widget\" data-widget_type=\"heading.default\">\n\t\t\t\t<div class=\"elementor-widget-container\">\n\t\t\t\t\t<h2 class=\"elementor-heading-title elementor-size-default\">9. FECHA DE VIGENCIA<\/h2>\t\t\t\t<\/div>\n\t\t\t\t<\/div>\n\t\t\t\t<div class=\"elementor-element elementor-element-cb397c8 elementor-widget elementor-widget-text-editor\" data-id=\"cb397c8\" data-element_type=\"widget\" data-e-type=\"widget\" data-widget_type=\"text-editor.default\">\n\t\t\t\t<div class=\"elementor-widget-container\">\n\t\t\t\t\t\t\t\t\t<p>El documento vinculante, Pol\u00edtica de cookies, ha sido revisado en la fecha indicada mas abajo, dejando como obsoleto e inaplicable cualquier versi\u00f3n con fecha anterior.<\/p>\n\t\t\t\t\t\t\t\t<\/div>\n\t\t\t\t<\/div>\n\t\t\t\t\t<\/div>\n\t\t<\/div>\n\t\t\t\t\t<\/div>\n\t\t<\/section>\n\t\t\t\t<div class=\"elementor-element elementor-element-488ddf4 elementor-widget elementor-widget-text-editor\" data-id=\"488ddf4\" data-element_type=\"widget\" data-e-type=\"widget\" data-widget_type=\"text-editor.default\">\n\t\t\t\t<div class=\"elementor-widget-container\">\n\t\t\t\t\t\t\t\t\t<p><em>LaserBoost\u2122, rev. 10\/01\/2017.<\/em><\/p>\n<p><em>\u200bLaserBoost.com\u2122. Todos los derechos reservados.<\/em><\/p>\n\t\t\t\t\t\t\t\t<\/div>\n\t\t\t\t<\/div>\n\t\t\t\t\t<\/div>\n\t\t<\/div>\n\t\t\t\t\t<\/div>\n\t\t<\/section>\n\t\t\t\t<\/div>\n\t\t","protected":false},"excerpt":{"rendered":"<p>Total transparencia. Sinceridad absoluta. Las cartas sobre la mesa. 1. DATOS GENERALES De acuerdo con el art\u00edculo 10 de la Ley 34\/2002, de 11 de julio, de Servicios de la Sociedad de la Informaci\u00f3n y de Comercio Electr\u00f3nico ponemos a su disposici\u00f3n los siguientes datos: Empresa de corte l\u00e1ser de metal El principal objetivo de [&hellip;]<\/p>\n","protected":false},"author":6,"featured_media":0,"parent":0,"menu_order":0,"comment_status":"closed","ping_status":"closed","template":"","meta":{"_acf_changed":false,"footnotes":""},"class_list":["post-1286","page","type-page","status-publish","hentry"],"acf":[],"_links":{"self":[{"href":"https:\/\/www.laserboost.com\/es\/wp-json\/wp\/v2\/pages\/1286","targetHints":{"allow":["GET"]}}],"collection":[{"href":"https:\/\/www.laserboost.com\/es\/wp-json\/wp\/v2\/pages"}],"about":[{"href":"https:\/\/www.laserboost.com\/es\/wp-json\/wp\/v2\/types\/page"}],"author":[{"embeddable":true,"href":"https:\/\/www.laserboost.com\/es\/wp-json\/wp\/v2\/users\/6"}],"replies":[{"embeddable":true,"href":"https:\/\/www.laserboost.com\/es\/wp-json\/wp\/v2\/comments?post=1286"}],"version-history":[{"count":0,"href":"https:\/\/www.laserboost.com\/es\/wp-json\/wp\/v2\/pages\/1286\/revisions"}],"wp:attachment":[{"href":"https:\/\/www.laserboost.com\/es\/wp-json\/wp\/v2\/media?parent=1286"}],"curies":[{"name":"wp","href":"https:\/\/api.w.org\/{rel}","templated":true}]}}