{"id":1302,"date":"2021-01-08T13:38:19","date_gmt":"2021-01-08T13:38:19","guid":{"rendered":"https:\/\/www.laserboost.com\/?page_id=1302"},"modified":"2025-11-13T12:43:00","modified_gmt":"2025-11-13T12:43:00","slug":"politica-de-cookies","status":"publish","type":"page","link":"https:\/\/www.laserboost.com\/es\/politica-de-cookies\/","title":{"rendered":"Pol\u00edtica de cookies"},"content":{"rendered":"\t\t<div data-elementor-type=\"wp-page\" data-elementor-id=\"1302\" class=\"elementor elementor-1302 elementor-1723\" data-elementor-post-type=\"page\">\n\t\t\t\t\t\t<main class=\"elementor-section elementor-top-section elementor-element elementor-element-a93a4f7 elementor-section-boxed elementor-section-height-default elementor-section-height-default\" data-id=\"a93a4f7\" data-element_type=\"section\" data-e-type=\"section\" data-settings=\"{&quot;background_background&quot;:&quot;classic&quot;}\">\n\t\t\t\t\t\t<div class=\"elementor-container elementor-column-gap-default\">\n\t\t\t\t\t<div class=\"elementor-column elementor-col-100 elementor-top-column elementor-element elementor-element-004931d\" data-id=\"004931d\" data-element_type=\"column\" data-e-type=\"column\">\n\t\t\t<div class=\"elementor-widget-wrap elementor-element-populated\">\n\t\t\t\t\t\t<section class=\"elementor-section elementor-inner-section elementor-element elementor-element-d0f54a7 elementor-section-boxed elementor-section-height-default elementor-section-height-default\" data-id=\"d0f54a7\" data-element_type=\"section\" data-e-type=\"section\">\n\t\t\t\t\t\t<div class=\"elementor-container elementor-column-gap-default\">\n\t\t\t\t\t<div class=\"elementor-column elementor-col-100 elementor-inner-column elementor-element elementor-element-8b5dcf2\" data-id=\"8b5dcf2\" data-element_type=\"column\" data-e-type=\"column\">\n\t\t\t<div class=\"elementor-widget-wrap elementor-element-populated\">\n\t\t\t\t\t\t<div class=\"elementor-element elementor-element-53f9f9f elementor-widget elementor-widget-heading\" data-id=\"53f9f9f\" data-element_type=\"widget\" data-e-type=\"widget\" data-widget_type=\"heading.default\">\n\t\t\t\t<div class=\"elementor-widget-container\">\n\t\t\t\t\t<h1 class=\"elementor-heading-title elementor-size-default\">Pol\u00edtica de cookies<\/h1>\t\t\t\t<\/div>\n\t\t\t\t<\/div>\n\t\t\t\t<div class=\"elementor-element elementor-element-7a040c1 elementor-widget elementor-widget-text-editor\" data-id=\"7a040c1\" data-element_type=\"widget\" data-e-type=\"widget\" data-widget_type=\"text-editor.default\">\n\t\t\t\t<div class=\"elementor-widget-container\">\n\t\t\t\t\t\t\t\t\t<p>Como tratamos esta informaci\u00f3n har\u00e1 que en un futuro nos entendamos mejor.<\/p>\n\t\t\t\t\t\t\t\t<\/div>\n\t\t\t\t<\/div>\n\t\t\t\t\t<\/div>\n\t\t<\/div>\n\t\t\t\t\t<\/div>\n\t\t<\/section>\n\t\t\t\t\t<\/div>\n\t\t<\/div>\n\t\t\t\t\t<\/div>\n\t\t<\/main>\n\t\t\t\t<section class=\"elementor-section elementor-top-section elementor-element elementor-element-e4f0fc7 elementor-reverse-tablet elementor-reverse-mobile elementor-section-boxed elementor-section-height-default elementor-section-height-default\" data-id=\"e4f0fc7\" data-element_type=\"section\" data-e-type=\"section\">\n\t\t\t\t\t\t<div class=\"elementor-container elementor-column-gap-default\">\n\t\t\t\t\t<div class=\"elementor-column elementor-col-100 elementor-top-column elementor-element elementor-element-79bb379\" data-id=\"79bb379\" data-element_type=\"column\" data-e-type=\"column\">\n\t\t\t<div class=\"elementor-widget-wrap elementor-element-populated\">\n\t\t\t\t\t\t<section class=\"elementor-section elementor-inner-section elementor-element elementor-element-c165889 elementor-section-boxed elementor-section-height-default elementor-section-height-default\" data-id=\"c165889\" data-element_type=\"section\" data-e-type=\"section\">\n\t\t\t\t\t\t<div class=\"elementor-container elementor-column-gap-default\">\n\t\t\t\t\t<div class=\"elementor-column elementor-col-100 elementor-inner-column elementor-element elementor-element-a6dd274\" data-id=\"a6dd274\" data-element_type=\"column\" data-e-type=\"column\">\n\t\t\t<div class=\"elementor-widget-wrap elementor-element-populated\">\n\t\t\t\t\t\t<div class=\"elementor-element elementor-element-cfc7735 elementor-widget elementor-widget-heading\" data-id=\"cfc7735\" data-element_type=\"widget\" data-e-type=\"widget\" data-widget_type=\"heading.default\">\n\t\t\t\t<div class=\"elementor-widget-container\">\n\t\t\t\t\t<h2 class=\"elementor-heading-title elementor-size-default\">1. USO DE COOKIES<\/h2>\t\t\t\t<\/div>\n\t\t\t\t<\/div>\n\t\t\t\t<div class=\"elementor-element elementor-element-f3a8963 elementor-widget elementor-widget-text-editor\" data-id=\"f3a8963\" data-element_type=\"widget\" data-e-type=\"widget\" data-widget_type=\"text-editor.default\">\n\t\t\t\t<div class=\"elementor-widget-container\">\n\t\t\t\t\t\t\t\t\t<p>La p\u00e1gina web www.LaserBoost.com titularidad de LaserBoost utiliza cookies.<\/p>\n<p>Las cookies son ficheros que se descargan en su ordenador al acceder a determinadas p\u00e1ginas web. Las cookies permiten a una p\u00e1gina web, entre otras cosas, almacenar y recuperar informaci\u00f3n sobre los h\u00e1bitos de navegaci\u00f3n de un usuario o de su equipo y, dependiendo de la informaci\u00f3n que contengan y de la forma en que utilice su equipo.<\/p>\n<p>Adem\u00e1s, mejoran su proceso de navegaci\u00f3n, ya que permiten que la p\u00e1gina web ofrezca al usuario informaci\u00f3n que puede ser de su inter\u00e9s en funci\u00f3n del uso que realice, del contenido de la misma.<\/p>\n<p>En caso de no querer recibir cookies, por favor configure su navegador de Internet, para que las borre del disco duro de su ordenador, las bloquee o le avise en caso de instalaci\u00f3n de las mismas. Para continuar sin cambios en la configuraci\u00f3n de las cookies, simplemente contin\u00fae en la p\u00e1gina web.<\/p>\t\t\t\t\t\t\t\t<\/div>\n\t\t\t\t<\/div>\n\t\t\t\t\t<\/div>\n\t\t<\/div>\n\t\t\t\t\t<\/div>\n\t\t<\/section>\n\t\t\t\t<section class=\"elementor-section elementor-inner-section elementor-element elementor-element-fe2efe6 elementor-section-boxed elementor-section-height-default elementor-section-height-default\" data-id=\"fe2efe6\" data-element_type=\"section\" data-e-type=\"section\">\n\t\t\t\t\t\t<div class=\"elementor-container elementor-column-gap-default\">\n\t\t\t\t\t<div class=\"elementor-column elementor-col-100 elementor-inner-column elementor-element elementor-element-cf65da1\" data-id=\"cf65da1\" data-element_type=\"column\" data-e-type=\"column\">\n\t\t\t<div class=\"elementor-widget-wrap elementor-element-populated\">\n\t\t\t\t\t\t<div class=\"elementor-element elementor-element-7224368 elementor-widget elementor-widget-heading\" data-id=\"7224368\" data-element_type=\"widget\" data-e-type=\"widget\" data-widget_type=\"heading.default\">\n\t\t\t\t<div class=\"elementor-widget-container\">\n\t\t\t\t\t<h2 class=\"elementor-heading-title elementor-size-default\">2. CONSENTIMIENTO<\/h2>\t\t\t\t<\/div>\n\t\t\t\t<\/div>\n\t\t\t\t<div class=\"elementor-element elementor-element-8405f27 elementor-widget elementor-widget-text-editor\" data-id=\"8405f27\" data-element_type=\"widget\" data-e-type=\"widget\" data-widget_type=\"text-editor.default\">\n\t\t\t\t<div class=\"elementor-widget-container\">\n\t\t\t\t\t\t\t\t\t<p>Las cookies que utilizamos no almacenan dato personal alguno, ni ning\u00fan tipo de informaci\u00f3n que pueda identificarle, salvo que quiera registrarse, de forma voluntaria con el fin de utilizar los servicios que ponemos a su disposici\u00f3n o de recibir informaci\u00f3n sobre promociones y contenidos de su inter\u00e9s.<\/p>\n<p>Al navegar y continuar en nuestra web nos indica que est\u00e1 consintiendo el uso de las cookies antes enunciadas, y en las condiciones contenidas en la presente pol\u00edtica de cookies.<\/p>\n\t\t\t\t\t\t\t\t<\/div>\n\t\t\t\t<\/div>\n\t\t\t\t\t<\/div>\n\t\t<\/div>\n\t\t\t\t\t<\/div>\n\t\t<\/section>\n\t\t\t\t<section class=\"elementor-section elementor-inner-section elementor-element elementor-element-8455877 elementor-section-boxed elementor-section-height-default elementor-section-height-default\" data-id=\"8455877\" data-element_type=\"section\" data-e-type=\"section\">\n\t\t\t\t\t\t<div class=\"elementor-container elementor-column-gap-default\">\n\t\t\t\t\t<div class=\"elementor-column elementor-col-100 elementor-inner-column elementor-element elementor-element-692ec1f\" data-id=\"692ec1f\" data-element_type=\"column\" data-e-type=\"column\">\n\t\t\t<div class=\"elementor-widget-wrap elementor-element-populated\">\n\t\t\t\t\t\t<div class=\"elementor-element elementor-element-d1a7fe7 elementor-widget elementor-widget-heading\" data-id=\"d1a7fe7\" data-element_type=\"widget\" data-e-type=\"widget\" data-widget_type=\"heading.default\">\n\t\t\t\t<div class=\"elementor-widget-container\">\n\t\t\t\t\t<h2 class=\"elementor-heading-title elementor-size-default\">3. TIPOS DE FINALIDAD DE LAS COOKIES<\/h2>\t\t\t\t<\/div>\n\t\t\t\t<\/div>\n\t\t\t\t<div class=\"elementor-element elementor-element-9cc04df elementor-widget elementor-widget-text-editor\" data-id=\"9cc04df\" data-element_type=\"widget\" data-e-type=\"widget\" data-widget_type=\"text-editor.default\">\n\t\t\t\t<div class=\"elementor-widget-container\">\n\t\t\t\t\t\t\t\t\t<p>Las Cookies, en funci\u00f3n de su permanencia, pueden clasificarse en:<\/p>\n<p>Cookies de sesi\u00f3n: expiran cuando el usuario cierra el navegador.<\/p>\n<p>Cookies persistentes: expiran en funci\u00f3n cuando se cumpla el objetivo para el que sirven (por ejemplo, para que el usuario se mantenga identificado en la p\u00e1gina web y en los servicios de la misma o bien cuando se borran manualmente).<\/p>\n<p>Las cookies en funci\u00f3n de su objetivo pueden clasificarse de la siguiente forma:<\/p>\n<p>\u2013 Cookies de anal\u00edticas: Cada vez que un usuario visita un servicio o informaci\u00f3n de la p\u00e1gina web o una herramienta de un proveedor externo (Google Analytics, Comscore y similares que podr\u00e1n a\u00f1adirse a este listado en caso de que var\u00eden en relaci\u00f3n con los actuales) genera una cookie anal\u00edtica en el ordenador del usuario. Esta cookie que s\u00f3lo se genera en la visita, servir\u00e1 en pr\u00f3ximas visitas a los servicios de la p\u00e1gina web para identificar de forma an\u00f3nima al visitante. Los objetivos principales que se persiguen son:<\/p>\n<p>\u00b7 Permitir la identificaci\u00f3n an\u00f3nima de los usuarios navegantes a trav\u00e9s de la cookie (identifica navegadores y dispositivos, no personas) y por lo tanto la contabilizaci\u00f3n aproximada del n\u00famero de visitantes y su tendencia en el tiempo.<\/p>\n<p>\u00b7 Identificar de forma an\u00f3nima los contenidos m\u00e1s visitados y por lo tanto m\u00e1s atractivos para los usuarios.<\/p>\n<p>\u00b7 Saber si el usuario que est\u00e1 accediendo es nuevo o repite visita. Importante: Salvo que el usuario decida registrarse en alg\u00fan servicio o contenido de la p\u00e1gina web, la cookie nunca ir\u00e1 asociada a ning\u00fan dato de car\u00e1cter personal que pueda identificarle. Dichas Cookies s\u00f3lo ser\u00e1n utilizadas con prop\u00f3sitos estad\u00edsticos que ayuden a la optimizaci\u00f3n de la experiencia de los usuarios en la p\u00e1gina web.<\/p>\n<p>\u2013 Cookies publicitarias propias: sirven para gestionar el titular de la p\u00e1gina web si un usuario ha visitado o no la publicidad que ha incluido. Tambi\u00e9n permiten la gesti\u00f3n de espacios publicitarios en la p\u00e1gina almacenando datos del comportamiento del usuario en la navegaci\u00f3n para poder ofrecerle anuncios publicitarios.<\/p>\n\t\t\t\t\t\t\t\t<\/div>\n\t\t\t\t<\/div>\n\t\t\t\t\t<\/div>\n\t\t<\/div>\n\t\t\t\t\t<\/div>\n\t\t<\/section>\n\t\t\t\t<section class=\"elementor-section elementor-inner-section elementor-element elementor-element-e705212 elementor-section-boxed elementor-section-height-default elementor-section-height-default\" data-id=\"e705212\" data-element_type=\"section\" data-e-type=\"section\">\n\t\t\t\t\t\t<div class=\"elementor-container elementor-column-gap-default\">\n\t\t\t\t\t<div class=\"elementor-column elementor-col-100 elementor-inner-column elementor-element elementor-element-4deab9d\" data-id=\"4deab9d\" data-element_type=\"column\" data-e-type=\"column\">\n\t\t\t<div class=\"elementor-widget-wrap elementor-element-populated\">\n\t\t\t\t\t\t<div class=\"elementor-element elementor-element-d82c0ee elementor-widget elementor-widget-heading\" data-id=\"d82c0ee\" data-element_type=\"widget\" data-e-type=\"widget\" data-widget_type=\"heading.default\">\n\t\t\t\t<div class=\"elementor-widget-container\">\n\t\t\t\t\t<h2 class=\"elementor-heading-title elementor-size-default\">4. C\u00d3MO BLOQUEAR O ELIMINAR LAS COOKIES INSTALADAS<\/h2>\t\t\t\t<\/div>\n\t\t\t\t<\/div>\n\t\t\t\t<div class=\"elementor-element elementor-element-b655af7 elementor-widget elementor-widget-text-editor\" data-id=\"b655af7\" data-element_type=\"widget\" data-e-type=\"widget\" data-widget_type=\"text-editor.default\">\n\t\t\t\t<div class=\"elementor-widget-container\">\n\t\t\t\t\t\t\t\t\t<p>Puede usted permitir, bloquear o eliminar las cookies instaladas en su equipo mediante la configuraci\u00f3n de las opciones de su navegador. Puede encontrar informaci\u00f3n sobre c\u00f3mo hacerlo, en relaci\u00f3n con los navegadores m\u00e1s comunes, en los links que se incluyen a continuaci\u00f3n:<\/p><p>Explorer: <a href=\"https:\/\/support.microsoft.com\/es-es\/kb\/278835\" target=\"_blank\" rel=\"noopener\">https:\/\/support.microsoft.com\/es-es\/kb\/278835<\/a><\/p><p>Chrome: <a href=\"http:\/\/support.google.com\/chrome\/bin\/answer.py?hl=en&amp;answer=95647\" target=\"_blank\" rel=\"noopener\">http:\/\/support.google.com\/chrome\/bin\/answer.py?hl=en&amp;answer=95647<\/a><\/p><p>Firefox: <a title=\"cookies\" href=\"https:\/\/support.mozilla.org\/en-US\/kb\/clear-cookies-and-site-data-firefox\" target=\"_blank\" rel=\"noopener\">https:\/\/support.mozilla.org\/en-US\/kb\/clear-cookies-and-site-data-firefox<\/a><\/p><p>Safari: <a href=\"http:\/\/support.apple.com\/kb\/ph5042\" target=\"_blank\" rel=\"noopener\">http:\/\/support.apple.com\/kb\/ph5042<\/a><\/p><p>Le informamos, no obstante, de la posibilidad de que la desactivaci\u00f3n de alguna cookie impida o dificulte la navegaci\u00f3n o la prestaci\u00f3n de los servicios ofrecidos en la p\u00e1gina web.<\/p>\t\t\t\t\t\t\t\t<\/div>\n\t\t\t\t<\/div>\n\t\t\t\t\t<\/div>\n\t\t<\/div>\n\t\t\t\t\t<\/div>\n\t\t<\/section>\n\t\t\t\t<section class=\"elementor-section elementor-inner-section elementor-element elementor-element-64db0b6 elementor-section-boxed elementor-section-height-default elementor-section-height-default\" data-id=\"64db0b6\" data-element_type=\"section\" data-e-type=\"section\">\n\t\t\t\t\t\t<div class=\"elementor-container elementor-column-gap-default\">\n\t\t\t\t\t<div class=\"elementor-column elementor-col-100 elementor-inner-column elementor-element elementor-element-517eac0\" data-id=\"517eac0\" data-element_type=\"column\" data-e-type=\"column\">\n\t\t\t<div class=\"elementor-widget-wrap elementor-element-populated\">\n\t\t\t\t\t\t<div class=\"elementor-element elementor-element-261077c elementor-widget elementor-widget-heading\" data-id=\"261077c\" data-element_type=\"widget\" data-e-type=\"widget\" data-widget_type=\"heading.default\">\n\t\t\t\t<div class=\"elementor-widget-container\">\n\t\t\t\t\t<h2 class=\"elementor-heading-title elementor-size-default\">5. MODIFICACIONES<\/h2>\t\t\t\t<\/div>\n\t\t\t\t<\/div>\n\t\t\t\t<div class=\"elementor-element elementor-element-3718183 elementor-widget elementor-widget-text-editor\" data-id=\"3718183\" data-element_type=\"widget\" data-e-type=\"widget\" data-widget_type=\"text-editor.default\">\n\t\t\t\t<div class=\"elementor-widget-container\">\n\t\t\t\t\t\t\t\t\t<p>La p\u00e1gina web www.LaserBoost.com titularidad de LaserBoost puede modificar esta pol\u00edtica de cookies en funci\u00f3n de exigencias legales, o con la finalidad de adaptar dicha pol\u00edtica a las instrucciones dictadas por la Agencia Espa\u00f1ola de Protecci\u00f3n de Datos.<\/p>\n<p>Por esta raz\u00f3n, aconsejamos a los usuarios que la visiten peri\u00f3dicamente. Cuando se produzcan cambios significativos en esta pol\u00edtica de cookies, se comunicar\u00e1n a los usuarios bien mediante la web o a trav\u00e9s de correo electr\u00f3nico a los usuarios registrados.<\/p>\n\t\t\t\t\t\t\t\t<\/div>\n\t\t\t\t<\/div>\n\t\t\t\t\t<\/div>\n\t\t<\/div>\n\t\t\t\t\t<\/div>\n\t\t<\/section>\n\t\t\t\t<section class=\"elementor-section elementor-inner-section elementor-element elementor-element-c099fbc elementor-section-boxed elementor-section-height-default elementor-section-height-default\" data-id=\"c099fbc\" data-element_type=\"section\" data-e-type=\"section\">\n\t\t\t\t\t\t<div class=\"elementor-container elementor-column-gap-default\">\n\t\t\t\t\t<div class=\"elementor-column elementor-col-100 elementor-inner-column elementor-element elementor-element-ac6f681\" data-id=\"ac6f681\" data-element_type=\"column\" data-e-type=\"column\">\n\t\t\t<div class=\"elementor-widget-wrap elementor-element-populated\">\n\t\t\t\t\t\t<div class=\"elementor-element elementor-element-88a515c elementor-widget elementor-widget-heading\" data-id=\"88a515c\" data-element_type=\"widget\" data-e-type=\"widget\" data-widget_type=\"heading.default\">\n\t\t\t\t<div class=\"elementor-widget-container\">\n\t\t\t\t\t<h2 class=\"elementor-heading-title elementor-size-default\">6. IDIOMA Y VALIDEZ DE LA POL\u00cdTICA DE COOKIES<\/h2>\t\t\t\t<\/div>\n\t\t\t\t<\/div>\n\t\t\t\t<div class=\"elementor-element elementor-element-265a8f4 elementor-widget elementor-widget-text-editor\" data-id=\"265a8f4\" data-element_type=\"widget\" data-e-type=\"widget\" data-widget_type=\"text-editor.default\">\n\t\t\t\t<div class=\"elementor-widget-container\">\n\t\t\t\t\t\t\t\t\t<p>La versi\u00f3n en espa\u00f1ol de la Pol\u00edtica de Cookies es la versi\u00f3n legalmente vinculante en caso de cualquier incoherencia entre la versi\u00f3n en espa\u00f1ol y cualquier traducci\u00f3n a otro idioma.<\/p>\n\t\t\t\t\t\t\t\t<\/div>\n\t\t\t\t<\/div>\n\t\t\t\t\t<\/div>\n\t\t<\/div>\n\t\t\t\t\t<\/div>\n\t\t<\/section>\n\t\t\t\t<section class=\"elementor-section elementor-inner-section elementor-element elementor-element-4068c9b elementor-section-boxed elementor-section-height-default elementor-section-height-default\" data-id=\"4068c9b\" data-element_type=\"section\" data-e-type=\"section\">\n\t\t\t\t\t\t<div class=\"elementor-container elementor-column-gap-default\">\n\t\t\t\t\t<div class=\"elementor-column elementor-col-100 elementor-inner-column elementor-element elementor-element-412958b\" data-id=\"412958b\" data-element_type=\"column\" data-e-type=\"column\">\n\t\t\t<div class=\"elementor-widget-wrap elementor-element-populated\">\n\t\t\t\t\t\t<div class=\"elementor-element elementor-element-86dd7d0 elementor-widget elementor-widget-heading\" data-id=\"86dd7d0\" data-element_type=\"widget\" data-e-type=\"widget\" data-widget_type=\"heading.default\">\n\t\t\t\t<div class=\"elementor-widget-container\">\n\t\t\t\t\t<h2 class=\"elementor-heading-title elementor-size-default\">7. FECHA DE VIGENCIA<\/h2>\t\t\t\t<\/div>\n\t\t\t\t<\/div>\n\t\t\t\t<div class=\"elementor-element elementor-element-55b3dcf elementor-widget elementor-widget-text-editor\" data-id=\"55b3dcf\" data-element_type=\"widget\" data-e-type=\"widget\" data-widget_type=\"text-editor.default\">\n\t\t\t\t<div class=\"elementor-widget-container\">\n\t\t\t\t\t\t\t\t\t<p>El documento vinculante, Pol\u00edtica de cookies, ha sido revisado en la fecha indicada m\u00e1s abajo, dejando como obsoleto e inaplicable cualquier versi\u00f3n con fecha anterior.<\/p>\n\t\t\t\t\t\t\t\t<\/div>\n\t\t\t\t<\/div>\n\t\t\t\t\t<\/div>\n\t\t<\/div>\n\t\t\t\t\t<\/div>\n\t\t<\/section>\n\t\t\t\t<div class=\"elementor-element elementor-element-11b3392 elementor-widget elementor-widget-text-editor\" data-id=\"11b3392\" data-element_type=\"widget\" data-e-type=\"widget\" data-widget_type=\"text-editor.default\">\n\t\t\t\t<div class=\"elementor-widget-container\">\n\t\t\t\t\t\t\t\t\t<p><em>LaserBoost\u2122, rev. 10\/01\/2017.<\/em><\/p>\n<p><em>\u200bLaserBoost.com\u2122. Todos los derechos reservados.<\/em><\/p>\n\t\t\t\t\t\t\t\t<\/div>\n\t\t\t\t<\/div>\n\t\t\t\t\t<\/div>\n\t\t<\/div>\n\t\t\t\t\t<\/div>\n\t\t<\/section>\n\t\t\t\t<\/div>\n\t\t","protected":false},"excerpt":{"rendered":"<p>Como tratamos esta informaci\u00f3n har\u00e1 que en un futuro nos entendamos mejor. 1. USO DE COOKIES La p\u00e1gina web www.LaserBoost.com titularidad de LaserBoost utiliza cookies. Las cookies son ficheros que se descargan en su ordenador al acceder a determinadas p\u00e1ginas web. Las cookies permiten a una p\u00e1gina web, entre otras cosas, almacenar y recuperar informaci\u00f3n [&hellip;]<\/p>\n","protected":false},"author":6,"featured_media":0,"parent":0,"menu_order":0,"comment_status":"closed","ping_status":"closed","template":"","meta":{"_acf_changed":false,"footnotes":""},"class_list":["post-1302","page","type-page","status-publish","hentry"],"acf":[],"_links":{"self":[{"href":"https:\/\/www.laserboost.com\/es\/wp-json\/wp\/v2\/pages\/1302","targetHints":{"allow":["GET"]}}],"collection":[{"href":"https:\/\/www.laserboost.com\/es\/wp-json\/wp\/v2\/pages"}],"about":[{"href":"https:\/\/www.laserboost.com\/es\/wp-json\/wp\/v2\/types\/page"}],"author":[{"embeddable":true,"href":"https:\/\/www.laserboost.com\/es\/wp-json\/wp\/v2\/users\/6"}],"replies":[{"embeddable":true,"href":"https:\/\/www.laserboost.com\/es\/wp-json\/wp\/v2\/comments?post=1302"}],"version-history":[{"count":0,"href":"https:\/\/www.laserboost.com\/es\/wp-json\/wp\/v2\/pages\/1302\/revisions"}],"wp:attachment":[{"href":"https:\/\/www.laserboost.com\/es\/wp-json\/wp\/v2\/media?parent=1302"}],"curies":[{"name":"wp","href":"https:\/\/api.w.org\/{rel}","templated":true}]}}