{"id":6370,"date":"2021-04-05T12:25:34","date_gmt":"2021-04-05T12:25:34","guid":{"rendered":"https:\/\/www.laserboost.com\/?page_id=6370"},"modified":"2023-10-31T00:17:17","modified_gmt":"2023-10-31T00:17:17","slug":"gracias","status":"publish","type":"page","link":"https:\/\/www.laserboost.com\/es\/gracias\/","title":{"rendered":"Gracias"},"content":{"rendered":"\t\t<div data-elementor-type=\"wp-page\" data-elementor-id=\"6370\" class=\"elementor elementor-6370 elementor-6348\" data-elementor-post-type=\"page\">\n\t\t\t\t\t\t<section class=\"elementor-section elementor-top-section elementor-element elementor-element-dd7379c elementor-section-height-min-height elementor-section-boxed elementor-section-height-default elementor-section-items-middle\" data-id=\"dd7379c\" data-element_type=\"section\" data-e-type=\"section\">\n\t\t\t\t\t\t<div class=\"elementor-container elementor-column-gap-default\">\n\t\t\t\t\t<div class=\"elementor-column elementor-col-100 elementor-top-column elementor-element elementor-element-3e94311\" data-id=\"3e94311\" data-element_type=\"column\" data-e-type=\"column\">\n\t\t\t<div class=\"elementor-widget-wrap elementor-element-populated\">\n\t\t\t\t\t\t<div class=\"elementor-element elementor-element-c8a3d13 elementor-widget elementor-widget-heading\" data-id=\"c8a3d13\" data-element_type=\"widget\" data-e-type=\"widget\" data-widget_type=\"heading.default\">\n\t\t\t\t<div class=\"elementor-widget-container\">\n\t\t\t\t\t<h2 class=\"elementor-heading-title elementor-size-default\">\u00a1Gracias por contactar con nosotros!<\/h2>\t\t\t\t<\/div>\n\t\t\t\t<\/div>\n\t\t\t\t<div class=\"elementor-element elementor-element-cddeb9c elementor-widget elementor-widget-image\" data-id=\"cddeb9c\" data-element_type=\"widget\" data-e-type=\"widget\" data-widget_type=\"image.default\">\n\t\t\t\t<div class=\"elementor-widget-container\">\n\t\t\t\t\t\t\t\t\t\t\t\t\t\t\t<img fetchpriority=\"high\" decoding=\"async\" width=\"500\" height=\"500\" src=\"https:\/\/www.laserboost.com\/wp-content\/uploads\/2021\/04\/LaserBoost-Gracias-contacto.png\" class=\"attachment-full size-full wp-image-17125\" alt=\"\" srcset=\"https:\/\/www.laserboost.com\/wp-content\/uploads\/2021\/04\/LaserBoost-Gracias-contacto.png 500w, https:\/\/www.laserboost.com\/wp-content\/uploads\/2021\/04\/LaserBoost-Gracias-contacto-300x300.png 300w, https:\/\/www.laserboost.com\/wp-content\/uploads\/2021\/04\/LaserBoost-Gracias-contacto-150x150.png 150w\" sizes=\"(max-width: 500px) 100vw, 500px\" title=\"\">\t\t\t\t\t\t\t\t\t\t\t\t\t\t\t<\/div>\n\t\t\t\t<\/div>\n\t\t\t\t<div class=\"elementor-element elementor-element-a1f3b8a elementor-widget elementor-widget-text-editor\" data-id=\"a1f3b8a\" data-element_type=\"widget\" data-e-type=\"widget\" data-widget_type=\"text-editor.default\">\n\t\t\t\t<div class=\"elementor-widget-container\">\n\t\t\t\t\t\t\t\t\t<p>Tu mensaje ha sido enviado correctamente. En breve contactaremos contigo.<\/p>\n\t\t\t\t\t\t\t\t<\/div>\n\t\t\t\t<\/div>\n\t\t\t\t<div class=\"elementor-element elementor-element-4f03744 elementor-widget elementor-widget-text-editor\" data-id=\"4f03744\" data-element_type=\"widget\" data-e-type=\"widget\" data-widget_type=\"text-editor.default\">\n\t\t\t\t<div class=\"elementor-widget-container\">\n\t\t\t\t\t\t\t\t\t<p>Sabias que\u2026<\/p>\n<ul>\n<li>El 97% de todos los asuntos se solucionan por completo en menos de 1 d\u00eda h\u00e1bil.<\/li>\n<li>El 84% de las dudas se resuelven por completo en menos de 4 horas h\u00e1biles.<\/li>\n<li>El 73% de las consultas t\u00e9cnicas se resuelven por completo en menos de 6 horas h\u00e1biles.<\/li>\n<\/ul>\n<p>\u00a1Gracias!<\/p>\n\t\t\t\t\t\t\t\t<\/div>\n\t\t\t\t<\/div>\n\t\t\t\t\t<\/div>\n\t\t<\/div>\n\t\t\t\t\t<\/div>\n\t\t<\/section>\n\t\t\t\t<\/div>\n\t\t","protected":false},"excerpt":{"rendered":"<p>\u00a1Gracias por contactar con nosotros! Tu mensaje ha sido enviado correctamente. En breve contactaremos contigo. Sabias que\u2026 El 97% de todos los asuntos se solucionan por completo en menos de 1 d\u00eda h\u00e1bil. El 84% de las dudas se resuelven por completo en menos de 4 horas h\u00e1biles. El 73% de las consultas t\u00e9cnicas se [&hellip;]<\/p>\n","protected":false},"author":6,"featured_media":0,"parent":0,"menu_order":0,"comment_status":"closed","ping_status":"closed","template":"","meta":{"_acf_changed":false,"footnotes":""},"class_list":["post-6370","page","type-page","status-publish","hentry"],"acf":[],"_links":{"self":[{"href":"https:\/\/www.laserboost.com\/es\/wp-json\/wp\/v2\/pages\/6370","targetHints":{"allow":["GET"]}}],"collection":[{"href":"https:\/\/www.laserboost.com\/es\/wp-json\/wp\/v2\/pages"}],"about":[{"href":"https:\/\/www.laserboost.com\/es\/wp-json\/wp\/v2\/types\/page"}],"author":[{"embeddable":true,"href":"https:\/\/www.laserboost.com\/es\/wp-json\/wp\/v2\/users\/6"}],"replies":[{"embeddable":true,"href":"https:\/\/www.laserboost.com\/es\/wp-json\/wp\/v2\/comments?post=6370"}],"version-history":[{"count":0,"href":"https:\/\/www.laserboost.com\/es\/wp-json\/wp\/v2\/pages\/6370\/revisions"}],"wp:attachment":[{"href":"https:\/\/www.laserboost.com\/es\/wp-json\/wp\/v2\/media?parent=6370"}],"curies":[{"name":"wp","href":"https:\/\/api.w.org\/{rel}","templated":true}]}}