{"id":79944,"date":"2025-03-10T11:02:51","date_gmt":"2025-03-10T11:02:51","guid":{"rendered":"https:\/\/www.laserboost.com\/?page_id=79944"},"modified":"2025-11-13T12:43:06","modified_gmt":"2025-11-13T12:43:06","slug":"reclamaciones","status":"publish","type":"page","link":"https:\/\/www.laserboost.com\/es\/reclamaciones\/","title":{"rendered":"Reclamaci\u00f3nes"},"content":{"rendered":"\t\t<div data-elementor-type=\"wp-page\" data-elementor-id=\"79944\" class=\"elementor elementor-79944 elementor-79270\" data-elementor-post-type=\"page\">\n\t\t\t\t\t\t<section class=\"elementor-section elementor-top-section elementor-element elementor-element-4f12077 elementor-section-boxed elementor-section-height-default elementor-section-height-default\" data-id=\"4f12077\" data-element_type=\"section\" data-e-type=\"section\" data-settings=\"{&quot;background_background&quot;:&quot;classic&quot;}\">\n\t\t\t\t\t\t<div class=\"elementor-container elementor-column-gap-default\">\n\t\t\t\t\t<div class=\"elementor-column elementor-col-100 elementor-top-column elementor-element elementor-element-0229ef9\" data-id=\"0229ef9\" data-element_type=\"column\" data-e-type=\"column\">\n\t\t\t<div class=\"elementor-widget-wrap elementor-element-populated\">\n\t\t\t\t\t\t<div class=\"elementor-element elementor-element-e74b1f5 elementor-widget elementor-widget-heading\" data-id=\"e74b1f5\" data-element_type=\"widget\" data-e-type=\"widget\" data-widget_type=\"heading.default\">\n\t\t\t\t<div class=\"elementor-widget-container\">\n\t\t\t\t\t<h1 class=\"elementor-heading-title elementor-size-default\">Formulario de reclamaciones<\/h1>\t\t\t\t<\/div>\n\t\t\t\t<\/div>\n\t\t\t\t<div class=\"elementor-element elementor-element-4cf5ec2 elementor-widget elementor-widget-text-editor\" data-id=\"4cf5ec2\" data-element_type=\"widget\" data-e-type=\"widget\" data-widget_type=\"text-editor.default\">\n\t\t\t\t<div class=\"elementor-widget-container\">\n\t\t\t\t\t\t\t\t\t<p>Si hay un problema, lo solucionamos juntos.<\/p>\n\t\t\t\t\t\t\t\t<\/div>\n\t\t\t\t<\/div>\n\t\t\t\t\t<\/div>\n\t\t<\/div>\n\t\t\t\t\t<\/div>\n\t\t<\/section>\n\t\t<div class=\"elementor-element elementor-element-53286ab e-flex e-con-boxed e-con e-parent\" data-id=\"53286ab\" data-element_type=\"container\" data-e-type=\"container\">\n\t\t\t\t\t<div class=\"e-con-inner\">\n\t\t<div class=\"elementor-element elementor-element-5612843 e-con-full e-flex e-con e-child\" data-id=\"5612843\" data-element_type=\"container\" data-e-type=\"container\" data-settings=\"{&quot;background_background&quot;:&quot;gradient&quot;}\">\n\t\t\t\t<div class=\"elementor-element elementor-element-32d40bb elementor-widget elementor-widget-text-editor\" data-id=\"32d40bb\" data-element_type=\"widget\" data-e-type=\"widget\" data-widget_type=\"text-editor.default\">\n\t\t\t\t<div class=\"elementor-widget-container\">\n\t\t\t\t\t\t\t\t\t<p style=\"text-align: left; padding-left: 120px;\"><span style=\"color: #4181ee;\">Antes de enviar tu reclamaci\u00f3n, es imprescindible que sigas estas directrices<\/span><\/p>\n\t\t\t\t\t\t\t\t<\/div>\n\t\t\t\t<\/div>\n\t\t\t\t<div class=\"elementor-element elementor-element-7a687a0 elementor-widget elementor-widget-text-editor\" data-id=\"7a687a0\" data-element_type=\"widget\" data-e-type=\"widget\" data-widget_type=\"text-editor.default\">\n\t\t\t\t<div class=\"elementor-widget-container\">\n\t\t\t\t\t\t\t\t\t<p style=\"padding-left: 120px;\" data-start=\"179\" data-end=\"919\"><span style=\"color: #333333;\">\u2022 Proporciona informaci\u00f3n clara, concreta y veraz sobre el problema.<\/span><br data-start=\"247\" data-end=\"250\" \/><span style=\"color: #333333;\">\u2022 Adjunta fotograf\u00edas con buena calidad. Si la reclamaci\u00f3n es por medidas, utiliza instrumentos de medici\u00f3n aceptados, como cinta m\u00e9trica o pie de rey. <\/span><br data-start=\"389\" data-end=\"392\" \/><span style=\"color: #333333;\">\u2022 En caso de golpes visibles en el paquete, incluye im\u00e1genes del embalaje antes y despu\u00e9s de abrirlo, notifica en el albar\u00e1n de entrega que el paquete se entrega con da\u00f1os visibles.<\/span><br data-start=\"590\" data-end=\"593\" \/><span style=\"color: #333333;\">\u2022 Si detectas un fallo, no manipules o montes en tu aplicaci\u00f3n final las piezas hasta que hayamos valorado la incidencia.<\/span><br data-start=\"713\" data-end=\"716\" \/><span style=\"color: #333333;\">\u2022 Solo gestionamos reclamaciones enviadas a trav\u00e9s de este formulario. No se atienden por correo, ni tel\u00e9fono, ni por redes sociales. <\/span><br data-start=\"824\" data-end=\"827\" \/><span style=\"color: #333333;\">\u2022 Dispone de 30 d\u00edas naturales para notificar incidencias de calidad, 2 d\u00edas laborables para reclamar el importe de una entrega urgente no cumplida y 24 horas para informar sobre da\u00f1os o p\u00e9rdidas durante el transporte. Fuera de estos plazos no se admitir\u00e1n reclamaciones. Por favor, describa la incidencia con detalle para recibir respuesta en un m\u00e1ximo de 3 d\u00edas\u00a0laborables.<\/span><\/p>\t\t\t\t\t\t\t\t<\/div>\n\t\t\t\t<\/div>\n\t\t\t\t<\/div>\n\t\t\t\t\t<\/div>\n\t\t\t\t<\/div>\n\t\t\t\t<section class=\"elementor-section elementor-top-section elementor-element elementor-element-37ed335f elementor-section-boxed elementor-section-height-default elementor-section-height-default\" data-id=\"37ed335f\" data-element_type=\"section\" data-e-type=\"section\" data-settings=\"{&quot;background_background&quot;:&quot;classic&quot;}\">\n\t\t\t\t\t\t<div class=\"elementor-container elementor-column-gap-default\">\n\t\t\t\t\t<div class=\"elementor-column elementor-col-33 elementor-top-column elementor-element elementor-element-15e03757\" data-id=\"15e03757\" data-element_type=\"column\" data-e-type=\"column\">\n\t\t\t<div class=\"elementor-widget-wrap\">\n\t\t\t\t\t\t\t<\/div>\n\t\t<\/div>\n\t\t\t\t<div class=\"elementor-column elementor-col-33 elementor-top-column elementor-element elementor-element-3324cd40\" data-id=\"3324cd40\" data-element_type=\"column\" data-e-type=\"column\" data-settings=\"{&quot;background_background&quot;:&quot;classic&quot;}\">\n\t\t\t<div class=\"elementor-widget-wrap elementor-element-populated\">\n\t\t\t\t\t\t<div class=\"elementor-element elementor-element-6d7c594 elementor-widget elementor-widget-html\" data-id=\"6d7c594\" data-element_type=\"widget\" data-e-type=\"widget\" data-widget_type=\"html.default\">\n\t\t\t\t<div class=\"elementor-widget-container\">\n\t\t\t\t\t\n<div class=\"wpcf7 no-js\" id=\"wpcf7-f79933-o1\" lang=\"en-US\" dir=\"ltr\" data-wpcf7-id=\"79933\">\n<div class=\"screen-reader-response\"><p role=\"status\" aria-live=\"polite\" aria-atomic=\"true\"><\/p> <ul><\/ul><\/div>\n<form action=\"\/es\/wp-json\/wp\/v2\/pages\/79944#wpcf7-f79933-o1\" method=\"post\" class=\"wpcf7-form init\" aria-label=\"Contact form\" novalidate=\"novalidate\" data-status=\"init\">\n<fieldset class=\"hidden-fields-container\"><input type=\"hidden\" name=\"_wpcf7\" value=\"79933\" \/><input type=\"hidden\" name=\"_wpcf7_version\" value=\"6.1.5\" \/><input type=\"hidden\" name=\"_wpcf7_locale\" value=\"en_US\" \/><input type=\"hidden\" name=\"_wpcf7_unit_tag\" value=\"wpcf7-f79933-o1\" \/><input type=\"hidden\" name=\"_wpcf7_container_post\" value=\"0\" \/><input type=\"hidden\" name=\"_wpcf7_posted_data_hash\" value=\"\" \/><input type=\"hidden\" name=\"_wpcf7cf_hidden_group_fields\" value=\"[]\" \/><input type=\"hidden\" name=\"_wpcf7cf_hidden_groups\" value=\"[]\" \/><input type=\"hidden\" name=\"_wpcf7cf_visible_groups\" value=\"[]\" \/><input type=\"hidden\" name=\"_wpcf7cf_repeaters\" value=\"[]\" \/><input type=\"hidden\" name=\"_wpcf7cf_steps\" value=\"{}\" \/><input type=\"hidden\" name=\"_wpcf7cf_options\" value=\"{&quot;form_id&quot;:79933,&quot;conditions&quot;:[{&quot;then_field&quot;:&quot;-1&quot;,&quot;and_rules&quot;:[{&quot;if_field&quot;:&quot;-1&quot;,&quot;operator&quot;:&quot;equals&quot;,&quot;if_value&quot;:&quot;Orders (status, cancelations, modifications...)&quot;}]},{&quot;then_field&quot;:&quot;-1&quot;,&quot;and_rules&quot;:[{&quot;if_field&quot;:&quot;-1&quot;,&quot;operator&quot;:&quot;equals&quot;,&quot;if_value&quot;:&quot;Shipments&quot;}]}],&quot;settings&quot;:{&quot;animation&quot;:&quot;yes&quot;,&quot;animation_intime&quot;:200,&quot;animation_outtime&quot;:200,&quot;conditions_ui&quot;:&quot;normal&quot;,&quot;notice_dismissed&quot;:false,&quot;notice_dismissed_rollback-cf7-5.8.3&quot;:true,&quot;notice_dismissed_rollback-cf7-5.8.5&quot;:true,&quot;notice_dismissed_rollback-cf7-5.9.2&quot;:true,&quot;notice_dismissed_rollback-cf7-5.9.5&quot;:true}}\" \/><input type=\"hidden\" name=\"_wpcf7_recaptcha_response\" value=\"\" \/>\n<\/fieldset>\n<h2> Tus datos\n<\/h2>\n<p><label> Nombre <span class='subp'> (debe coincidir con los datos del pedido original) <\/span> <\/label><br \/>\n<span class=\"wpcf7-form-control-wrap\" data-name=\"nombre\"><input size=\"40\" maxlength=\"400\" class=\"wpcf7-form-control wpcf7-text wpcf7-validates-as-required\" aria-required=\"true\" aria-invalid=\"false\" value=\"\" type=\"text\" name=\"nombre\" \/><\/span>\n<\/p>\n<p><label> Tel\u00e9fono <span class='subp'> (debe coincidir con los datos del pedido original) <\/span> <\/label><br \/>\n<span class=\"wpcf7-form-control-wrap\" data-name=\"phone\"><input size=\"40\" maxlength=\"400\" class=\"wpcf7-form-control wpcf7-text wpcf7-validates-as-required\" aria-required=\"true\" aria-invalid=\"false\" value=\"\" type=\"text\" name=\"phone\" \/><\/span>\n<\/p>\n<p><label> E-Mail <span class='subp'> (debe coincidir con los datos del pedido original) <\/span> <\/label><br \/>\n<span class=\"wpcf7-form-control-wrap\" data-name=\"email\"><input size=\"40\" maxlength=\"400\" class=\"wpcf7-form-control wpcf7-text wpcf7-validates-as-required\" aria-required=\"true\" aria-invalid=\"false\" value=\"\" type=\"text\" name=\"email\" \/><\/span>\n<\/p>\n<h2> Cu\u00e9ntanos tu caso\n<\/h2>\n<p><label> N\u00famero de Pedido: <\/label><br \/>\n<span class=\"wpcf7-form-control-wrap\" data-name=\"ORDER\"><input size=\"40\" maxlength=\"400\" class=\"wpcf7-form-control wpcf7-text wpcf7-validates-as-required\" aria-required=\"true\" aria-invalid=\"false\" placeholder=\"LB00000\" value=\"\" type=\"text\" name=\"ORDER\" \/><\/span>\n<\/p>\n<p><label> Referencias afectadas y cantidad <\/label><br \/>\n<span class=\"wpcf7-form-control-wrap\" data-name=\"textarea-985\"><textarea cols=\"40\" rows=\"10\" maxlength=\"2000\" class=\"wpcf7-form-control wpcf7-textarea wpcf7-validates-as-required\" aria-required=\"true\" aria-invalid=\"false\" placeholder=\"Pieza_Lateral.dxf - 3 unidades, Arandela_Ajuste.step - 1 unidad...\" name=\"textarea-985\"><\/textarea><\/span>\n<\/p>\n<p><label> Descripci\u00f3n del problema <\/label><br \/>\n<span class=\"wpcf7-form-control-wrap\" data-name=\"textarea-986\"><textarea cols=\"40\" rows=\"10\" maxlength=\"2000\" class=\"wpcf7-form-control wpcf7-textarea wpcf7-validates-as-required\" aria-required=\"true\" aria-invalid=\"false\" placeholder=\"Describe con detalle el problema detectado: qu\u00e9 ha ocurrido, qu\u00e9 parte de la mercanc\u00eda est\u00e1 afectada y c\u00f3mo lo has identificado.\" name=\"textarea-986\"><\/textarea><\/span>\n<\/p>\n<p><label> Adjunta fotos de las piezas, embalaje, fotos de mediciones\u00a0o\u00a0archivos. <\/label><br \/>\n<span class=\"wpcf7-form-control-wrap\" data-name=\"archivo\"><input size=\"40\" class=\"wpcf7-form-control wpcf7-drag-n-drop-file d-none\" aria-invalid=\"false\" type=\"file\" multiple=\"multiple\" data-name=\"archivo\" data-type=\"pdf|jpg|png|doc|docx|dxf|dwg|svg|ai|eps|step|stp|jpeg\" data-id=\"79933\" data-version=\"free version 1.3.9.7\" accept=\".pdf, .jpg, .png, .doc, .docx, .dxf, .dwg, .svg, .ai, .eps, .step, .stp, .jpeg\" \/><\/span>\n<\/p>\n<h2> Indica c\u00f3mo prefieres resolver la incidencia\n<\/h2>\n<div class='container-radio'>\n\t<p><span class=\"wpcf7-form-control-wrap\" data-name=\"radio-986\"><span class=\"wpcf7-form-control wpcf7-radio\"><span class=\"wpcf7-list-item first last\"><label><input type=\"radio\" name=\"radio-986\" value=\"Voy a retrabajar las piezas por mi cuenta.\" \/><span class=\"wpcf7-list-item-label\">Voy a retrabajar las piezas por mi cuenta.<\/span><\/label><\/span><\/span><\/span>\n\t<\/p>\n\t<ul class='ul-radio'>\n\t\t<li>\n\t\t\t<p>LaserBoost revisar\u00e1 tu caso en las siguientes 72h.\n\t\t\t<\/p>\n\t\t<\/li>\n\t\t<li>\n\t\t\t<p>Te propondremos un ajuste econ\u00f3mico para compensar la resoluci\u00f3n por tu parte.\n\t\t\t<\/p>\n\t\t<\/li>\n\t\t<li>\n\t\t\t<p>Sujeto a <a href=\"https:\/\/www.laserboost.com\/es\/terminos-de-uso-y-condiciones-de-compra\/\"> condiciones. <\/a>\n\t\t\t<\/p>\n\t\t<\/li>\n\t<\/ul>\n<\/div>\n<div class='container-radio'>\n\t<p><span class=\"wpcf7-form-control-wrap\" data-name=\"radio-986\"><span class=\"wpcf7-form-control wpcf7-radio\"><span class=\"wpcf7-list-item first last\"><label><input type=\"radio\" name=\"radio-986\" value=\"Prefiero una nueva fabricaci\u00f3n de las piezas.\" \/><span class=\"wpcf7-list-item-label\">Prefiero una nueva fabricaci\u00f3n de las piezas.<\/span><\/label><\/span><\/span><\/span>\n\t<\/p>\n\t<ul class='ul-radio'>\n\t\t<li style='list-style: none;'>\n\t\t\t<p><span class=\"wpcf7-form-control-wrap\" data-name=\"delivery\"><input size=\"40\" maxlength=\"400\" class=\"wpcf7-form-control wpcf7-text solution\" aria-invalid=\"false\" placeholder=\"Fecha de entrega para la nueva producci\u00f3n.\" value=\"\" type=\"text\" name=\"delivery\" \/><\/span>\n\t\t\t<\/p>\n\t\t<\/li>\n\t\t<li>\n\t\t\t<p>LaserBoost revisar\u00e1 tu caso en las siguientes 72h.\n\t\t\t<\/p>\n\t\t<\/li>\n\t\t<li>\n\t\t\t<p>Te indicaremos el nuevo plazo de entrega para tu validaci\u00f3n.\n\t\t\t<\/p>\n\t\t<\/li>\n\t\t<li>\n\t\t\t<p>Sujeto a <a href=\"https:\/\/www.laserboost.com\/es\/terminos-de-uso-y-condiciones-de-compra\/\"> condiciones. <\/a>\n\t\t\t<\/p>\n\t\t<\/li>\n\t<\/ul>\n<\/div>\n<div class='container-radio'>\n\t<p><span class=\"wpcf7-form-control-wrap\" data-name=\"radio-986\"><span class=\"wpcf7-form-control wpcf7-radio\"><span class=\"wpcf7-list-item first last\"><label><input type=\"radio\" name=\"radio-986\" value=\"Necesito otra soluci\u00f3n\" \/><span class=\"wpcf7-list-item-label\">Necesito otra soluci\u00f3n<\/span><\/label><\/span><\/span><\/span>\n\t<\/p>\n\t<ul class='ul-radio'>\n\t\t<li style='list-style: none;'>\n\t\t\t<p><span class=\"wpcf7-form-control-wrap\" data-name=\"solution\"><input size=\"40\" maxlength=\"400\" class=\"wpcf7-form-control wpcf7-text solution\" aria-invalid=\"false\" placeholder=\"Soluci\u00f3n id\u00f3nea.\" value=\"\" type=\"text\" name=\"solution\" \/><\/span>\n\t\t\t<\/p>\n\t\t<\/li>\n\t\t<li>\n\t\t\t<p>LaserBoost revisar\u00e1 tu caso en las siguientes 72h.\n\t\t\t<\/p>\n\t\t<\/li>\n\t\t<li>\n\t\t\t<p>Sujeto a <a href=\"https:\/\/www.laserboost.com\/es\/terminos-de-uso-y-condiciones-de-compra\/\"> condiciones. <\/a>\n\t\t\t<\/p>\n\t\t<\/li>\n\t<\/ul>\n<\/div>\n<div style='width: 100%; text-align:center;'>\n\t<p><span class=\"wpcf7-form-control-wrap\" data-name=\"acceptance-227\"><span class=\"wpcf7-form-control wpcf7-acceptance\"><span class=\"wpcf7-list-item\"><input type=\"checkbox\" name=\"acceptance-227\" value=\"1\" aria-invalid=\"false\" \/><\/span><\/span><\/span> Acepto los T\u00e9rminos <a href=\"https:\/\/www.laserboost.com\/es\/terminos-de-uso-y-condiciones-de-compra\/\">T\u00e9rminos y Condiciones del Servicio<\/a>\n\t<\/p>\n<\/div>\n<div style='width: 100%; text-align: center;'>\n\t<p><input class=\"wpcf7-form-control wpcf7-submit has-spinner btt\" type=\"submit\" value=\"Enviar formulario de reclamaci\u00f3n\" \/>\n\t<\/p>\n<\/div>\n<p style='font-size: 12px; text-align: center;'> Revisaremos tu caso en un m\u00e1ximo de 48 horas.<br \/>\nPara agilizar la gesti\u00f3n, priorizamos las reclamaciones enviadas mediante este formulario sobre llamadas, correos u otros medios.\n<\/p>\n<style>\n .subp { \n font-size: 10px;\n }\n\n h2 {\n font-size: 20px;\n color: #2071B5;\n }\n\n label {\n color: black;\n font-size: 17px;\n }\n\n .ul-radio {\n font-size: 13px;\n line-height: 5px;\n position: relative;\n left: 15px;\n }\n\n .container-radio {\n padding: 10px;\n }\n\n .container-radio.active {\n background-color: #f0f8ff; \/* Color de fondo cuando est\u00e1 activo *\/\n }\n\n .solution {\n width: 80%;\n }\n\n .btt{\n width: 60%;\n height: 70px;\n border-radius: 10px !important; \n background: #2071B5 !important;\n font-size: 25px !important;\n position: relative;\n left: 37px;\n }\n\n .btt:hover {\n background: #4B7EBD !important;\n }\n<\/style>\n<p><script>\n document.addEventListener(\"DOMContentLoaded\", function () {\n const containers = document.querySelectorAll(\".container-radio\");\n\n containers.forEach(container => {\n const radio = container.querySelector(\"input[type='radio']\");\n\n radio.addEventListener(\"change\", function () {\n \/\/ Removemos la clase 'active' de todos los containers\n containers.forEach(c => c.classList.remove(\"active\"));\n\n \/\/ Si este radio est\u00e1 seleccionado, activamos su contenedor\n if (radio.checked) {\n container.classList.add(\"active\");\n }\n });\n });\n });\n<\/script>\n<\/p><p style=\"display: none !important;\" class=\"akismet-fields-container\" data-prefix=\"_wpcf7_ak_\"><label>&#916;<textarea name=\"_wpcf7_ak_hp_textarea\" cols=\"45\" rows=\"8\" maxlength=\"100\"><\/textarea><\/label><input type=\"hidden\" id=\"ak_js_1\" name=\"_wpcf7_ak_js\" value=\"193\"\/><script>document.getElementById( \"ak_js_1\" ).setAttribute( \"value\", ( new Date() ).getTime() );<\/script><\/p><div class=\"wpcf7-response-output\" aria-hidden=\"true\"><\/div>\n<\/form>\n<\/div>\n\t\t\t\t<\/div>\n\t\t\t\t<\/div>\n\t\t\t\t\t<\/div>\n\t\t<\/div>\n\t\t\t\t<div class=\"elementor-column elementor-col-33 elementor-top-column elementor-element elementor-element-6ca9bab1\" data-id=\"6ca9bab1\" data-element_type=\"column\" data-e-type=\"column\">\n\t\t\t<div class=\"elementor-widget-wrap\">\n\t\t\t\t\t\t\t<\/div>\n\t\t<\/div>\n\t\t\t\t\t<\/div>\n\t\t<\/section>\n\t\t\t\t<\/div>\n\t\t","protected":false},"excerpt":{"rendered":"<p>Formulario de reclamaciones Si hay un problema, lo solucionamos juntos. Antes de enviar tu reclamaci\u00f3n, es imprescindible que sigas estas directrices \u2022 Proporciona informaci\u00f3n clara, concreta y veraz sobre el problema.\u2022 Adjunta fotograf\u00edas con buena calidad. Si la reclamaci\u00f3n es por medidas, utiliza instrumentos de medici\u00f3n aceptados, como cinta m\u00e9trica o pie de rey. \u2022 [&hellip;]<\/p>\n","protected":false},"author":6,"featured_media":0,"parent":0,"menu_order":0,"comment_status":"closed","ping_status":"closed","template":"","meta":{"_acf_changed":false,"footnotes":""},"class_list":["post-79944","page","type-page","status-publish","hentry"],"acf":[],"_links":{"self":[{"href":"https:\/\/www.laserboost.com\/es\/wp-json\/wp\/v2\/pages\/79944","targetHints":{"allow":["GET"]}}],"collection":[{"href":"https:\/\/www.laserboost.com\/es\/wp-json\/wp\/v2\/pages"}],"about":[{"href":"https:\/\/www.laserboost.com\/es\/wp-json\/wp\/v2\/types\/page"}],"author":[{"embeddable":true,"href":"https:\/\/www.laserboost.com\/es\/wp-json\/wp\/v2\/users\/6"}],"replies":[{"embeddable":true,"href":"https:\/\/www.laserboost.com\/es\/wp-json\/wp\/v2\/comments?post=79944"}],"version-history":[{"count":0,"href":"https:\/\/www.laserboost.com\/es\/wp-json\/wp\/v2\/pages\/79944\/revisions"}],"wp:attachment":[{"href":"https:\/\/www.laserboost.com\/es\/wp-json\/wp\/v2\/media?parent=79944"}],"curies":[{"name":"wp","href":"https:\/\/api.w.org\/{rel}","templated":true}]}}