{"id":8689,"date":"2021-08-17T10:53:34","date_gmt":"2021-08-17T10:53:34","guid":{"rendered":"https:\/\/www.laserboost.com\/?page_id=8689"},"modified":"2025-01-30T08:21:14","modified_gmt":"2025-01-30T08:21:14","slug":"mapa-web","status":"publish","type":"page","link":"https:\/\/www.laserboost.com\/es\/mapa-web\/","title":{"rendered":"Sitemap"},"content":{"rendered":"\t\t<div data-elementor-type=\"wp-page\" data-elementor-id=\"8689\" class=\"elementor elementor-8689 elementor-8682\" data-elementor-post-type=\"page\">\n\t\t\t\t\t\t<section class=\"elementor-section elementor-top-section elementor-element elementor-element-535ad32a elementor-section-boxed elementor-section-height-default elementor-section-height-default\" data-id=\"535ad32a\" data-element_type=\"section\" data-e-type=\"section\">\n\t\t\t\t\t\t<div class=\"elementor-container elementor-column-gap-default\">\n\t\t\t\t\t<div class=\"elementor-column elementor-col-100 elementor-top-column elementor-element elementor-element-50a92e8b\" data-id=\"50a92e8b\" data-element_type=\"column\" data-e-type=\"column\">\n\t\t\t<div class=\"elementor-widget-wrap elementor-element-populated\">\n\t\t\t\t\t\t<div class=\"elementor-element elementor-element-be7a1b1 elementor-widget elementor-widget-heading\" data-id=\"be7a1b1\" data-element_type=\"widget\" data-e-type=\"widget\" data-widget_type=\"heading.default\">\n\t\t\t\t<div class=\"elementor-widget-container\">\n\t\t\t\t\t<h1 class=\"elementor-heading-title elementor-size-default\">Sitemap<\/h1>\t\t\t\t<\/div>\n\t\t\t\t<\/div>\n\t\t\t\t<div class=\"elementor-element elementor-element-39c6d30 elementor-widget elementor-widget-sitemap\" data-id=\"39c6d30\" data-element_type=\"widget\" data-e-type=\"widget\" data-widget_type=\"sitemap.default\">\n\t\t\t\t<div class=\"elementor-widget-container\">\n\t\t\t\t\t<div class=\"elementor-sitemap-wrap\"><div class=\"elementor-sitemap-section\"><h2 class=\"elementor-sitemap-title elementor-sitemap-page-title\">Pages<\/h2><ul class=\"elementor-sitemap-list elementor-sitemap-page-list\"><li class=\"elementor-sitemap-item elementor-sitemap-item-page page_item page-item-909\"><a href=\"https:\/\/www.laserboost.com\/es\/makers-emprendedores\/\">Makers &#038; Emprendedores<\/a><\/li><li class=\"elementor-sitemap-item elementor-sitemap-item-page page_item page-item-1281\"><a href=\"https:\/\/www.laserboost.com\/es\/preguntas-frecuentes\/\">FAQ<\/a><\/li><li class=\"elementor-sitemap-item elementor-sitemap-item-page page_item page-item-1286\"><a href=\"https:\/\/www.laserboost.com\/es\/aviso-legal\/\">Aviso Legal<\/a><\/li><li class=\"elementor-sitemap-item elementor-sitemap-item-page page_item page-item-1297\"><a href=\"https:\/\/www.laserboost.com\/es\/terminos-de-uso-y-condiciones-de-compra\/\">T\u00e9rminos y Condiciones<\/a><\/li><li class=\"elementor-sitemap-item elementor-sitemap-item-page page_item page-item-1255\"><a href=\"https:\/\/www.laserboost.com\/es\/contacto\/\">Cont\u00e1ctanos<\/a><\/li><li class=\"elementor-sitemap-item elementor-sitemap-item-page page_item page-item-1082\"><a href=\"https:\/\/www.laserboost.com\/es\/especial\/\">Especial<\/a><\/li><li class=\"elementor-sitemap-item elementor-sitemap-item-page page_item page-item-1013\"><a href=\"https:\/\/www.laserboost.com\/es\/letreros-y-carteles\/\">Carteles y Letreros<\/a><\/li><li class=\"elementor-sitemap-item elementor-sitemap-item-page page_item page-item-764\"><a href=\"https:\/\/www.laserboost.com\/es\/equivalencia-materiales\/\">Equivalencias<\/a><\/li><li class=\"elementor-sitemap-item elementor-sitemap-item-page page_item page-item-1302\"><a href=\"https:\/\/www.laserboost.com\/es\/politica-de-cookies\/\">Pol\u00edtica de cookies<\/a><\/li><li class=\"elementor-sitemap-item elementor-sitemap-item-page page_item page-item-3937\"><a href=\"https:\/\/www.laserboost.com\/es\/corte-laser-acero-al-carbono\/\">Acero al Carbono<\/a><\/li><li class=\"elementor-sitemap-item elementor-sitemap-item-page page_item page-item-4181\"><a href=\"https:\/\/www.laserboost.com\/es\/joyeria\/\">Joyer\u00eda y Bisuter\u00eda<\/a><\/li><li class=\"elementor-sitemap-item elementor-sitemap-item-page page_item page-item-5005\"><a href=\"https:\/\/www.laserboost.com\/es\/corte-laser-aluminio\/\">Aluminio<\/a><\/li><li class=\"elementor-sitemap-item elementor-sitemap-item-page page_item page-item-5044\"><a href=\"https:\/\/www.laserboost.com\/es\/corte-laser-cobre\/\">Cobre<\/a><\/li><li class=\"elementor-sitemap-item elementor-sitemap-item-page page_item page-item-5080\"><a href=\"https:\/\/www.laserboost.com\/es\/corte-laser-acero-galvanizado\/\">Acero Galvanizado<\/a><\/li><li class=\"elementor-sitemap-item elementor-sitemap-item-page page_item page-item-5107\"><a href=\"https:\/\/www.laserboost.com\/es\/corte-laser-acero-inoxidable\/\">Acero Inoxidable<\/a><\/li><li class=\"elementor-sitemap-item elementor-sitemap-item-page page_item page-item-5157\"><a href=\"https:\/\/www.laserboost.com\/es\/corte-laser-laton\/\">Lat\u00f3n<\/a><\/li><li class=\"elementor-sitemap-item elementor-sitemap-item-page page_item page-item-6370\"><a href=\"https:\/\/www.laserboost.com\/es\/gracias\/\">Gracias<\/a><\/li><li class=\"elementor-sitemap-item elementor-sitemap-item-page page_item page-item-8689\"><a href=\"https:\/\/www.laserboost.com\/es\/mapa-web\/\">Sitemap<\/a><\/li><li class=\"elementor-sitemap-item elementor-sitemap-item-page page_item page-item-9888\"><a href=\"https:\/\/www.laserboost.com\/es\/materiales\/\">Materiales<\/a><\/li><li class=\"elementor-sitemap-item elementor-sitemap-item-page page_item page-item-10757 current_page_parent\"><a href=\"https:\/\/www.laserboost.com\/es\/blog-noticias\/\">Blog<\/a><\/li><li class=\"elementor-sitemap-item elementor-sitemap-item-page page_item page-item-11255\"><a href=\"https:\/\/www.laserboost.com\/es\/corte-laser\/\">Corte l\u00e1ser<\/a><\/li><li class=\"elementor-sitemap-item elementor-sitemap-item-page page_item page-item-13018\"><a href=\"https:\/\/www.laserboost.com\/es\/plegado-chapa\/\">Plegado de chapa online<\/a><\/li><li class=\"elementor-sitemap-item elementor-sitemap-item-page page_item page-item-12891\"><a href=\"https:\/\/www.laserboost.com\/es\/servicios-de-corte-laser-plegado-chapa\/\">Servicios &#8211; Fabricaci\u00f3n en l\u00ednea de piezas met\u00e1licas<\/a><\/li><li class=\"elementor-sitemap-item elementor-sitemap-item-page page_item page-item-12725\"><a href=\"https:\/\/www.laserboost.com\/es\/guia-diseno-corte-laser\/\">Gu\u00eda para Corte L\u00e1ser<\/a><\/li><li class=\"elementor-sitemap-item elementor-sitemap-item-page page_item page-item-12605\"><a href=\"https:\/\/www.laserboost.com\/es\/como-funciona-corte-laser\/\">C\u00f3mo funciona<\/a><\/li><li class=\"elementor-sitemap-item elementor-sitemap-item-page page_item page-item-12594\"><a href=\"https:\/\/www.laserboost.com\/es\/para-empresas\/\">Para empresas<\/a><\/li><li class=\"elementor-sitemap-item elementor-sitemap-item-page page_item page-item-14816\"><a href=\"https:\/\/www.laserboost.com\/es\/guia-diseno-plegado-chapa\/\">Gu\u00eda de Corte L\u00e1ser con Plegado<\/a><\/li><li class=\"elementor-sitemap-item elementor-sitemap-item-page page_item page-item-17740\"><a href=\"https:\/\/www.laserboost.com\/es\/\">Inicio<\/a><\/li><li class=\"elementor-sitemap-item elementor-sitemap-item-page page_item page-item-22781\"><a href=\"https:\/\/www.laserboost.com\/es\/guia-de-diseno-para-piezas-con-roscas-y-avellanados\/\">Gu\u00eda de dise\u00f1o para piezas con roscas y avellanados<\/a><\/li><li class=\"elementor-sitemap-item elementor-sitemap-item-page page_item page-item-22775\"><a href=\"https:\/\/www.laserboost.com\/es\/nosotros\/\">Nosotros<\/a><\/li><li class=\"elementor-sitemap-item elementor-sitemap-item-page page_item page-item-21998\"><a href=\"https:\/\/www.laserboost.com\/es\/tolerancias\/\">Tolerancias<\/a><\/li><li class=\"elementor-sitemap-item elementor-sitemap-item-page page_item page-item-75044\"><a href=\"https:\/\/www.laserboost.com\/es\/metodos-de-pago-y-envio\/\">M\u00e9todos de pago y env\u00edo<\/a><\/li><li class=\"elementor-sitemap-item elementor-sitemap-item-page page_item page-item-75266\"><a href=\"https:\/\/www.laserboost.com\/es\/grabado_laser_online\/\">Grabado L\u00e1ser Online<\/a><\/li><li class=\"elementor-sitemap-item elementor-sitemap-item-page page_item page-item-79944\"><a href=\"https:\/\/www.laserboost.com\/es\/reclamaciones\/\">Reclamaci\u00f3nes<\/a><\/li><li class=\"elementor-sitemap-item elementor-sitemap-item-page page_item page-item-78910\"><a href=\"https:\/\/www.laserboost.com\/es\/acabados-para-tus-piezas-de-corte-laser\/\">Acabados para tus piezas de corte l\u00e1ser<\/a><\/li><li class=\"elementor-sitemap-item elementor-sitemap-item-page page_item page-item-79563\"><a href=\"https:\/\/www.laserboost.com\/es\/corte-laser-santiago-de-compostela\/\">Corte laser Santiago de Compostela<\/a><\/li><li class=\"elementor-sitemap-item elementor-sitemap-item-page page_item page-item-79561\"><a href=\"https:\/\/www.laserboost.com\/es\/corte-laser-oviedo\/\">Corte l\u00e1ser Oviedo<\/a><\/li><li class=\"elementor-sitemap-item elementor-sitemap-item-page page_item page-item-79560\"><a href=\"https:\/\/www.laserboost.com\/es\/corte-laser-vigo\/\">Corte laser Vigo<\/a><\/li><li class=\"elementor-sitemap-item elementor-sitemap-item-page page_item page-item-79559\"><a href=\"https:\/\/www.laserboost.com\/es\/corte-laser-santander\/\">Corte laser Santander<\/a><\/li><li class=\"elementor-sitemap-item elementor-sitemap-item-page page_item page-item-79558\"><a href=\"https:\/\/www.laserboost.com\/es\/corte-laser-donostia\/\">Corte laser Donostia<\/a><\/li><li class=\"elementor-sitemap-item elementor-sitemap-item-page page_item page-item-79557\"><a href=\"https:\/\/www.laserboost.com\/es\/corte-laser-vitoria\/\">Corte laser Vitoria<\/a><\/li><li class=\"elementor-sitemap-item elementor-sitemap-item-page page_item page-item-79556\"><a href=\"https:\/\/www.laserboost.com\/es\/corte-laser-pamplona\/\">Corte laser Pamplona<\/a><\/li><li class=\"elementor-sitemap-item elementor-sitemap-item-page page_item page-item-79554\"><a href=\"https:\/\/www.laserboost.com\/es\/corte-laser-logrono\/\">Corte laser Logro\u00f1o<\/a><\/li><li class=\"elementor-sitemap-item elementor-sitemap-item-page page_item page-item-79553\"><a href=\"https:\/\/www.laserboost.com\/es\/corte-laser-zaragoza\/\">Corte laser Zaragoza<\/a><\/li><li class=\"elementor-sitemap-item elementor-sitemap-item-page page_item page-item-79552\"><a href=\"https:\/\/www.laserboost.com\/es\/corte-laser-huesca\/\">Corte laser Huesca<\/a><\/li><li class=\"elementor-sitemap-item elementor-sitemap-item-page page_item page-item-79551\"><a href=\"https:\/\/www.laserboost.com\/es\/corte-laser-teruel\/\">Corte laser Teruel<\/a><\/li><li class=\"elementor-sitemap-item elementor-sitemap-item-page page_item page-item-79550\"><a href=\"https:\/\/www.laserboost.com\/es\/corte-laser-lleida\/\">Corte laser Lleida<\/a><\/li><li class=\"elementor-sitemap-item elementor-sitemap-item-page page_item page-item-79549\"><a href=\"https:\/\/www.laserboost.com\/es\/corte-laser-tarragona\/\">Corte laser Tarragona<\/a><\/li><li class=\"elementor-sitemap-item elementor-sitemap-item-page page_item page-item-79548\"><a href=\"https:\/\/www.laserboost.com\/es\/corte-laser-girona\/\">Corte laser Girona<\/a><\/li><li class=\"elementor-sitemap-item elementor-sitemap-item-page page_item page-item-79547\"><a href=\"https:\/\/www.laserboost.com\/es\/corte-laser-castellon\/\">Corte laser Castell\u00f3n<\/a><\/li><li class=\"elementor-sitemap-item elementor-sitemap-item-page page_item page-item-79546\"><a href=\"https:\/\/www.laserboost.com\/es\/corte-laser-alicante\/\">Corte laser Alicante<\/a><\/li><li class=\"elementor-sitemap-item elementor-sitemap-item-page page_item page-item-79544\"><a href=\"https:\/\/www.laserboost.com\/es\/corte-laser-almeria\/\">Corte laser Almer\u00eda<\/a><\/li><li class=\"elementor-sitemap-item elementor-sitemap-item-page page_item page-item-79543\"><a href=\"https:\/\/www.laserboost.com\/es\/corte-laser-jaen\/\">Corte laser Ja\u00e9n<\/a><\/li><li class=\"elementor-sitemap-item elementor-sitemap-item-page page_item page-item-79542\"><a href=\"https:\/\/www.laserboost.com\/es\/corte-laser-cordoba\/\">Corte laser C\u00f3rdoba<\/a><\/li><li class=\"elementor-sitemap-item elementor-sitemap-item-page page_item page-item-79541\"><a href=\"https:\/\/www.laserboost.com\/es\/corte-laser-malaga\/\">Corte laser M\u00e1laga<\/a><\/li><li class=\"elementor-sitemap-item elementor-sitemap-item-page page_item page-item-79540\"><a href=\"https:\/\/www.laserboost.com\/es\/corte-laser-huelva\/\">Corte laser Huelva<\/a><\/li><li class=\"elementor-sitemap-item elementor-sitemap-item-page page_item page-item-79539\"><a href=\"https:\/\/www.laserboost.com\/es\/corte-laser-sevilla\/\">Corte laser Sevilla<\/a><\/li><li class=\"elementor-sitemap-item elementor-sitemap-item-page page_item page-item-79538\"><a href=\"https:\/\/www.laserboost.com\/es\/corte-laser-caceres\/\">Corte laser C\u00e1ceres<\/a><\/li><li class=\"elementor-sitemap-item elementor-sitemap-item-page page_item page-item-79537\"><a href=\"https:\/\/www.laserboost.com\/es\/corte-laser-cadiz\/\">Corte laser C\u00e1diz<\/a><\/li><li class=\"elementor-sitemap-item elementor-sitemap-item-page page_item page-item-79536\"><a href=\"https:\/\/www.laserboost.com\/es\/corte-laser-toledo\/\">Corte laser Toledo<\/a><\/li><li class=\"elementor-sitemap-item elementor-sitemap-item-page page_item page-item-79535\"><a href=\"https:\/\/www.laserboost.com\/es\/corte-laser-valladolid\/\">Corte laser Valladolid<\/a><\/li><li class=\"elementor-sitemap-item elementor-sitemap-item-page page_item page-item-79533\"><a href=\"https:\/\/www.laserboost.com\/es\/corte-laser-soria\/\">Corte laser Soria<\/a><\/li><li class=\"elementor-sitemap-item elementor-sitemap-item-page page_item page-item-79532\"><a href=\"https:\/\/www.laserboost.com\/es\/corte-laser-granada\/\">Corte laser Granada<\/a><\/li><li class=\"elementor-sitemap-item elementor-sitemap-item-page page_item page-item-79531\"><a href=\"https:\/\/www.laserboost.com\/es\/corte-laser-badajoz\/\">Corte laser Badajoz<\/a><\/li><li class=\"elementor-sitemap-item elementor-sitemap-item-page page_item page-item-79530\"><a href=\"https:\/\/www.laserboost.com\/es\/corte-laser-albacete\/\">Corte laser Albacete<\/a><\/li><li class=\"elementor-sitemap-item elementor-sitemap-item-page page_item page-item-79529\"><a href=\"https:\/\/www.laserboost.com\/es\/corte-laser-segovia\/\">Corte laser Segovia<\/a><\/li><li class=\"elementor-sitemap-item elementor-sitemap-item-page page_item page-item-79528\"><a href=\"https:\/\/www.laserboost.com\/es\/corte-laser-guadalajara\/\">Corte laser Guadalajara<\/a><\/li><li class=\"elementor-sitemap-item elementor-sitemap-item-page page_item page-item-79527\"><a href=\"https:\/\/www.laserboost.com\/es\/corte-laser-ciudad-real\/\">Corte laser Ciudad Real<\/a><\/li><li class=\"elementor-sitemap-item elementor-sitemap-item-page page_item page-item-79526\"><a href=\"https:\/\/www.laserboost.com\/es\/corte-laser-salamanca\/\">Corte laser Salamanca<\/a><\/li><li class=\"elementor-sitemap-item elementor-sitemap-item-page page_item page-item-79525\"><a href=\"https:\/\/www.laserboost.com\/es\/corte-laser-leon\/\">Corte laser Le\u00f3n<\/a><\/li><li class=\"elementor-sitemap-item elementor-sitemap-item-page page_item page-item-79524\"><a href=\"https:\/\/www.laserboost.com\/es\/corte-laser-avila\/\">Corte laser \u00c1vila<\/a><\/li><li class=\"elementor-sitemap-item elementor-sitemap-item-page page_item page-item-79523\"><a href=\"https:\/\/www.laserboost.com\/es\/corte-laser-palencia\/\">Corte laser Palencia<\/a><\/li><li class=\"elementor-sitemap-item elementor-sitemap-item-page page_item page-item-79522\"><a href=\"https:\/\/www.laserboost.com\/es\/corte-laser-zamora\/\">Corte laser Zamora<\/a><\/li><li class=\"elementor-sitemap-item elementor-sitemap-item-page page_item page-item-79521\"><a href=\"https:\/\/www.laserboost.com\/es\/corte-laser-burgos\/\">Corte laser Burgos<\/a><\/li><li class=\"elementor-sitemap-item elementor-sitemap-item-page page_item page-item-79520\"><a href=\"https:\/\/www.laserboost.com\/es\/corte-laser-mallorca\/\">Corte laser Mallorca<\/a><\/li><li class=\"elementor-sitemap-item elementor-sitemap-item-page page_item page-item-79555\"><a href=\"https:\/\/www.laserboost.com\/es\/corte-laser-barcelona\/\">Corte laser Barcelona<\/a><\/li><li class=\"elementor-sitemap-item elementor-sitemap-item-page page_item page-item-79534\"><a href=\"https:\/\/www.laserboost.com\/es\/corte-laser-madrid\/\">Corte laser Madrid<\/a><\/li><li class=\"elementor-sitemap-item elementor-sitemap-item-page page_item page-item-79566\"><a href=\"https:\/\/www.laserboost.com\/es\/corte-laser-bilbao\/\">Corte laser Bilbao<\/a><\/li><li class=\"elementor-sitemap-item elementor-sitemap-item-page page_item page-item-79562\"><a href=\"https:\/\/www.laserboost.com\/es\/corte-laser-lugo\/\">Corte laser Lugo<\/a><\/li><li class=\"elementor-sitemap-item elementor-sitemap-item-page page_item page-item-79564\"><a href=\"https:\/\/www.laserboost.com\/es\/corte-laser-ourense\/\">Corte laser Ourense<\/a><\/li><li class=\"elementor-sitemap-item elementor-sitemap-item-page page_item page-item-79545\"><a href=\"https:\/\/www.laserboost.com\/es\/corte-laser-murcia\/\">Corte laser Murcia<\/a><\/li><li class=\"elementor-sitemap-item elementor-sitemap-item-page page_item page-item-79844\"><a href=\"https:\/\/www.laserboost.com\/es\/corte-laser-las-palmas\/\">Corte laser Las palmas<\/a><\/li><li class=\"elementor-sitemap-item elementor-sitemap-item-page page_item page-item-79868\"><a href=\"https:\/\/www.laserboost.com\/es\/corte-laser-tenerife\/\">Corte laser Tenerife<\/a><\/li><li class=\"elementor-sitemap-item elementor-sitemap-item-page page_item page-item-79565\"><a href=\"https:\/\/www.laserboost.com\/es\/corte-laser-a-coruna\/\">Corte laser A Coru\u00f1a<\/a><\/li><li class=\"elementor-sitemap-item elementor-sitemap-item-page page_item page-item-80133\"><a href=\"https:\/\/www.laserboost.com\/es\/corte-laser-valencia\/\">Corte laser Valencia<\/a><\/li><li class=\"elementor-sitemap-item elementor-sitemap-item-page page_item page-item-80713\"><a href=\"https:\/\/www.laserboost.com\/es\/glosario2\/\">Glosario<\/a><\/li><\/ul><\/div><div class=\"elementor-sitemap-section\"><h2 class=\"elementor-sitemap-title elementor-sitemap-post-title\">Entradas<\/h2><ul class=\"elementor-sitemap-list elementor-sitemap-post-list\"><li class=\"elementor-sitemap-item elementor-sitemap-item-post page_item page-item-8967\"><a href=\"https:\/\/www.laserboost.com\/es\/el-laser-afina-la-geometria\/\">El l\u00e1ser afina la geometria<\/a><\/li><li class=\"elementor-sitemap-item elementor-sitemap-item-post page_item page-item-84538\"><a href=\"https:\/\/www.laserboost.com\/es\/como-elegir-el-mejor-material-para-corte-laser\/\">\u00bfC\u00f3mo elegir el mejor material para corte l\u00e1ser?<\/a><\/li><li class=\"elementor-sitemap-item elementor-sitemap-item-post page_item page-item-84543\"><a href=\"https:\/\/www.laserboost.com\/es\/consejos-para-pedir-piezas-de-corte-laser-online-errores-a-evitar\/\">Consejos para pedir piezas de corte l\u00e1ser online: errores a evitar<\/a><\/li><li class=\"elementor-sitemap-item elementor-sitemap-item-post page_item page-item-74585\"><a href=\"https:\/\/www.laserboost.com\/es\/acabados-para-tus-piezas-de-corte-laser\/\">Acabados para tus piezas de corte l\u00e1ser<\/a><\/li><li class=\"elementor-sitemap-item elementor-sitemap-item-post page_item page-item-89449\"><a href=\"https:\/\/www.laserboost.com\/es\/construccion-industrializada-la-revolucion-que-transformara-el-sector-en-espana\/\">Construcci\u00f3n industrializada: la revoluci\u00f3n que transformar\u00e1 el sector en Espa\u00f1a<\/a><\/li><li class=\"elementor-sitemap-item elementor-sitemap-item-post page_item page-item-1177\"><a href=\"https:\/\/www.laserboost.com\/es\/eureka-el-blog-del-herrero-ha-sido-forjado\/\">Eureka! El blog del herrero ha sido forjado.<\/a><\/li><li class=\"elementor-sitemap-item elementor-sitemap-item-post page_item page-item-1186\"><a href=\"https:\/\/www.laserboost.com\/es\/por-que-el-acero-inoxidable-no-se-oxida\/\">\u00bfPor qu\u00e9 el acero inoxidable no se oxida?<\/a><\/li><li class=\"elementor-sitemap-item elementor-sitemap-item-post page_item page-item-1188\"><a href=\"https:\/\/www.laserboost.com\/es\/que-es-el-adamantium-la-ciencia-de-marvel-para-noobs-en-menos-de-250-palabras-parte-1\/\">\u00bfQu\u00e9 es el Adamantium? La ciencia de Marvel para noobs en menos de 250 palabras. [Parte 1]<\/a><\/li><li class=\"elementor-sitemap-item elementor-sitemap-item-post page_item page-item-1190\"><a href=\"https:\/\/www.laserboost.com\/es\/paises-principales-de-produccion-de-aluminio-2017-2018\/\">Pa\u00edses principales de producci\u00f3n de aluminio [2017-2018]<\/a><\/li><li class=\"elementor-sitemap-item elementor-sitemap-item-post page_item page-item-1192\"><a href=\"https:\/\/www.laserboost.com\/es\/buenas-noticias\/\">Buenas noticias!<\/a><\/li><li class=\"elementor-sitemap-item elementor-sitemap-item-post page_item page-item-1194\"><a href=\"https:\/\/www.laserboost.com\/es\/que-es-el-vibranium-la-ciencia-de-marvel-para-noobs-en-menos-de-250-palabras-parte-1\/\">\u00bfQu\u00e9 es el Vibranium? La ciencia de Marvel para noobs en menos de 250 palabras. [Parte 1]<\/a><\/li><li class=\"elementor-sitemap-item elementor-sitemap-item-post page_item page-item-85676\"><a href=\"https:\/\/www.laserboost.com\/es\/por-que-el-corte-laser-esta-revolucionando-el-sector-del-arte-y-el-diseno\/\">\u00bfPor qu\u00e9 el corte l\u00e1ser est\u00e1 revolucionando el sector del arte y el dise\u00f1o?<\/a><\/li><li class=\"elementor-sitemap-item elementor-sitemap-item-post page_item page-item-85682\"><a href=\"https:\/\/www.laserboost.com\/es\/como-funciona-el-corte-laser\/\">C\u00f3mo funciona el corte l\u00e1ser<\/a><\/li><li class=\"elementor-sitemap-item elementor-sitemap-item-post page_item page-item-85687\"><a href=\"https:\/\/www.laserboost.com\/es\/ventajas-del-corte-laser-frente-al-plasma-precision-calidad-y-eficiencia\/\">Ventajas del corte l\u00e1ser frente al plasma: precisi\u00f3n, calidad y eficiencia<\/a><\/li><li class=\"elementor-sitemap-item elementor-sitemap-item-post page_item page-item-85694\"><a href=\"https:\/\/www.laserboost.com\/es\/corte-y-plegado-de-chapa-todo-lo-que-necesitas-saber\/\">Corte y plegado de chapa: Todo lo que necesitas saber<\/a><\/li><li class=\"elementor-sitemap-item elementor-sitemap-item-post page_item page-item-85699\"><a href=\"https:\/\/www.laserboost.com\/es\/el-futuro-del-corte-laser-automatizacion-ia-y-fabricacion-digital\/\">El futuro del corte l\u00e1ser: automatizaci\u00f3n, IA y fabricaci\u00f3n digital<\/a><\/li><li class=\"elementor-sitemap-item elementor-sitemap-item-post page_item page-item-85704\"><a href=\"https:\/\/www.laserboost.com\/es\/errores-mas-comunes-al-enviar-archivos-para-corte-laser-y-como-evitarlos\/\">Errores m\u00e1s comunes al enviar archivos para corte l\u00e1ser y c\u00f3mo evitarlos<\/a><\/li><li class=\"elementor-sitemap-item elementor-sitemap-item-post page_item page-item-85709\"><a href=\"https:\/\/www.laserboost.com\/es\/que-aplicaciones-tiene-el-corte-laser\/\">\u00bfQu\u00e9 aplicaciones tiene el corte l\u00e1ser?<\/a><\/li><li class=\"elementor-sitemap-item elementor-sitemap-item-post page_item page-item-84463\"><a href=\"https:\/\/www.laserboost.com\/es\/como-se-usa-el-corte-laser-en-la-industria-del-automovil\/\">\u00bfC\u00f3mo se usa el corte l\u00e1ser en la industria del autom\u00f3vil?<\/a><\/li><li class=\"elementor-sitemap-item elementor-sitemap-item-post page_item page-item-84468\"><a href=\"https:\/\/www.laserboost.com\/es\/corte-laser-ventajas-y-beneficios-para-tu-negocio\/\">Corte l\u00e1ser: ventajas y beneficios para tu negocio<\/a><\/li><li class=\"elementor-sitemap-item elementor-sitemap-item-post page_item page-item-84474\"><a href=\"https:\/\/www.laserboost.com\/es\/que-es-el-corte-laser-y-para-que-sirve\/\">\u00bfQu\u00e9 es el corte l\u00e1ser y para qu\u00e9 sirve?<\/a><\/li><\/ul><\/div><\/div>\t\t\t\t<\/div>\n\t\t\t\t<\/div>\n\t\t\t\t\t<\/div>\n\t\t<\/div>\n\t\t\t\t\t<\/div>\n\t\t<\/section>\n\t\t\t\t<\/div>\n\t\t","protected":false},"excerpt":{"rendered":"<p>Sitemap<\/p>\n","protected":false},"author":6,"featured_media":0,"parent":0,"menu_order":0,"comment_status":"closed","ping_status":"closed","template":"elementor_header_footer","meta":{"_acf_changed":false,"footnotes":""},"class_list":["post-8689","page","type-page","status-publish","hentry"],"acf":[],"_links":{"self":[{"href":"https:\/\/www.laserboost.com\/es\/wp-json\/wp\/v2\/pages\/8689","targetHints":{"allow":["GET"]}}],"collection":[{"href":"https:\/\/www.laserboost.com\/es\/wp-json\/wp\/v2\/pages"}],"about":[{"href":"https:\/\/www.laserboost.com\/es\/wp-json\/wp\/v2\/types\/page"}],"author":[{"embeddable":true,"href":"https:\/\/www.laserboost.com\/es\/wp-json\/wp\/v2\/users\/6"}],"replies":[{"embeddable":true,"href":"https:\/\/www.laserboost.com\/es\/wp-json\/wp\/v2\/comments?post=8689"}],"version-history":[{"count":0,"href":"https:\/\/www.laserboost.com\/es\/wp-json\/wp\/v2\/pages\/8689\/revisions"}],"wp:attachment":[{"href":"https:\/\/www.laserboost.com\/es\/wp-json\/wp\/v2\/media?parent=8689"}],"curies":[{"name":"wp","href":"https:\/\/api.w.org\/{rel}","templated":true}]}}