{"id":20012,"date":"2021-01-05T11:00:28","date_gmt":"2021-01-05T11:00:28","guid":{"rendered":"https:\/\/www.laserboost.com\/legal\/"},"modified":"2025-01-30T08:33:41","modified_gmt":"2025-01-30T08:33:41","slug":"legal","status":"publish","type":"page","link":"https:\/\/www.laserboost.com\/fr\/legal\/","title":{"rendered":"Avis L\u00e9gal"},"content":{"rendered":"\t\t<div data-elementor-type=\"wp-page\" data-elementor-id=\"20012\" class=\"elementor elementor-20012 elementor-1715\" data-elementor-post-type=\"page\">\n\t\t\t\t\t\t<main class=\"elementor-section elementor-top-section elementor-element elementor-element-b323231 elementor-section-boxed elementor-section-height-default elementor-section-height-default\" data-id=\"b323231\" data-element_type=\"section\" data-e-type=\"section\" data-settings=\"{&quot;background_background&quot;:&quot;classic&quot;}\">\n\t\t\t\t\t\t<div class=\"elementor-container elementor-column-gap-default\">\n\t\t\t\t\t<div class=\"elementor-column elementor-col-100 elementor-top-column elementor-element elementor-element-c3534fd\" data-id=\"c3534fd\" data-element_type=\"column\" data-e-type=\"column\">\n\t\t\t<div class=\"elementor-widget-wrap elementor-element-populated\">\n\t\t\t\t\t\t<section class=\"elementor-section elementor-inner-section elementor-element elementor-element-f6ac370 elementor-section-boxed elementor-section-height-default elementor-section-height-default\" data-id=\"f6ac370\" data-element_type=\"section\" data-e-type=\"section\">\n\t\t\t\t\t\t<div class=\"elementor-container elementor-column-gap-default\">\n\t\t\t\t\t<div class=\"elementor-column elementor-col-100 elementor-inner-column elementor-element elementor-element-c6b473b\" data-id=\"c6b473b\" data-element_type=\"column\" data-e-type=\"column\">\n\t\t\t<div class=\"elementor-widget-wrap elementor-element-populated\">\n\t\t\t\t\t\t<div class=\"elementor-element elementor-element-317c388 elementor-widget elementor-widget-heading\" data-id=\"317c388\" data-element_type=\"widget\" data-e-type=\"widget\" data-widget_type=\"heading.default\">\n\t\t\t\t<div class=\"elementor-widget-container\">\n\t\t\t\t\t<h1 class=\"elementor-heading-title elementor-size-default\">Avis L\u00e9gal<\/h1>\t\t\t\t<\/div>\n\t\t\t\t<\/div>\n\t\t\t\t<div class=\"elementor-element elementor-element-3a83063 elementor-widget elementor-widget-text-editor\" data-id=\"3a83063\" data-element_type=\"widget\" data-e-type=\"widget\" data-widget_type=\"text-editor.default\">\n\t\t\t\t<div class=\"elementor-widget-container\">\n\t\t\t\t\t\t\t\t\t<p>Transparence totale. Sinc\u00e9rit\u00e9 absolue. Les cartes sur la table.<\/p>\n\t\t\t\t\t\t\t\t<\/div>\n\t\t\t\t<\/div>\n\t\t\t\t\t<\/div>\n\t\t<\/div>\n\t\t\t\t\t<\/div>\n\t\t<\/section>\n\t\t\t\t\t<\/div>\n\t\t<\/div>\n\t\t\t\t\t<\/div>\n\t\t<\/main>\n\t\t\t\t<section class=\"elementor-section elementor-top-section elementor-element elementor-element-2c8ae12 elementor-reverse-tablet elementor-reverse-mobile elementor-section-boxed elementor-section-height-default elementor-section-height-default\" data-id=\"2c8ae12\" data-element_type=\"section\" data-e-type=\"section\">\n\t\t\t\t\t\t<div class=\"elementor-container elementor-column-gap-default\">\n\t\t\t\t\t<div class=\"elementor-column elementor-col-100 elementor-top-column elementor-element elementor-element-d2b756c\" data-id=\"d2b756c\" data-element_type=\"column\" data-e-type=\"column\">\n\t\t\t<div class=\"elementor-widget-wrap elementor-element-populated\">\n\t\t\t\t\t\t<section class=\"elementor-section elementor-inner-section elementor-element elementor-element-eefc222 elementor-section-boxed elementor-section-height-default elementor-section-height-default\" data-id=\"eefc222\" data-element_type=\"section\" data-e-type=\"section\">\n\t\t\t\t\t\t<div class=\"elementor-container elementor-column-gap-default\">\n\t\t\t\t\t<div class=\"elementor-column elementor-col-100 elementor-inner-column elementor-element elementor-element-70ecba9\" data-id=\"70ecba9\" data-element_type=\"column\" data-e-type=\"column\">\n\t\t\t<div class=\"elementor-widget-wrap elementor-element-populated\">\n\t\t\t\t\t\t<div class=\"elementor-element elementor-element-33afd15 elementor-widget elementor-widget-heading\" data-id=\"33afd15\" data-element_type=\"widget\" data-e-type=\"widget\" data-widget_type=\"heading.default\">\n\t\t\t\t<div class=\"elementor-widget-container\">\n\t\t\t\t\t<h2 class=\"elementor-heading-title elementor-size-default\">1. DONN\u00c9ES G\u00c9N\u00c9RALES<\/h2>\t\t\t\t<\/div>\n\t\t\t\t<\/div>\n\t\t\t\t<div class=\"elementor-element elementor-element-c64bbd0 elementor-widget elementor-widget-text-editor\" data-id=\"c64bbd0\" data-element_type=\"widget\" data-e-type=\"widget\" data-widget_type=\"text-editor.default\">\n\t\t\t\t<div class=\"elementor-widget-container\">\n\t\t\t\t\t\t\t\t\t<p>Conform\u00e9ment \u00e0 l\u2019article 10 de la loi 34\/2002, du 11 juillet, sur les services de la soci\u00e9t\u00e9 de l\u2019information et du commerce \u00e9lectronique, nous vous fournissons les informations suivantes:<\/p>\n\t\t\t\t\t\t\t\t<\/div>\n\t\t\t\t<\/div>\n\t\t\t\t<div class=\"elementor-element elementor-element-5b995c8 elementor-widget elementor-widget-image\" data-id=\"5b995c8\" data-element_type=\"widget\" data-e-type=\"widget\" data-widget_type=\"image.default\">\n\t\t\t\t<div class=\"elementor-widget-container\">\n\t\t\t\t\t\t\t\t\t\t\t\t\t\t\t<img fetchpriority=\"high\" decoding=\"async\" width=\"1370\" height=\"260\" src=\"https:\/\/www.laserboost.com\/wp-content\/uploads\/2021\/04\/unnamed-file.png\" class=\"attachment-full size-full wp-image-19227\" alt=\"\" srcset=\"https:\/\/www.laserboost.com\/wp-content\/uploads\/2021\/04\/unnamed-file.png 1370w, https:\/\/www.laserboost.com\/wp-content\/uploads\/2021\/04\/unnamed-file-300x57.png 300w, https:\/\/www.laserboost.com\/wp-content\/uploads\/2021\/04\/unnamed-file-1024x194.png 1024w, https:\/\/www.laserboost.com\/wp-content\/uploads\/2021\/04\/unnamed-file-768x146.png 768w\" sizes=\"(max-width: 1370px) 100vw, 1370px\" title=\"\">\t\t\t\t\t\t\t\t\t\t\t\t\t\t\t<\/div>\n\t\t\t\t<\/div>\n\t\t\t\t<div class=\"elementor-element elementor-element-2b0cea8 elementor-widget elementor-widget-text-editor\" data-id=\"2b0cea8\" data-element_type=\"widget\" data-e-type=\"widget\" data-widget_type=\"text-editor.default\">\n\t\t\t\t<div class=\"elementor-widget-container\">\n\t\t\t\t\t\t\t\t\t<p>L\u2019objectif principal de www.LaserBoost.com est de fournir aux clients et au grand public des informations sur l\u2019entreprise et les services offerts.<\/p>\n\t\t\t\t\t\t\t\t<\/div>\n\t\t\t\t<\/div>\n\t\t\t\t\t<\/div>\n\t\t<\/div>\n\t\t\t\t\t<\/div>\n\t\t<\/section>\n\t\t\t\t<section class=\"elementor-section elementor-inner-section elementor-element elementor-element-fbb0b41 elementor-section-boxed elementor-section-height-default elementor-section-height-default\" data-id=\"fbb0b41\" data-element_type=\"section\" data-e-type=\"section\">\n\t\t\t\t\t\t<div class=\"elementor-container elementor-column-gap-default\">\n\t\t\t\t\t<div class=\"elementor-column elementor-col-100 elementor-inner-column elementor-element elementor-element-d8ab61c\" data-id=\"d8ab61c\" data-element_type=\"column\" data-e-type=\"column\">\n\t\t\t<div class=\"elementor-widget-wrap elementor-element-populated\">\n\t\t\t\t\t\t<div class=\"elementor-element elementor-element-f9e9e7b elementor-widget elementor-widget-heading\" data-id=\"f9e9e7b\" data-element_type=\"widget\" data-e-type=\"widget\" data-widget_type=\"heading.default\">\n\t\t\t\t<div class=\"elementor-widget-container\">\n\t\t\t\t\t<h2 class=\"elementor-heading-title elementor-size-default\">2. POLITIQUE DE CONFIDENTIALIT\u00c9<\/h2>\t\t\t\t<\/div>\n\t\t\t\t<\/div>\n\t\t\t\t<div class=\"elementor-element elementor-element-c73f07c elementor-widget elementor-widget-text-editor\" data-id=\"c73f07c\" data-element_type=\"widget\" data-e-type=\"widget\" data-widget_type=\"text-editor.default\">\n\t\t\t\t<div class=\"elementor-widget-container\">\n\t\t\t\t\t\t\t\t\t<p>Conform\u00e9ment aux dispositions de la loi organique 15\/1999 du 13 d\u00e9cembre, protection des donn\u00e9es personnelles (LOPD) informe l\u2019utilisateur que toutes les donn\u00e9es fournies seront incorpor\u00e9es dans un fichier, cr\u00e9\u00e9 et maintenu sous la responsabilit\u00e9 de LaserBoost\u2122.<\/p>\n<p>Nous respecterons toujours la confidentialit\u00e9 de vos donn\u00e9es personnelles qui ne seront utilis\u00e9es que dans le but de g\u00e9rer les services offerts, de r\u00e9pondre aux demandes que vous formulez, d\u2019effectuer des t\u00e2ches administratives et d\u2019envoyer des informations techniques, commerciales ou publicitaires par voie ordinaire ou \u00e9lectronique.<\/p>\n<p>Pour exercer vos droits d\u2019opposition, de rectification ou d\u2019annulation, vous devez vous rendre au si\u00e8ge de l\u2019entreprise situ\u00e9 rue Vilatorrada 3-5, Manresa 08272, Barcelone, \u00e9crire \u00e0 l\u2019email suivant info@laserboost.com.<\/p>\n\t\t\t\t\t\t\t\t<\/div>\n\t\t\t\t<\/div>\n\t\t\t\t\t<\/div>\n\t\t<\/div>\n\t\t\t\t\t<\/div>\n\t\t<\/section>\n\t\t\t\t<section class=\"elementor-section elementor-inner-section elementor-element elementor-element-dc7da5c elementor-section-boxed elementor-section-height-default elementor-section-height-default\" data-id=\"dc7da5c\" data-element_type=\"section\" data-e-type=\"section\">\n\t\t\t\t\t\t<div class=\"elementor-container elementor-column-gap-default\">\n\t\t\t\t\t<div class=\"elementor-column elementor-col-100 elementor-inner-column elementor-element elementor-element-9178f71\" data-id=\"9178f71\" data-element_type=\"column\" data-e-type=\"column\">\n\t\t\t<div class=\"elementor-widget-wrap elementor-element-populated\">\n\t\t\t\t\t\t<div class=\"elementor-element elementor-element-c9d5750 elementor-widget elementor-widget-heading\" data-id=\"c9d5750\" data-element_type=\"widget\" data-e-type=\"widget\" data-widget_type=\"heading.default\">\n\t\t\t\t<div class=\"elementor-widget-container\">\n\t\t\t\t\t<h2 class=\"elementor-heading-title elementor-size-default\">3. CONDITIONS D'UTILISATION<\/h2>\t\t\t\t<\/div>\n\t\t\t\t<\/div>\n\t\t\t\t<div class=\"elementor-element elementor-element-e0ad477 elementor-widget elementor-widget-text-editor\" data-id=\"e0ad477\" data-element_type=\"widget\" data-e-type=\"widget\" data-widget_type=\"text-editor.default\">\n\t\t\t\t<div class=\"elementor-widget-container\">\n\t\t\t\t\t\t\t\t\t<p>Les conditions d\u2019acc\u00e8s et d\u2019utilisation de ce site web sont r\u00e9gies par la l\u00e9gislation en vigueur et par le principe de bonne foi, qui engage l\u2019utilisateur \u00e0 faire bon usage du site web. Aucun comportement contraire \u00e0 la loi, aux droits ou aux int\u00e9r\u00eats de tiers n\u2019est autoris\u00e9.<\/p>\n<p>Le fait d\u2019\u00eatre utilisateur du site web de www.LaserBoost.com implique que vous reconnaissez avoir lu et accept\u00e9 ces conditions et ce qui est \u00e9tendu par la r\u00e9glementation l\u00e9gale applicable en la mati\u00e8re. Si, pour quelque raison que ce soit, vous n\u2019\u00eates pas d\u2019accord avec ces conditions, ne continuez pas \u00e0 utiliser ce site web.<\/p>\n<p>Tout type de notification et\/ou de r\u00e9clamation ne sera valable que par notification \u00e9crite et\/ou par courrier certifi\u00e9.<\/p>\n\t\t\t\t\t\t\t\t<\/div>\n\t\t\t\t<\/div>\n\t\t\t\t\t<\/div>\n\t\t<\/div>\n\t\t\t\t\t<\/div>\n\t\t<\/section>\n\t\t\t\t<section class=\"elementor-section elementor-inner-section elementor-element elementor-element-a803990 elementor-section-boxed elementor-section-height-default elementor-section-height-default\" data-id=\"a803990\" data-element_type=\"section\" data-e-type=\"section\">\n\t\t\t\t\t\t<div class=\"elementor-container elementor-column-gap-default\">\n\t\t\t\t\t<div class=\"elementor-column elementor-col-100 elementor-inner-column elementor-element elementor-element-55215c3\" data-id=\"55215c3\" data-element_type=\"column\" data-e-type=\"column\">\n\t\t\t<div class=\"elementor-widget-wrap elementor-element-populated\">\n\t\t\t\t\t\t<div class=\"elementor-element elementor-element-ba27a68 elementor-widget elementor-widget-heading\" data-id=\"ba27a68\" data-element_type=\"widget\" data-e-type=\"widget\" data-widget_type=\"heading.default\">\n\t\t\t\t<div class=\"elementor-widget-container\">\n\t\t\t\t\t<h2 class=\"elementor-heading-title elementor-size-default\">4. LES RESPONSABILIT\u00c9S<\/h2>\t\t\t\t<\/div>\n\t\t\t\t<\/div>\n\t\t\t\t<div class=\"elementor-element elementor-element-937884f elementor-widget elementor-widget-text-editor\" data-id=\"937884f\" data-element_type=\"widget\" data-e-type=\"widget\" data-widget_type=\"text-editor.default\">\n\t\t\t\t<div class=\"elementor-widget-container\">\n\t\t\t\t\t\t\t\t\t<p>LaserBoost\u2122 n\u2019est pas responsable des informations et contenus stock\u00e9s dans les forums, les r\u00e9seaux sociaux ou tout autre moyen permettant \u00e0 des tiers de publier des contenus de mani\u00e8re ind\u00e9pendante sur le site du fournisseur.<\/p>\n<p>Toutefois, compte tenu des art. 11 et 16 de la LSSI-CE, LaserBoost\u2122 s\u2019engage au retrait ou dans son cas au blocage de ces contenus qui pourraient affecter ou contrevenir \u00e0 la l\u00e9gislation nationale ou internationale, aux droits des tiers ou \u00e0 l\u2019ordre moral et public.<\/p>\n<p>L\u2019entreprise ne sera pas non plus responsable des dommages qui pourraient survenir en raison de d\u00e9faillances ou de mauvaises configurations des logiciels install\u00e9s sur l\u2019ordinateur de l\u2019internaute. Elle exclut toute responsabilit\u00e9 en cas d\u2019incident ou de d\u00e9faillance technique survenant lors de la connexion de l\u2019utilisateur \u00e0 Internet. De m\u00eame, l\u2019inexistence d\u2019interruptions ou d\u2019erreurs dans l\u2019acc\u00e8s au site n\u2019est pas garantie.<\/p>\n<p>De m\u00eame, LaserBoost\u2122 se r\u00e9serve le droit de mettre \u00e0 jour, de modifier ou d\u2019\u00e9liminer l\u2019information contenue dans son site web, ainsi que sa configuration ou sa pr\u00e9sentation, \u00e0 tout moment, sans en assumer la responsabilit\u00e9.<\/p>\n\t\t\t\t\t\t\t\t<\/div>\n\t\t\t\t<\/div>\n\t\t\t\t\t<\/div>\n\t\t<\/div>\n\t\t\t\t\t<\/div>\n\t\t<\/section>\n\t\t\t\t<section class=\"elementor-section elementor-inner-section elementor-element elementor-element-c78f4dd elementor-section-boxed elementor-section-height-default elementor-section-height-default\" data-id=\"c78f4dd\" data-element_type=\"section\" data-e-type=\"section\">\n\t\t\t\t\t\t<div class=\"elementor-container elementor-column-gap-default\">\n\t\t\t\t\t<div class=\"elementor-column elementor-col-100 elementor-inner-column elementor-element elementor-element-b74063c\" data-id=\"b74063c\" data-element_type=\"column\" data-e-type=\"column\">\n\t\t\t<div class=\"elementor-widget-wrap elementor-element-populated\">\n\t\t\t\t\t\t<div class=\"elementor-element elementor-element-b272758 elementor-widget elementor-widget-heading\" data-id=\"b272758\" data-element_type=\"widget\" data-e-type=\"widget\" data-widget_type=\"heading.default\">\n\t\t\t\t<div class=\"elementor-widget-container\">\n\t\t\t\t\t<h2 class=\"elementor-heading-title elementor-size-default\">5. PROPRI\u00c9T\u00c9 INTELLECTUELLE ET INDUSTRIELLE<\/h2>\t\t\t\t<\/div>\n\t\t\t\t<\/div>\n\t\t\t\t<div class=\"elementor-element elementor-element-6827c4d elementor-widget elementor-widget-text-editor\" data-id=\"6827c4d\" data-element_type=\"widget\" data-e-type=\"widget\" data-widget_type=\"text-editor.default\">\n\t\t\t\t<div class=\"elementor-widget-container\">\n\t\t\t\t\t\t\t\t\t<p>Aucun mat\u00e9riel publi\u00e9 sur ce site ne peut \u00eatre reproduit, copi\u00e9 ou publi\u00e9 sans le consentement \u00e9crit de LaserBoost\u2122.<\/p>\n<p>Toutes les informations re\u00e7ues sur le web, telles que les commentaires, les suggestions ou les id\u00e9es, seront consid\u00e9r\u00e9es comme c\u00e9d\u00e9es \u00e0 LaserBoost\u2122 \u00e0 titre gratuit. Les informations qui NE PEUVENT PAS \u00eatre trait\u00e9es de cette mani\u00e8re ne doivent pas \u00eatre envoy\u00e9es.<\/p>\n<p>Tous les produits et services figurant sur ces pages qui n\u2019appartiennent PAS \u00e0 LaserBoost\u2122 sont des marques d\u00e9pos\u00e9es de leurs propri\u00e9taires respectifs et sont reconnues comme telles par notre soci\u00e9t\u00e9. Ils n\u2019apparaissent sur le site de LaserBoost\u2122 qu\u2019\u00e0 des fins de promotion et de collecte d\u2019informations. Ces propri\u00e9taires peuvent demander la modification ou l\u2019\u00e9limination des informations qui leur appartiennent.<\/p>\n<p>Pour des informations plus d\u00e9taill\u00e9es sur vos droits, responsabilit\u00e9s, obligations, limitations et exclusions qui s\u2019appliqueront en tant qu\u2019utilisateur et client, rendez-vous dans notre section sur les Conditions d\u2019utilisation et d\u2019achat en cliquant ici.<\/p>\n\t\t\t\t\t\t\t\t<\/div>\n\t\t\t\t<\/div>\n\t\t\t\t\t<\/div>\n\t\t<\/div>\n\t\t\t\t\t<\/div>\n\t\t<\/section>\n\t\t\t\t<section class=\"elementor-section elementor-inner-section elementor-element elementor-element-aadb4ce elementor-section-boxed elementor-section-height-default elementor-section-height-default\" data-id=\"aadb4ce\" data-element_type=\"section\" data-e-type=\"section\">\n\t\t\t\t\t\t<div class=\"elementor-container elementor-column-gap-default\">\n\t\t\t\t\t<div class=\"elementor-column elementor-col-100 elementor-inner-column elementor-element elementor-element-140a5ba\" data-id=\"140a5ba\" data-element_type=\"column\" data-e-type=\"column\">\n\t\t\t<div class=\"elementor-widget-wrap elementor-element-populated\">\n\t\t\t\t\t\t<div class=\"elementor-element elementor-element-1825a94 elementor-widget elementor-widget-heading\" data-id=\"1825a94\" data-element_type=\"widget\" data-e-type=\"widget\" data-widget_type=\"heading.default\">\n\t\t\t\t<div class=\"elementor-widget-container\">\n\t\t\t\t\t<h2 class=\"elementor-heading-title elementor-size-default\">6. DROIT APPLICABLE ET JURIDICTION<\/h2>\t\t\t\t<\/div>\n\t\t\t\t<\/div>\n\t\t\t\t<div class=\"elementor-element elementor-element-09af6e0 elementor-widget elementor-widget-text-editor\" data-id=\"09af6e0\" data-element_type=\"widget\" data-e-type=\"widget\" data-widget_type=\"text-editor.default\">\n\t\t\t\t<div class=\"elementor-widget-container\">\n\t\t\t\t\t\t\t\t\t<p>Ces conditions g\u00e9n\u00e9rales sont r\u00e9gies par la loi espagnole. Pour tout litige pouvant survenir en relation avec le site Web ou l\u2019activit\u00e9 qui s\u2019y d\u00e9veloppe, les tribunaux comp\u00e9tents seront ceux de Barcelone ou de Manresa, l\u2019utilisateur renon\u00e7ant express\u00e9ment \u00e0 toute autre juridiction qui pourrait lui correspondre.<\/p>\n\t\t\t\t\t\t\t\t<\/div>\n\t\t\t\t<\/div>\n\t\t\t\t\t<\/div>\n\t\t<\/div>\n\t\t\t\t\t<\/div>\n\t\t<\/section>\n\t\t\t\t<section class=\"elementor-section elementor-inner-section elementor-element elementor-element-c671f9a elementor-section-boxed elementor-section-height-default elementor-section-height-default\" data-id=\"c671f9a\" data-element_type=\"section\" data-e-type=\"section\">\n\t\t\t\t\t\t<div class=\"elementor-container elementor-column-gap-default\">\n\t\t\t\t\t<div class=\"elementor-column elementor-col-100 elementor-inner-column elementor-element elementor-element-40397d1\" data-id=\"40397d1\" data-element_type=\"column\" data-e-type=\"column\">\n\t\t\t<div class=\"elementor-widget-wrap elementor-element-populated\">\n\t\t\t\t\t\t<div class=\"elementor-element elementor-element-bae4727 elementor-widget elementor-widget-heading\" data-id=\"bae4727\" data-element_type=\"widget\" data-e-type=\"widget\" data-widget_type=\"heading.default\">\n\t\t\t\t<div class=\"elementor-widget-container\">\n\t\t\t\t\t<h2 class=\"elementor-heading-title elementor-size-default\">7. POLITIQUE EN MATI\u00c8RE DE COOKIES<\/h2>\t\t\t\t<\/div>\n\t\t\t\t<\/div>\n\t\t\t\t<div class=\"elementor-element elementor-element-50a4cd5 elementor-widget elementor-widget-text-editor\" data-id=\"50a4cd5\" data-element_type=\"widget\" data-e-type=\"widget\" data-widget_type=\"text-editor.default\">\n\t\t\t\t<div class=\"elementor-widget-container\">\n\t\t\t\t\t\t\t\t\t<p>LaserBoost\u2122 pour son propre compte peut utiliser des cookies lorsque l\u2019utilisateur navigue sur le site. Pour plus d\u2019informations sur notre politique en mati\u00e8re de cookies, rendez-vous dans notre section sp\u00e9cifique sur le traitement des cookies sur notre site web en cliquant ici.<\/p>\n\t\t\t\t\t\t\t\t<\/div>\n\t\t\t\t<\/div>\n\t\t\t\t\t<\/div>\n\t\t<\/div>\n\t\t\t\t\t<\/div>\n\t\t<\/section>\n\t\t\t\t<section class=\"elementor-section elementor-inner-section elementor-element elementor-element-58504a3 elementor-section-boxed elementor-section-height-default elementor-section-height-default\" data-id=\"58504a3\" data-element_type=\"section\" data-e-type=\"section\">\n\t\t\t\t\t\t<div class=\"elementor-container elementor-column-gap-default\">\n\t\t\t\t\t<div class=\"elementor-column elementor-col-100 elementor-inner-column elementor-element elementor-element-360b86c\" data-id=\"360b86c\" data-element_type=\"column\" data-e-type=\"column\">\n\t\t\t<div class=\"elementor-widget-wrap elementor-element-populated\">\n\t\t\t\t\t\t<div class=\"elementor-element elementor-element-bb9ceda elementor-widget elementor-widget-heading\" data-id=\"bb9ceda\" data-element_type=\"widget\" data-e-type=\"widget\" data-widget_type=\"heading.default\">\n\t\t\t\t<div class=\"elementor-widget-container\">\n\t\t\t\t\t<h2 class=\"elementor-heading-title elementor-size-default\">8. LANGUE ET VALIDIT\u00c9 DE L'AVIS JURIDIQUE<\/h2>\t\t\t\t<\/div>\n\t\t\t\t<\/div>\n\t\t\t\t<div class=\"elementor-element elementor-element-95cb283 elementor-widget elementor-widget-text-editor\" data-id=\"95cb283\" data-element_type=\"widget\" data-e-type=\"widget\" data-widget_type=\"text-editor.default\">\n\t\t\t\t<div class=\"elementor-widget-container\">\n\t\t\t\t\t\t\t\t\t<p>La version espagnole de la politique en mati\u00e8re de cookies est la version juridiquement contraignante en cas d\u2019incoh\u00e9rence entre la version espagnole et toute traduction dans une autre langue.<\/p>\n\t\t\t\t\t\t\t\t<\/div>\n\t\t\t\t<\/div>\n\t\t\t\t\t<\/div>\n\t\t<\/div>\n\t\t\t\t\t<\/div>\n\t\t<\/section>\n\t\t\t\t<section class=\"elementor-section elementor-inner-section elementor-element elementor-element-5854bcf elementor-section-boxed elementor-section-height-default elementor-section-height-default\" data-id=\"5854bcf\" data-element_type=\"section\" data-e-type=\"section\">\n\t\t\t\t\t\t<div class=\"elementor-container elementor-column-gap-default\">\n\t\t\t\t\t<div class=\"elementor-column elementor-col-100 elementor-inner-column elementor-element elementor-element-36fd11d\" data-id=\"36fd11d\" data-element_type=\"column\" data-e-type=\"column\">\n\t\t\t<div class=\"elementor-widget-wrap elementor-element-populated\">\n\t\t\t\t\t\t<div class=\"elementor-element elementor-element-baae030 elementor-widget elementor-widget-heading\" data-id=\"baae030\" data-element_type=\"widget\" data-e-type=\"widget\" data-widget_type=\"heading.default\">\n\t\t\t\t<div class=\"elementor-widget-container\">\n\t\t\t\t\t<h2 class=\"elementor-heading-title elementor-size-default\">9. DATE D'ENTR\u00c9E EN VIGUEUR<\/h2>\t\t\t\t<\/div>\n\t\t\t\t<\/div>\n\t\t\t\t<div class=\"elementor-element elementor-element-cb397c8 elementor-widget elementor-widget-text-editor\" data-id=\"cb397c8\" data-element_type=\"widget\" data-e-type=\"widget\" data-widget_type=\"text-editor.default\">\n\t\t\t\t<div class=\"elementor-widget-container\">\n\t\t\t\t\t\t\t\t\t<p>Le document contraignant, Politique en mati\u00e8re de cookies, a \u00e9t\u00e9 r\u00e9vis\u00e9 \u00e0 la date indiqu\u00e9e ci-dessous, laissant obsol\u00e8te et inapplicable toute version ayant une date ant\u00e9rieure.<\/p>\n\t\t\t\t\t\t\t\t<\/div>\n\t\t\t\t<\/div>\n\t\t\t\t\t<\/div>\n\t\t<\/div>\n\t\t\t\t\t<\/div>\n\t\t<\/section>\n\t\t\t\t<div class=\"elementor-element elementor-element-488ddf4 elementor-widget elementor-widget-text-editor\" data-id=\"488ddf4\" data-element_type=\"widget\" data-e-type=\"widget\" data-widget_type=\"text-editor.default\">\n\t\t\t\t<div class=\"elementor-widget-container\">\n\t\t\t\t\t\t\t\t\t<p><em>LaserBoost\u2122, rev. 10\/01\/2017.<\/em><\/p>\n<p><em>\u200bLaserBoost.com\u2122. Tous Droits R\u00e9serv\u00e9s.<\/em><\/p>\n\t\t\t\t\t\t\t\t<\/div>\n\t\t\t\t<\/div>\n\t\t\t\t\t<\/div>\n\t\t<\/div>\n\t\t\t\t\t<\/div>\n\t\t<\/section>\n\t\t\t\t<\/div>\n\t\t","protected":false},"excerpt":{"rendered":"<p>Transparence totale. Sinc\u00e9rit\u00e9 absolue. Les cartes sur la table. 1. DONN\u00c9ES G\u00c9N\u00c9RALES Conform\u00e9ment \u00e0 l\u2019article 10 de la loi 34\/2002, du 11 juillet, sur les services de la soci\u00e9t\u00e9 de l\u2019information et du commerce \u00e9lectronique, nous vous fournissons les informations suivantes: L\u2019objectif principal de www.LaserBoost.com est de fournir aux clients et au grand public des [&hellip;]<\/p>\n","protected":false},"author":6,"featured_media":0,"parent":0,"menu_order":0,"comment_status":"closed","ping_status":"closed","template":"","meta":{"_acf_changed":false,"footnotes":""},"class_list":["post-20012","page","type-page","status-publish","hentry"],"acf":[],"_links":{"self":[{"href":"https:\/\/www.laserboost.com\/fr\/wp-json\/wp\/v2\/pages\/20012","targetHints":{"allow":["GET"]}}],"collection":[{"href":"https:\/\/www.laserboost.com\/fr\/wp-json\/wp\/v2\/pages"}],"about":[{"href":"https:\/\/www.laserboost.com\/fr\/wp-json\/wp\/v2\/types\/page"}],"author":[{"embeddable":true,"href":"https:\/\/www.laserboost.com\/fr\/wp-json\/wp\/v2\/users\/6"}],"replies":[{"embeddable":true,"href":"https:\/\/www.laserboost.com\/fr\/wp-json\/wp\/v2\/comments?post=20012"}],"version-history":[{"count":0,"href":"https:\/\/www.laserboost.com\/fr\/wp-json\/wp\/v2\/pages\/20012\/revisions"}],"wp:attachment":[{"href":"https:\/\/www.laserboost.com\/fr\/wp-json\/wp\/v2\/media?parent=20012"}],"curies":[{"name":"wp","href":"https:\/\/api.w.org\/{rel}","templated":true}]}}