{"id":20065,"date":"2021-01-08T13:38:19","date_gmt":"2021-01-08T13:38:19","guid":{"rendered":"https:\/\/www.laserboost.com\/cookies-policy\/"},"modified":"2025-01-30T09:48:19","modified_gmt":"2025-01-30T09:48:19","slug":"cookies-policy","status":"publish","type":"page","link":"https:\/\/www.laserboost.com\/fr\/cookies-policy\/","title":{"rendered":"Politique sur les cookies"},"content":{"rendered":"\t\t<div data-elementor-type=\"wp-page\" data-elementor-id=\"20065\" class=\"elementor elementor-20065 elementor-1723\" data-elementor-post-type=\"page\">\n\t\t\t\t\t\t<main class=\"elementor-section elementor-top-section elementor-element elementor-element-a93a4f7 elementor-section-boxed elementor-section-height-default elementor-section-height-default\" data-id=\"a93a4f7\" data-element_type=\"section\" data-e-type=\"section\" data-settings=\"{&quot;background_background&quot;:&quot;classic&quot;}\">\n\t\t\t\t\t\t<div class=\"elementor-container elementor-column-gap-default\">\n\t\t\t\t\t<div class=\"elementor-column elementor-col-100 elementor-top-column elementor-element elementor-element-004931d\" data-id=\"004931d\" data-element_type=\"column\" data-e-type=\"column\">\n\t\t\t<div class=\"elementor-widget-wrap elementor-element-populated\">\n\t\t\t\t\t\t<section class=\"elementor-section elementor-inner-section elementor-element elementor-element-d0f54a7 elementor-section-boxed elementor-section-height-default elementor-section-height-default\" data-id=\"d0f54a7\" data-element_type=\"section\" data-e-type=\"section\">\n\t\t\t\t\t\t<div class=\"elementor-container elementor-column-gap-default\">\n\t\t\t\t\t<div class=\"elementor-column elementor-col-100 elementor-inner-column elementor-element elementor-element-8b5dcf2\" data-id=\"8b5dcf2\" data-element_type=\"column\" data-e-type=\"column\">\n\t\t\t<div class=\"elementor-widget-wrap elementor-element-populated\">\n\t\t\t\t\t\t<div class=\"elementor-element elementor-element-53f9f9f elementor-widget elementor-widget-heading\" data-id=\"53f9f9f\" data-element_type=\"widget\" data-e-type=\"widget\" data-widget_type=\"heading.default\">\n\t\t\t\t<div class=\"elementor-widget-container\">\n\t\t\t\t\t<h1 class=\"elementor-heading-title elementor-size-default\">Politique sur les cookies<\/h1>\t\t\t\t<\/div>\n\t\t\t\t<\/div>\n\t\t\t\t<div class=\"elementor-element elementor-element-7a040c1 elementor-widget elementor-widget-text-editor\" data-id=\"7a040c1\" data-element_type=\"widget\" data-e-type=\"widget\" data-widget_type=\"text-editor.default\">\n\t\t\t\t<div class=\"elementor-widget-container\">\n\t\t\t\t\t\t\t\t\t<p>Comment nous traitons cette information importante, qui nous permettra de mieux nous comprendre \u00e0 l\u2019avenir.<\/p>\n\t\t\t\t\t\t\t\t<\/div>\n\t\t\t\t<\/div>\n\t\t\t\t\t<\/div>\n\t\t<\/div>\n\t\t\t\t\t<\/div>\n\t\t<\/section>\n\t\t\t\t\t<\/div>\n\t\t<\/div>\n\t\t\t\t\t<\/div>\n\t\t<\/main>\n\t\t\t\t<section class=\"elementor-section elementor-top-section elementor-element elementor-element-e4f0fc7 elementor-reverse-tablet elementor-reverse-mobile elementor-section-boxed elementor-section-height-default elementor-section-height-default\" data-id=\"e4f0fc7\" data-element_type=\"section\" data-e-type=\"section\">\n\t\t\t\t\t\t<div class=\"elementor-container elementor-column-gap-default\">\n\t\t\t\t\t<div class=\"elementor-column elementor-col-100 elementor-top-column elementor-element elementor-element-79bb379\" data-id=\"79bb379\" data-element_type=\"column\" data-e-type=\"column\">\n\t\t\t<div class=\"elementor-widget-wrap elementor-element-populated\">\n\t\t\t\t\t\t<section class=\"elementor-section elementor-inner-section elementor-element elementor-element-c165889 elementor-section-boxed elementor-section-height-default elementor-section-height-default\" data-id=\"c165889\" data-element_type=\"section\" data-e-type=\"section\">\n\t\t\t\t\t\t<div class=\"elementor-container elementor-column-gap-default\">\n\t\t\t\t\t<div class=\"elementor-column elementor-col-100 elementor-inner-column elementor-element elementor-element-a6dd274\" data-id=\"a6dd274\" data-element_type=\"column\" data-e-type=\"column\">\n\t\t\t<div class=\"elementor-widget-wrap elementor-element-populated\">\n\t\t\t\t\t\t<div class=\"elementor-element elementor-element-cfc7735 elementor-widget elementor-widget-heading\" data-id=\"cfc7735\" data-element_type=\"widget\" data-e-type=\"widget\" data-widget_type=\"heading.default\">\n\t\t\t\t<div class=\"elementor-widget-container\">\n\t\t\t\t\t<h2 class=\"elementor-heading-title elementor-size-default\">1. UTILISATION DES COOKIES<\/h2>\t\t\t\t<\/div>\n\t\t\t\t<\/div>\n\t\t\t\t<div class=\"elementor-element elementor-element-f3a8963 elementor-widget elementor-widget-text-editor\" data-id=\"f3a8963\" data-element_type=\"widget\" data-e-type=\"widget\" data-widget_type=\"text-editor.default\">\n\t\t\t\t<div class=\"elementor-widget-container\">\n\t\t\t\t\t\t\t\t\t<p>Le site web www.LaserBoost.com, d\u00e9tenu par LaserBoost, utilise des cookies.<\/p>\n<p>Les cookies sont des fichiers qui sont t\u00e9l\u00e9charg\u00e9s sur votre ordinateur lorsque vous acc\u00e9dez \u00e0 certaines pages web. Les cookies permettent \u00e0 une page web, entre autres choses, de stocker et de r\u00e9cup\u00e9rer des informations sur les habitudes de navigation d\u2019un utilisateur ou de son \u00e9quipe, en fonction des informations qu\u2019ils contiennent et de la mani\u00e8re dont ils utilisent leur \u00e9quipement.<\/p>\n<p>De plus, ils am\u00e9liorent votre processus de navigation, car ils permettent au site web d\u2019offrir \u00e0 l\u2019utilisateur des informations qui peuvent \u00eatre int\u00e9ressantes en fonction de l\u2019utilisation qui en est faite et du contenu propos\u00e9.<\/p>\n<p>Si vous ne souhaitez pas recevoir de cookies, veuillez configurer votre navigateur Internet afin de les supprimer du disque dur de votre ordinateur, de les bloquer ou d\u2019\u00eatre averti de leur installation. Pour continuer sans modifier la configuration des cookies, il vous suffit de continuer sur la page web.<\/p>\t\t\t\t\t\t\t\t<\/div>\n\t\t\t\t<\/div>\n\t\t\t\t\t<\/div>\n\t\t<\/div>\n\t\t\t\t\t<\/div>\n\t\t<\/section>\n\t\t\t\t<section class=\"elementor-section elementor-inner-section elementor-element elementor-element-fe2efe6 elementor-section-boxed elementor-section-height-default elementor-section-height-default\" data-id=\"fe2efe6\" data-element_type=\"section\" data-e-type=\"section\">\n\t\t\t\t\t\t<div class=\"elementor-container elementor-column-gap-default\">\n\t\t\t\t\t<div class=\"elementor-column elementor-col-100 elementor-inner-column elementor-element elementor-element-cf65da1\" data-id=\"cf65da1\" data-element_type=\"column\" data-e-type=\"column\">\n\t\t\t<div class=\"elementor-widget-wrap elementor-element-populated\">\n\t\t\t\t\t\t<div class=\"elementor-element elementor-element-7224368 elementor-widget elementor-widget-heading\" data-id=\"7224368\" data-element_type=\"widget\" data-e-type=\"widget\" data-widget_type=\"heading.default\">\n\t\t\t\t<div class=\"elementor-widget-container\">\n\t\t\t\t\t<h2 class=\"elementor-heading-title elementor-size-default\">2. CONSENTEMENT<\/h2>\t\t\t\t<\/div>\n\t\t\t\t<\/div>\n\t\t\t\t<div class=\"elementor-element elementor-element-8405f27 elementor-widget elementor-widget-text-editor\" data-id=\"8405f27\" data-element_type=\"widget\" data-e-type=\"widget\" data-widget_type=\"text-editor.default\">\n\t\t\t\t<div class=\"elementor-widget-container\">\n\t\t\t\t\t\t\t\t\t<p>Les cookies que nous utilisons ne stockent aucune donn\u00e9e personnelle ni aucune information pouvant vous identifier, \u00e0 moins que vous ne souhaitiez vous inscrire volontairement dans le but d\u2019utiliser les services que nous mettons \u00e0 votre disposition ou de recevoir des informations sur les promotions et les contenus qui vous int\u00e9ressent.<\/p>\n<p>En naviguant sur notre site web et en continuant \u00e0 l\u2019utiliser, vous indiquez que vous consentez \u00e0 l\u2019utilisation des cookies mentionn\u00e9s ci-dessus, et ce, dans les conditions contenues dans cette politique relative aux cookies.<\/p>\n\t\t\t\t\t\t\t\t<\/div>\n\t\t\t\t<\/div>\n\t\t\t\t\t<\/div>\n\t\t<\/div>\n\t\t\t\t\t<\/div>\n\t\t<\/section>\n\t\t\t\t<section class=\"elementor-section elementor-inner-section elementor-element elementor-element-8455877 elementor-section-boxed elementor-section-height-default elementor-section-height-default\" data-id=\"8455877\" data-element_type=\"section\" data-e-type=\"section\">\n\t\t\t\t\t\t<div class=\"elementor-container elementor-column-gap-default\">\n\t\t\t\t\t<div class=\"elementor-column elementor-col-100 elementor-inner-column elementor-element elementor-element-692ec1f\" data-id=\"692ec1f\" data-element_type=\"column\" data-e-type=\"column\">\n\t\t\t<div class=\"elementor-widget-wrap elementor-element-populated\">\n\t\t\t\t\t\t<div class=\"elementor-element elementor-element-d1a7fe7 elementor-widget elementor-widget-heading\" data-id=\"d1a7fe7\" data-element_type=\"widget\" data-e-type=\"widget\" data-widget_type=\"heading.default\">\n\t\t\t\t<div class=\"elementor-widget-container\">\n\t\t\t\t\t<h2 class=\"elementor-heading-title elementor-size-default\">3. TYPES DE FINALIT\u00c9 DES COOKIES<\/h2>\t\t\t\t<\/div>\n\t\t\t\t<\/div>\n\t\t\t\t<div class=\"elementor-element elementor-element-9cc04df elementor-widget elementor-widget-text-editor\" data-id=\"9cc04df\" data-element_type=\"widget\" data-e-type=\"widget\" data-widget_type=\"text-editor.default\">\n\t\t\t\t<div class=\"elementor-widget-container\">\n\t\t\t\t\t\t\t\t\t<p>Cookies, en fonction de leur dur\u00e9e de vie, peuvent \u00eatre class\u00e9s comme suit:<\/p>\n<p>\u2013 Les cookies de session: ils expirent lorsque l\u2019utilisateur ferme le navigateur.<\/p>\n<p>\u2013 Les cookies persistants: ils expirent en fonction de l\u2019objectif pour lequel ils sont utilis\u00e9s (par exemple, lorsque l\u2019utilisateur reste identifi\u00e9 sur le site web et ses services, ou lorsqu\u2019ils sont supprim\u00e9s manuellement).<\/p>\n<p>Les cookies, en fonction de leur finalit\u00e9, peuvent \u00eatre class\u00e9s comme suit:<\/p>\n<p>\u2013 Les cookies d\u2019Analytics: chaque fois qu\u2019un utilisateur visite un service, une information sur le site web ou un outil fourni par un prestataire externe (comme Google Analytics, Comscore, et d\u2019autres qui pourraient \u00eatre ajout\u00e9s \u00e0 cette liste), un cookie d\u2019analyse est g\u00e9n\u00e9r\u00e9 sur l\u2019ordinateur de l\u2019utilisateur. Ce cookie, qui est uniquement g\u00e9n\u00e9r\u00e9 pendant la visite, servira lors des visites ult\u00e9rieures pour identifier de mani\u00e8re anonyme le visiteur. Les principaux objectifs poursuivis sont les suivants:<\/p>\n<p>\u00b7 \u00b7Permettre l\u2019identification anonyme des utilisateurs de navigation via le cookie (il identifie les navigateurs et les appareils, pas les personnes) et donc le comptage approximatif du nombre de visiteurs et de leur \u00e9volution au fil du temps.<\/p>\n<p>\u00b7 Identifier de mani\u00e8re anonyme le contenu le plus visit\u00e9 et donc le plus attractif pour les utilisateurs.<\/p>\n<p>\u00b7 Savoir si l\u2019utilisateur est nouveau ou s\u2019il s\u2019agit d\u2019une visite r\u00e9p\u00e9t\u00e9e. Important: \u00e0 moins que l\u2019utilisateur d\u00e9cide de s\u2019inscrire \u00e0 un service ou \u00e0 un contenu du site web, le cookie ne sera jamais associ\u00e9 \u00e0 des donn\u00e9es personnelles pouvant l\u2019identifier. Ces cookies seront uniquement utilis\u00e9s \u00e0 des fins statistiques pour aider \u00e0 optimiser l\u2019exp\u00e9rience utilisateur sur le site web.<\/p>\n<p>\u2013 Les cookies publicitaires internes: ils sont utilis\u00e9s pour g\u00e9rer si un utilisateur a visit\u00e9 ou non la publicit\u00e9 qui a \u00e9t\u00e9 incluse par le propri\u00e9taire du site web. Ils permettent \u00e9galement la gestion des espaces publicitaires sur la page en stockant des donn\u00e9es sur le comportement de l\u2019utilisateur lors de la navigation, afin de pouvoir proposer des annonces publicitaires.<\/p>\n\t\t\t\t\t\t\t\t<\/div>\n\t\t\t\t<\/div>\n\t\t\t\t\t<\/div>\n\t\t<\/div>\n\t\t\t\t\t<\/div>\n\t\t<\/section>\n\t\t\t\t<section class=\"elementor-section elementor-inner-section elementor-element elementor-element-e705212 elementor-section-boxed elementor-section-height-default elementor-section-height-default\" data-id=\"e705212\" data-element_type=\"section\" data-e-type=\"section\">\n\t\t\t\t\t\t<div class=\"elementor-container elementor-column-gap-default\">\n\t\t\t\t\t<div class=\"elementor-column elementor-col-100 elementor-inner-column elementor-element elementor-element-4deab9d\" data-id=\"4deab9d\" data-element_type=\"column\" data-e-type=\"column\">\n\t\t\t<div class=\"elementor-widget-wrap elementor-element-populated\">\n\t\t\t\t\t\t<div class=\"elementor-element elementor-element-d82c0ee elementor-widget elementor-widget-heading\" data-id=\"d82c0ee\" data-element_type=\"widget\" data-e-type=\"widget\" data-widget_type=\"heading.default\">\n\t\t\t\t<div class=\"elementor-widget-container\">\n\t\t\t\t\t<h2 class=\"elementor-heading-title elementor-size-default\">4. COMMENT BLOQUER OU SUPPRIMER LES COOKIES INSTALL\u00c9S<\/h2>\t\t\t\t<\/div>\n\t\t\t\t<\/div>\n\t\t\t\t<div class=\"elementor-element elementor-element-b655af7 elementor-widget elementor-widget-text-editor\" data-id=\"b655af7\" data-element_type=\"widget\" data-e-type=\"widget\" data-widget_type=\"text-editor.default\">\n\t\t\t\t<div class=\"elementor-widget-container\">\n\t\t\t\t\t\t\t\t\t<p>Vous pouvez autoriser, bloquer ou supprimer les cookies install\u00e9s sur votre ordinateur en configurant les options de votre navigateur. Voici comment proc\u00e9der pour les navigateurs les plus courants:<\/p><p>Internet Explorer: <a href=\"https:\/\/support.microsoft.com\/es-es\/kb\/278835\" target=\"_blank\" rel=\"noopener\">https:\/\/support.microsoft.com\/es-es\/kb\/278835<\/a><\/p><p>Chrome: <a href=\"http:\/\/support.google.com\/chrome\/bin\/answer.py?hl=en&amp;answer=95647\" target=\"_blank\" rel=\"noopener\">http:\/\/support.google.com\/chrome\/bin\/answer.py?hl=en&amp;answer=95647<\/a><\/p><p>Firefox: <a title=\"cookies\" href=\"https:\/\/support.mozilla.org\/en-US\/kb\/clear-cookies-and-site-data-firefox\" target=\"_blank\" rel=\"noopener\">https:\/\/support.mozilla.org\/en-US\/kb\/clear-cookies-and-site-data-firefox<\/a><\/p><p>Safari: <a href=\"http:\/\/support.apple.com\/kb\/ph5042\" target=\"_blank\" rel=\"noopener\">http:\/\/support.apple.com\/kb\/ph5042<\/a><\/p><p>Nous vous informons cependant que la d\u00e9sactivation de tout cookie peut emp\u00eacher ou entraver la navigation ou la fourniture des services propos\u00e9s sur le site web.<\/p>\t\t\t\t\t\t\t\t<\/div>\n\t\t\t\t<\/div>\n\t\t\t\t\t<\/div>\n\t\t<\/div>\n\t\t\t\t\t<\/div>\n\t\t<\/section>\n\t\t\t\t<section class=\"elementor-section elementor-inner-section elementor-element elementor-element-64db0b6 elementor-section-boxed elementor-section-height-default elementor-section-height-default\" data-id=\"64db0b6\" data-element_type=\"section\" data-e-type=\"section\">\n\t\t\t\t\t\t<div class=\"elementor-container elementor-column-gap-default\">\n\t\t\t\t\t<div class=\"elementor-column elementor-col-100 elementor-inner-column elementor-element elementor-element-517eac0\" data-id=\"517eac0\" data-element_type=\"column\" data-e-type=\"column\">\n\t\t\t<div class=\"elementor-widget-wrap elementor-element-populated\">\n\t\t\t\t\t\t<div class=\"elementor-element elementor-element-261077c elementor-widget elementor-widget-heading\" data-id=\"261077c\" data-element_type=\"widget\" data-e-type=\"widget\" data-widget_type=\"heading.default\">\n\t\t\t\t<div class=\"elementor-widget-container\">\n\t\t\t\t\t<h2 class=\"elementor-heading-title elementor-size-default\">5. MODIFICATIONS<\/h2>\t\t\t\t<\/div>\n\t\t\t\t<\/div>\n\t\t\t\t<div class=\"elementor-element elementor-element-3718183 elementor-widget elementor-widget-text-editor\" data-id=\"3718183\" data-element_type=\"widget\" data-e-type=\"widget\" data-widget_type=\"text-editor.default\">\n\t\t\t\t<div class=\"elementor-widget-container\">\n\t\t\t\t\t\t\t\t\t<p>Le site web www.LaserBoost.com, d\u00e9tenu par LaserBoost, se r\u00e9serve le droit de modifier cette politique relative aux cookies conform\u00e9ment aux exigences l\u00e9gales ou afin de l\u2019adapter aux instructions \u00e9mises par l\u2019Agence espagnole de protection des donn\u00e9es.<\/p>\n<p>Pour cette raison, nous conseillons aux utilisateurs de le consulter p\u00e9riodiquement. En cas de modifications importantes de cette politique relative aux cookies, les utilisateurs en seront inform\u00e9s, que ce soit par le biais du site web ou par courrier \u00e9lectronique pour les utilisateurs inscrits.<\/p>\n\t\t\t\t\t\t\t\t<\/div>\n\t\t\t\t<\/div>\n\t\t\t\t\t<\/div>\n\t\t<\/div>\n\t\t\t\t\t<\/div>\n\t\t<\/section>\n\t\t\t\t<section class=\"elementor-section elementor-inner-section elementor-element elementor-element-c099fbc elementor-section-boxed elementor-section-height-default elementor-section-height-default\" data-id=\"c099fbc\" data-element_type=\"section\" data-e-type=\"section\">\n\t\t\t\t\t\t<div class=\"elementor-container elementor-column-gap-default\">\n\t\t\t\t\t<div class=\"elementor-column elementor-col-100 elementor-inner-column elementor-element elementor-element-ac6f681\" data-id=\"ac6f681\" data-element_type=\"column\" data-e-type=\"column\">\n\t\t\t<div class=\"elementor-widget-wrap elementor-element-populated\">\n\t\t\t\t\t\t<div class=\"elementor-element elementor-element-88a515c elementor-widget elementor-widget-heading\" data-id=\"88a515c\" data-element_type=\"widget\" data-e-type=\"widget\" data-widget_type=\"heading.default\">\n\t\t\t\t<div class=\"elementor-widget-container\">\n\t\t\t\t\t<h2 class=\"elementor-heading-title elementor-size-default\">6. LANGUE DE LA POLITIQUE RELATIVE AUX COOKIES<\/h2>\t\t\t\t<\/div>\n\t\t\t\t<\/div>\n\t\t\t\t<div class=\"elementor-element elementor-element-265a8f4 elementor-widget elementor-widget-text-editor\" data-id=\"265a8f4\" data-element_type=\"widget\" data-e-type=\"widget\" data-widget_type=\"text-editor.default\">\n\t\t\t\t<div class=\"elementor-widget-container\">\n\t\t\t\t\t\t\t\t\t<p>La version espagnole de la Politique de Cookies est la version juridiquement contraignante en cas de toute divergence entre la version espagnole et toute traduction dans une autre langue.<\/p>\n\t\t\t\t\t\t\t\t<\/div>\n\t\t\t\t<\/div>\n\t\t\t\t\t<\/div>\n\t\t<\/div>\n\t\t\t\t\t<\/div>\n\t\t<\/section>\n\t\t\t\t<section class=\"elementor-section elementor-inner-section elementor-element elementor-element-4068c9b elementor-section-boxed elementor-section-height-default elementor-section-height-default\" data-id=\"4068c9b\" data-element_type=\"section\" data-e-type=\"section\">\n\t\t\t\t\t\t<div class=\"elementor-container elementor-column-gap-default\">\n\t\t\t\t\t<div class=\"elementor-column elementor-col-100 elementor-inner-column elementor-element elementor-element-412958b\" data-id=\"412958b\" data-element_type=\"column\" data-e-type=\"column\">\n\t\t\t<div class=\"elementor-widget-wrap elementor-element-populated\">\n\t\t\t\t\t\t<div class=\"elementor-element elementor-element-86dd7d0 elementor-widget elementor-widget-heading\" data-id=\"86dd7d0\" data-element_type=\"widget\" data-e-type=\"widget\" data-widget_type=\"heading.default\">\n\t\t\t\t<div class=\"elementor-widget-container\">\n\t\t\t\t\t<h2 class=\"elementor-heading-title elementor-size-default\">7. DATE D'ENTR\u00c9E EN VIGUEUR<\/h2>\t\t\t\t<\/div>\n\t\t\t\t<\/div>\n\t\t\t\t<div class=\"elementor-element elementor-element-55b3dcf elementor-widget elementor-widget-text-editor\" data-id=\"55b3dcf\" data-element_type=\"widget\" data-e-type=\"widget\" data-widget_type=\"text-editor.default\">\n\t\t\t\t<div class=\"elementor-widget-container\">\n\t\t\t\t\t\t\t\t\t<p>Le document contraignant, la Politique de Cookies, a \u00e9t\u00e9 r\u00e9vis\u00e9 \u00e0 la date indiqu\u00e9e ci-dessous, rendant obsol\u00e8te et inapplicable toute version ant\u00e9rieure \u00e0 cette date.<\/p>\n\t\t\t\t\t\t\t\t<\/div>\n\t\t\t\t<\/div>\n\t\t\t\t\t<\/div>\n\t\t<\/div>\n\t\t\t\t\t<\/div>\n\t\t<\/section>\n\t\t\t\t<div class=\"elementor-element elementor-element-11b3392 elementor-widget elementor-widget-text-editor\" data-id=\"11b3392\" data-element_type=\"widget\" data-e-type=\"widget\" data-widget_type=\"text-editor.default\">\n\t\t\t\t<div class=\"elementor-widget-container\">\n\t\t\t\t\t\t\t\t\t<p><em>LaserBoost\u2122, rev. 10\/01\/2017.<\/em><\/p>\n<p><em>\u200bLaserBoost.com\u2122. Tous Droits R\u00e9serv\u00e9s.<\/em><\/p>\n\t\t\t\t\t\t\t\t<\/div>\n\t\t\t\t<\/div>\n\t\t\t\t\t<\/div>\n\t\t<\/div>\n\t\t\t\t\t<\/div>\n\t\t<\/section>\n\t\t\t\t<\/div>\n\t\t","protected":false},"excerpt":{"rendered":"<p>Comment nous traitons cette information importante, qui nous permettra de mieux nous comprendre \u00e0 l\u2019avenir. 1. UTILISATION DES COOKIES Le site web www.LaserBoost.com, d\u00e9tenu par LaserBoost, utilise des cookies. Les cookies sont des fichiers qui sont t\u00e9l\u00e9charg\u00e9s sur votre ordinateur lorsque vous acc\u00e9dez \u00e0 certaines pages web. Les cookies permettent \u00e0 une page web, entre [&hellip;]<\/p>\n","protected":false},"author":6,"featured_media":0,"parent":0,"menu_order":0,"comment_status":"closed","ping_status":"closed","template":"","meta":{"_acf_changed":false,"footnotes":""},"class_list":["post-20065","page","type-page","status-publish","hentry"],"acf":[],"_links":{"self":[{"href":"https:\/\/www.laserboost.com\/fr\/wp-json\/wp\/v2\/pages\/20065","targetHints":{"allow":["GET"]}}],"collection":[{"href":"https:\/\/www.laserboost.com\/fr\/wp-json\/wp\/v2\/pages"}],"about":[{"href":"https:\/\/www.laserboost.com\/fr\/wp-json\/wp\/v2\/types\/page"}],"author":[{"embeddable":true,"href":"https:\/\/www.laserboost.com\/fr\/wp-json\/wp\/v2\/users\/6"}],"replies":[{"embeddable":true,"href":"https:\/\/www.laserboost.com\/fr\/wp-json\/wp\/v2\/comments?post=20065"}],"version-history":[{"count":0,"href":"https:\/\/www.laserboost.com\/fr\/wp-json\/wp\/v2\/pages\/20065\/revisions"}],"wp:attachment":[{"href":"https:\/\/www.laserboost.com\/fr\/wp-json\/wp\/v2\/media?parent=20065"}],"curies":[{"name":"wp","href":"https:\/\/api.w.org\/{rel}","templated":true}]}}