{"id":79950,"date":"2025-03-10T11:02:51","date_gmt":"2025-03-10T11:02:51","guid":{"rendered":"https:\/\/www.laserboost.com\/reclamations\/"},"modified":"2025-06-20T11:09:23","modified_gmt":"2025-06-20T11:09:23","slug":"reclamations","status":"publish","type":"page","link":"https:\/\/www.laserboost.com\/fr\/reclamations\/","title":{"rendered":"R\u00e9clamations"},"content":{"rendered":"\t\t<div data-elementor-type=\"wp-page\" data-elementor-id=\"79950\" class=\"elementor elementor-79950 elementor-79270\" data-elementor-post-type=\"page\">\n\t\t\t\t\t\t<section class=\"elementor-section elementor-top-section elementor-element elementor-element-4f12077 elementor-section-boxed elementor-section-height-default elementor-section-height-default\" data-id=\"4f12077\" data-element_type=\"section\" data-e-type=\"section\" data-settings=\"{&quot;background_background&quot;:&quot;classic&quot;}\">\n\t\t\t\t\t\t<div class=\"elementor-container elementor-column-gap-default\">\n\t\t\t\t\t<div class=\"elementor-column elementor-col-100 elementor-top-column elementor-element elementor-element-0229ef9\" data-id=\"0229ef9\" data-element_type=\"column\" data-e-type=\"column\">\n\t\t\t<div class=\"elementor-widget-wrap elementor-element-populated\">\n\t\t\t\t\t\t<div class=\"elementor-element elementor-element-e74b1f5 elementor-widget elementor-widget-heading\" data-id=\"e74b1f5\" data-element_type=\"widget\" data-e-type=\"widget\" data-widget_type=\"heading.default\">\n\t\t\t\t<div class=\"elementor-widget-container\">\n\t\t\t\t\t<h1 class=\"elementor-heading-title elementor-size-default\">Formulaire de r\u00e9clamation<\/h1>\t\t\t\t<\/div>\n\t\t\t\t<\/div>\n\t\t\t\t<div class=\"elementor-element elementor-element-4cf5ec2 elementor-widget elementor-widget-text-editor\" data-id=\"4cf5ec2\" data-element_type=\"widget\" data-e-type=\"widget\" data-widget_type=\"text-editor.default\">\n\t\t\t\t<div class=\"elementor-widget-container\">\n\t\t\t\t\t\t\t\t\t<p>S&rsquo;il y a un probl\u00e8me, nous le r\u00e9soudrons ensemble.<\/p>\n\t\t\t\t\t\t\t\t<\/div>\n\t\t\t\t<\/div>\n\t\t\t\t\t<\/div>\n\t\t<\/div>\n\t\t\t\t\t<\/div>\n\t\t<\/section>\n\t\t<div class=\"elementor-element elementor-element-53286ab e-flex e-con-boxed e-con e-parent\" data-id=\"53286ab\" data-element_type=\"container\" data-e-type=\"container\">\n\t\t\t\t\t<div class=\"e-con-inner\">\n\t\t<div class=\"elementor-element elementor-element-5612843 e-con-full e-flex e-con e-child\" data-id=\"5612843\" data-element_type=\"container\" data-e-type=\"container\" data-settings=\"{&quot;background_background&quot;:&quot;gradient&quot;}\">\n\t\t\t\t<div class=\"elementor-element elementor-element-32d40bb elementor-widget elementor-widget-text-editor\" data-id=\"32d40bb\" data-element_type=\"widget\" data-e-type=\"widget\" data-widget_type=\"text-editor.default\">\n\t\t\t\t<div class=\"elementor-widget-container\">\n\t\t\t\t\t\t\t\t\t<p style=\"text-align: left; padding-left: 120px;\"><span style=\"color: #4181ee;\">Avant de soumettre votre r\u00e9clamation, il est essentiel que vous suiviez ces directives<\/span><\/p>\n\t\t\t\t\t\t\t\t<\/div>\n\t\t\t\t<\/div>\n\t\t\t\t<div class=\"elementor-element elementor-element-7a687a0 elementor-widget elementor-widget-text-editor\" data-id=\"7a687a0\" data-element_type=\"widget\" data-e-type=\"widget\" data-widget_type=\"text-editor.default\">\n\t\t\t\t<div class=\"elementor-widget-container\">\n\t\t\t\t\t\t\t\t\t<p style=\"padding-left: 120px;\" data-start=\"179\" data-end=\"919\"><span style=\"color: #333333;\">\u2022 Fournissez des informations claires, pr\u00e9cises et v\u00e9ridiques concernant le probl\u00e8me.<\/span><br data-start=\"247\" data-end=\"250\" \/><span style=\"color: #333333;\">\u2022 Joignez des photographies de bonne qualit\u00e9. Si la r\u00e9clamation concerne des dimensions, utilisez des instruments de mesure reconnus tels qu\u2019un m\u00e8tre ruban ou un pied \u00e0 coulisse. <\/span><br data-start=\"389\" data-end=\"392\" \/><span style=\"color: #333333;\">\u2022 En cas de dommages visibles sur le colis, incluez des photos de l\u2019emballage avant et apr\u00e8s ouverture, et signalez sur le bon de livraison que le colis a \u00e9t\u00e9 re\u00e7u endommag\u00e9.<\/span><br data-start=\"590\" data-end=\"593\" \/><span style=\"color: #333333;\">\u2022 Si vous constatez un d\u00e9faut, ne manipulez ni n\u2019installez les pi\u00e8ces dans votre application finale avant que nous ayons \u00e9valu\u00e9 l\u2019incident.<\/span><br data-start=\"713\" data-end=\"716\" \/><span style=\"color: #333333;\">\u2022 Les r\u00e9clamations sont uniquement trait\u00e9es via ce formulaire. Aucune r\u00e9clamation ne sera prise en compte par e-mail, t\u00e9l\u00e9phone ou via les r\u00e9seaux sociaux. <\/span><br data-start=\"824\" data-end=\"827\" \/><span style=\"color: #333333;\">\u2022 Vous disposez de 30 jours calendaires pour signaler les probl\u00e8mes de qualit\u00e9, de 2 jours ouvrables pour r\u00e9clamer le montant d\u2019une livraison express non respect\u00e9e, et de 24 heures pour signaler tout dommage ou perte durant le transport. Les r\u00e9clamations effectu\u00e9es hors d\u00e9lai ne seront pas accept\u00e9es. Veuillez d\u00e9crire l\u2019incident en d\u00e9tail afin de recevoir une r\u00e9ponse sous un d\u00e9lai maximum de 3 jours ouvrables.<\/span><\/p>\t\t\t\t\t\t\t\t<\/div>\n\t\t\t\t<\/div>\n\t\t\t\t<\/div>\n\t\t\t\t\t<\/div>\n\t\t\t\t<\/div>\n\t\t\t\t<section class=\"elementor-section elementor-top-section elementor-element elementor-element-37ed335f elementor-section-boxed elementor-section-height-default elementor-section-height-default\" data-id=\"37ed335f\" data-element_type=\"section\" data-e-type=\"section\" data-settings=\"{&quot;background_background&quot;:&quot;classic&quot;}\">\n\t\t\t\t\t\t<div class=\"elementor-container elementor-column-gap-default\">\n\t\t\t\t\t<div class=\"elementor-column elementor-col-33 elementor-top-column elementor-element elementor-element-15e03757\" data-id=\"15e03757\" data-element_type=\"column\" data-e-type=\"column\">\n\t\t\t<div class=\"elementor-widget-wrap\">\n\t\t\t\t\t\t\t<\/div>\n\t\t<\/div>\n\t\t\t\t<div class=\"elementor-column elementor-col-33 elementor-top-column elementor-element elementor-element-3324cd40\" data-id=\"3324cd40\" data-element_type=\"column\" data-e-type=\"column\" data-settings=\"{&quot;background_background&quot;:&quot;classic&quot;}\">\n\t\t\t<div class=\"elementor-widget-wrap elementor-element-populated\">\n\t\t\t\t\t\t<div class=\"elementor-element elementor-element-6d7c594 elementor-widget elementor-widget-html\" data-id=\"6d7c594\" data-element_type=\"widget\" data-e-type=\"widget\" data-widget_type=\"html.default\">\n\t\t\t\t<div class=\"elementor-widget-container\">\n\t\t\t\t\t\n<div class=\"wpcf7 no-js\" id=\"wpcf7-f79947-o1\" lang=\"en-US\" dir=\"ltr\" data-wpcf7-id=\"79947\">\n<div class=\"screen-reader-response\"><p role=\"status\" aria-live=\"polite\" aria-atomic=\"true\"><\/p> <ul><\/ul><\/div>\n<form action=\"\/fr\/wp-json\/wp\/v2\/pages\/79950#wpcf7-f79947-o1\" method=\"post\" class=\"wpcf7-form init\" aria-label=\"Contact form\" novalidate=\"novalidate\" data-status=\"init\">\n<fieldset class=\"hidden-fields-container\"><input type=\"hidden\" name=\"_wpcf7\" value=\"79947\" \/><input type=\"hidden\" name=\"_wpcf7_version\" value=\"6.1.5\" \/><input type=\"hidden\" name=\"_wpcf7_locale\" value=\"en_US\" \/><input type=\"hidden\" name=\"_wpcf7_unit_tag\" value=\"wpcf7-f79947-o1\" \/><input type=\"hidden\" name=\"_wpcf7_container_post\" value=\"0\" \/><input type=\"hidden\" name=\"_wpcf7_posted_data_hash\" value=\"\" \/><input type=\"hidden\" name=\"_wpcf7cf_hidden_group_fields\" value=\"[]\" \/><input type=\"hidden\" name=\"_wpcf7cf_hidden_groups\" value=\"[]\" \/><input type=\"hidden\" name=\"_wpcf7cf_visible_groups\" value=\"[]\" \/><input type=\"hidden\" name=\"_wpcf7cf_repeaters\" value=\"[]\" \/><input type=\"hidden\" name=\"_wpcf7cf_steps\" value=\"{}\" \/><input type=\"hidden\" name=\"_wpcf7cf_options\" value=\"{&quot;form_id&quot;:79947,&quot;conditions&quot;:[{&quot;then_field&quot;:&quot;-1&quot;,&quot;and_rules&quot;:[{&quot;if_field&quot;:&quot;-1&quot;,&quot;operator&quot;:&quot;equals&quot;,&quot;if_value&quot;:&quot;Orders (status, cancelations, modifications...)&quot;}]},{&quot;then_field&quot;:&quot;-1&quot;,&quot;and_rules&quot;:[{&quot;if_field&quot;:&quot;-1&quot;,&quot;operator&quot;:&quot;equals&quot;,&quot;if_value&quot;:&quot;Shipments&quot;}]}],&quot;settings&quot;:{&quot;animation&quot;:&quot;yes&quot;,&quot;animation_intime&quot;:200,&quot;animation_outtime&quot;:200,&quot;conditions_ui&quot;:&quot;normal&quot;,&quot;notice_dismissed&quot;:false,&quot;notice_dismissed_rollback-cf7-5.8.3&quot;:true,&quot;notice_dismissed_rollback-cf7-5.8.5&quot;:true,&quot;notice_dismissed_rollback-cf7-5.9.2&quot;:true,&quot;notice_dismissed_rollback-cf7-5.9.5&quot;:true}}\" \/><input type=\"hidden\" name=\"_wpcf7_recaptcha_response\" value=\"\" \/>\n<\/fieldset>\n<h2> Vos Donn\u00e9es\n<\/h2>\n<p><label> Nom <span class='subp'> (doit \u00eatre le m\u00eame que sur la commande originale) <\/span> <\/label><br \/>\n<span class=\"wpcf7-form-control-wrap\" data-name=\"nombre\"><input size=\"40\" maxlength=\"400\" class=\"wpcf7-form-control wpcf7-text wpcf7-validates-as-required\" aria-required=\"true\" aria-invalid=\"false\" value=\"\" type=\"text\" name=\"nombre\" \/><\/span>\n<\/p>\n<p><label> T\u00e9l\u00e9phone <span class='subp'> (doit \u00eatre le m\u00eame que sur la commande originale) <\/span> <\/label><br \/>\n<span class=\"wpcf7-form-control-wrap\" data-name=\"phone\"><input size=\"40\" maxlength=\"400\" class=\"wpcf7-form-control wpcf7-text wpcf7-validates-as-required\" aria-required=\"true\" aria-invalid=\"false\" value=\"\" type=\"text\" name=\"phone\" \/><\/span>\n<\/p>\n<p><label> E-Mail <span class='subp'> (doit \u00eatre le m\u00eame que sur la commande originale) <\/span> <\/label><br \/>\n<span class=\"wpcf7-form-control-wrap\" data-name=\"email\"><input size=\"40\" maxlength=\"400\" class=\"wpcf7-form-control wpcf7-text wpcf7-validates-as-required\" aria-required=\"true\" aria-invalid=\"false\" value=\"\" type=\"text\" name=\"email\" \/><\/span>\n<\/p>\n<h2> Parlez-nous de votre cas\n<\/h2>\n<p><label> Num\u00e9ro de commande: <\/label><br \/>\n<span class=\"wpcf7-form-control-wrap\" data-name=\"ORDER\"><input size=\"40\" maxlength=\"400\" class=\"wpcf7-form-control wpcf7-text wpcf7-validates-as-required\" aria-required=\"true\" aria-invalid=\"false\" placeholder=\"LB00000\" value=\"\" type=\"text\" name=\"ORDER\" \/><\/span>\n<\/p>\n<p><label> Articles affect\u00e9s et quantit\u00e9 <\/label><br \/>\n<span class=\"wpcf7-form-control-wrap\" data-name=\"textarea-985\"><textarea cols=\"40\" rows=\"10\" maxlength=\"2000\" class=\"wpcf7-form-control wpcf7-textarea wpcf7-validates-as-required\" aria-required=\"true\" aria-invalid=\"false\" placeholder=\"Lateral_Part.dxf - 3 unit\u00e9s, Adjustment_Washer.step - 1 unit\u00e9\" name=\"textarea-985\"><\/textarea><\/span>\n<\/p>\n<p><label> Rapport de probl\u00e8me <\/label><br \/>\n<span class=\"wpcf7-form-control-wrap\" data-name=\"textarea-986\"><textarea cols=\"40\" rows=\"10\" maxlength=\"2000\" class=\"wpcf7-form-control wpcf7-textarea wpcf7-validates-as-required\" aria-required=\"true\" aria-invalid=\"false\" placeholder=\"D\u00e9crivez en d\u00e9tail le probl\u00e8me d\u00e9tect\u00e9 : ce qui s&#039;est pass\u00e9, quelle partie de la marchandise est concern\u00e9e et comment vous l&#039;avez identifi\u00e9.\" name=\"textarea-986\"><\/textarea><\/span>\n<\/p>\n<p><label> Joignez des photos des pi\u00e8ces, de l\u2019emballage, des mesures ou des fichiers. <\/label><br \/>\n<span class=\"wpcf7-form-control-wrap\" data-name=\"archivo\"><input size=\"40\" class=\"wpcf7-form-control wpcf7-drag-n-drop-file d-none\" aria-invalid=\"false\" type=\"file\" multiple=\"multiple\" data-name=\"archivo\" data-type=\"pdf|jpg|png|doc|docx|dxf|dwg|svg|ai|eps|step|stp|jpeg\" data-id=\"79947\" data-version=\"free version 1.3.9.7\" accept=\".pdf, .jpg, .png, .doc, .docx, .dxf, .dwg, .svg, .ai, .eps, .step, .stp, .jpeg\" \/><\/span>\n<\/p>\n<h2> Indiquez comment vous pr\u00e9f\u00e9rez r\u00e9soudre le probl\u00e8me\n<\/h2>\n<div class='container-radio'>\n\t<p><span class=\"wpcf7-form-control-wrap\" data-name=\"radio-986\"><span class=\"wpcf7-form-control wpcf7-radio\"><span class=\"wpcf7-list-item first last\"><label><input type=\"radio\" name=\"radio-986\" value=\"Je vais retravailler les pi\u00e8ces moi-m\u00eame.\" \/><span class=\"wpcf7-list-item-label\">Je vais retravailler les pi\u00e8ces moi-m\u00eame.<\/span><\/label><\/span><\/span><\/span>\n\t<\/p>\n\t<ul class='ul-radio'>\n\t\t<li>\n\t\t\t<p>LaserBoost examinera votre cas dans les 72 heures suivant la r\u00e9ception.\n\t\t\t<\/p>\n\t\t<\/li>\n\t\t<li>\n\t\t\t<p>Nous vous proposerons un ajustement de paiement pour compenser la r\u00e9solution du probl\u00e8me de votre c\u00f4t\u00e9.\n\t\t\t<\/p>\n\t\t<\/li>\n\t\t<li>\n\t\t\t<p>Sous r\u00e9serve de <a href=\"https:\/\/www.laserboost.com\/fr\/terms-conditions\/\"> conditions. <\/a>\n\t\t\t<\/p>\n\t\t<\/li>\n\t<\/ul>\n<\/div>\n<div class='container-radio'>\n\t<p><span class=\"wpcf7-form-control-wrap\" data-name=\"radio-986\"><span class=\"wpcf7-form-control wpcf7-radio\"><span class=\"wpcf7-list-item first last\"><label><input type=\"radio\" name=\"radio-986\" value=\"Je pr\u00e9f\u00e8re une nouvelle fabrication des pi\u00e8ces.\" \/><span class=\"wpcf7-list-item-label\">Je pr\u00e9f\u00e8re une nouvelle fabrication des pi\u00e8ces.<\/span><\/label><\/span><\/span><\/span>\n\t<\/p>\n\t<ul class='ul-radio'>\n\t\t<li style='list-style: none;'>\n\t\t\t<p><span class=\"wpcf7-form-control-wrap\" data-name=\"delivery\"><input size=\"40\" maxlength=\"400\" class=\"wpcf7-form-control wpcf7-text solution\" aria-invalid=\"false\" placeholder=\"Date de livraison pour la nouvelle production.\" value=\"\" type=\"text\" name=\"delivery\" \/><\/span>\n\t\t\t<\/p>\n\t\t<\/li>\n\t\t<li>\n\t\t\t<p>LaserBoost examinera votre cas dans les 72 heures suivant la r\u00e9ception.\n\t\t\t<\/p>\n\t\t<\/li>\n\t\t<li>\n\t\t\t<p>Nous vous informerons du nouveau d\u00e9lai de livraison pour la validation de votre r\u00e9clamation.\n\t\t\t<\/p>\n\t\t<\/li>\n\t\t<li>\n\t\t\t<p>Sous r\u00e9serve de <a href=\"https:\/\/www.laserboost.com\/fr\/terms-conditions\/\"> conditions. <\/a>\n\t\t\t<\/p>\n\t\t<\/li>\n\t<\/ul>\n<\/div>\n<div class='container-radio'>\n\t<p><span class=\"wpcf7-form-control-wrap\" data-name=\"radio-986\"><span class=\"wpcf7-form-control wpcf7-radio\"><span class=\"wpcf7-list-item first last\"><label><input type=\"radio\" name=\"radio-986\" value=\"J&#039;ai besoin d&#039;une autre solution.\" \/><span class=\"wpcf7-list-item-label\">J&#039;ai besoin d&#039;une autre solution.<\/span><\/label><\/span><\/span><\/span>\n\t<\/p>\n\t<ul class='ul-radio'>\n\t\t<li style='list-style: none;'>\n\t\t\t<p><span class=\"wpcf7-form-control-wrap\" data-name=\"solution\"><input size=\"40\" maxlength=\"400\" class=\"wpcf7-form-control wpcf7-text solution\" aria-invalid=\"false\" placeholder=\"Solution id\u00e9ale.\" value=\"\" type=\"text\" name=\"solution\" \/><\/span>\n\t\t\t<\/p>\n\t\t<\/li>\n\t\t<li>\n\t\t\t<p>LaserBoost examinera votre cas dans les 72 heures suivant la r\u00e9ception.\n\t\t\t<\/p>\n\t\t<\/li>\n\t\t<li>\n\t\t\t<p>Sous r\u00e9serve de <a href=\"https:\/\/www.laserboost.com\/fr\/terms-conditions\/\"> conditions. <\/a>\n\t\t\t<\/p>\n\t\t<\/li>\n\t<\/ul>\n<\/div>\n<div style='width: 100%; text-align:center;'>\n\t<p><span class=\"wpcf7-form-control-wrap\" data-name=\"acceptance-227\"><span class=\"wpcf7-form-control wpcf7-acceptance\"><span class=\"wpcf7-list-item\"><input type=\"checkbox\" name=\"acceptance-227\" value=\"1\" aria-invalid=\"false\" \/><\/span><\/span><\/span> Je suis d'accord avec le <a href=\"https:\/\/www.laserboost.com\/fr\/terms-conditions\/\">Termes de service et conditions<\/a>\n\t<\/p>\n<\/div>\n<div style='width: 100%; text-align: center;'>\n\t<p><input class=\"wpcf7-form-control wpcf7-submit has-spinner btt\" type=\"submit\" value=\"Soumettre le formulaire de r\u00e9clamation\" \/>\n\t<\/p>\n<\/div>\n<p style='font-size: 12px; text-align: center;'> Nous examinerons votre cas dans un d\u00e9lai maximum de 48 heures.<br \/>\nPour acc\u00e9l\u00e9rer le processus, nous priorisons les r\u00e9clamations soumises via ce formulaire par rapport aux appels, emails ou autres moyens.\n<\/p>\n<style>\n .subp { \n font-size: 10px;\n }\n\n h2 {\n font-size: 20px;\n color: #2071B5;\n }\n\n label {\n color: black;\n font-size: 17px;\n }\n\n .ul-radio {\n font-size: 13px;\n line-height: 5px;\n position: relative;\n left: 15px;\n }\n\n .container-radio {\n padding: 10px;\n }\n\n .container-radio.active {\n background-color: #f0f8ff; \/* Color de fondo cuando est\u00e1 activo *\/\n }\n\n .solution {\n width: 80%;\n }\n\n .btt{\n width: 60%;\n height: 70px;\n border-radius: 10px !important; \n background: #2071B5 !important;\n font-size: 25px !important;\n position: relative;\n left: 37px;\n }\n\n .btt:hover {\n background: #4B7EBD !important;\n }\n<\/style>\n<p><script>\n document.addEventListener(\"DOMContentLoaded\", function () {\n const containers = document.querySelectorAll(\".container-radio\");\n\n containers.forEach(container => {\n const radio = container.querySelector(\"input[type='radio']\");\n\n radio.addEventListener(\"change\", function () {\n \/\/ Removemos la clase 'active' de todos los containers\n containers.forEach(c => c.classList.remove(\"active\"));\n\n \/\/ Si este radio est\u00e1 seleccionado, activamos su contenedor\n if (radio.checked) {\n container.classList.add(\"active\");\n }\n });\n });\n });\n<\/script>\n<\/p><p style=\"display: none !important;\" class=\"akismet-fields-container\" data-prefix=\"_wpcf7_ak_\"><label>&#916;<textarea name=\"_wpcf7_ak_hp_textarea\" cols=\"45\" rows=\"8\" maxlength=\"100\"><\/textarea><\/label><input type=\"hidden\" id=\"ak_js_1\" name=\"_wpcf7_ak_js\" value=\"6\"\/><script>document.getElementById( \"ak_js_1\" ).setAttribute( \"value\", ( new Date() ).getTime() );<\/script><\/p><div class=\"wpcf7-response-output\" aria-hidden=\"true\"><\/div>\n<\/form>\n<\/div>\n\t\t\t\t<\/div>\n\t\t\t\t<\/div>\n\t\t\t\t\t<\/div>\n\t\t<\/div>\n\t\t\t\t<div class=\"elementor-column elementor-col-33 elementor-top-column elementor-element elementor-element-6ca9bab1\" data-id=\"6ca9bab1\" data-element_type=\"column\" data-e-type=\"column\">\n\t\t\t<div class=\"elementor-widget-wrap\">\n\t\t\t\t\t\t\t<\/div>\n\t\t<\/div>\n\t\t\t\t\t<\/div>\n\t\t<\/section>\n\t\t\t\t<\/div>\n\t\t","protected":false},"excerpt":{"rendered":"<p>Formulaire de r\u00e9clamation S&rsquo;il y a un probl\u00e8me, nous le r\u00e9soudrons ensemble. Avant de soumettre votre r\u00e9clamation, il est essentiel que vous suiviez ces directives \u2022 Fournissez des informations claires, pr\u00e9cises et v\u00e9ridiques concernant le probl\u00e8me.\u2022 Joignez des photographies de bonne qualit\u00e9. Si la r\u00e9clamation concerne des dimensions, utilisez des instruments de mesure reconnus tels [&hellip;]<\/p>\n","protected":false},"author":6,"featured_media":0,"parent":0,"menu_order":0,"comment_status":"closed","ping_status":"closed","template":"","meta":{"_acf_changed":false,"footnotes":""},"class_list":["post-79950","page","type-page","status-publish","hentry"],"acf":[],"_links":{"self":[{"href":"https:\/\/www.laserboost.com\/fr\/wp-json\/wp\/v2\/pages\/79950","targetHints":{"allow":["GET"]}}],"collection":[{"href":"https:\/\/www.laserboost.com\/fr\/wp-json\/wp\/v2\/pages"}],"about":[{"href":"https:\/\/www.laserboost.com\/fr\/wp-json\/wp\/v2\/types\/page"}],"author":[{"embeddable":true,"href":"https:\/\/www.laserboost.com\/fr\/wp-json\/wp\/v2\/users\/6"}],"replies":[{"embeddable":true,"href":"https:\/\/www.laserboost.com\/fr\/wp-json\/wp\/v2\/comments?post=79950"}],"version-history":[{"count":0,"href":"https:\/\/www.laserboost.com\/fr\/wp-json\/wp\/v2\/pages\/79950\/revisions"}],"wp:attachment":[{"href":"https:\/\/www.laserboost.com\/fr\/wp-json\/wp\/v2\/media?parent=79950"}],"curies":[{"name":"wp","href":"https:\/\/api.w.org\/{rel}","templated":true}]}}